{"id":16,"date":"2018-09-03T19:32:53","date_gmt":"2018-09-03T11:32:53","guid":{"rendered":"http:\/\/teesign77.de\/teeladen\/payment-methods\/"},"modified":"2023-02-25T15:32:21","modified_gmt":"2023-02-25T14:32:21","slug":"zahlung","status":"publish","type":"page","link":"https:\/\/www.teesign77.de\/teeladen\/zahlung\/","title":{"rendered":"Zahlungsarten"},"content":{"rendered":"<div class=\"page-title\">\n<h1><\/h1>\n<\/div>\n<div class=\"cms\">\n<p><strong>Sie k\u00f6nnen bei Teesign 77 zwischen den folgenden Zahlungsmethoden w\u00e4hlen:<\/strong><\/p>\n<p><strong>1.) Direkte Bank\u00fcberweisung<\/strong><br \/>\n\u00dcberweise direkt an unsere Bankverbindung. Bitte nutze die Bestellnummer als Verwendungszweck. Deine Bestellung wird erst nach Geldeingang auf unserem Konto versandt. Verwendungszweck: Bitte geben Sie die Bestellnummer ein<\/p>\n<p><strong>2.) Zahlung per PayPal:<\/strong><br \/>\nMit PayPal k\u00f6nnen Zahlungen im Internet sicher, schnell und kostenlos per Lastschrift, \u00dcberweisung, Kreditkarte oder von Ihrem PayPal-Guthaben durchgef\u00fchrt werden. Dabei sind die Zahlungen automatisch durch den PayPal-K\u00e4uferschutz bis 500 Euro gesch\u00fctzt. F\u00fcr die einfache Zahlungsabwicklung m\u00fcssen Sie sich unter <a href=\"http:\/\/www.paypal.de\/\" target=\"_blank\" rel=\"noopener noreferrer\">www.paypal.de<\/a> registrieren.<br \/>\nSie k\u00f6nnen unmittelbar nach Abschu\u00df der Bestellung Ihre PayPal-Zahlung anweisen. Wir stellen Ihnen hierf\u00fcr einen entsprechende Link zur Verf\u00fcgung.<br \/>\nDer Versand erfolgt erst nach Zahlungseingang auf unserem PayPal Konto. Die Buchung erfolgt bei PayPal Mitgliedern innerhalb weniger Sekunden.<\/p>\n<p>Die Ware bleibt bis zur vollst\u00e4ndigen Bezahlung Inhaber von Teesign 77.<\/p>\n<\/div>\n","protected":false},"excerpt":{"rendered":"<p>Sie k\u00f6nnen bei Teesign 77 zwischen den folgenden Zahlungsmethoden w\u00e4hlen: 1.) Direkte Bank\u00fcberweisung \u00dcberweise direkt an unsere Bankverbindung. Bitte nutze die Bestellnummer als Verwendungszweck. Deine Bestellung wird erst nach Geldeingang auf unserem Konto versandt. Verwendungszweck: Bitte geben Sie die Bestellnummer ein 2.) Zahlung per PayPal: Mit PayPal k\u00f6nnen Zahlungen im Internet sicher, schnell und kostenlos [&hellip;]<\/p>\n","protected":false},"author":1,"featured_media":0,"parent":0,"menu_order":0,"comment_status":"closed","ping_status":"closed","template":"","meta":{"footnotes":""},"class_list":["post-16","page","type-page","status-publish","hentry"],"_links":{"self":[{"href":"https:\/\/www.teesign77.de\/teeladen\/wp-json\/wp\/v2\/pages\/16","targetHints":{"allow":["GET"]}}],"collection":[{"href":"https:\/\/www.teesign77.de\/teeladen\/wp-json\/wp\/v2\/pages"}],"about":[{"href":"https:\/\/www.teesign77.de\/teeladen\/wp-json\/wp\/v2\/types\/page"}],"author":[{"embeddable":true,"href":"https:\/\/www.teesign77.de\/teeladen\/wp-json\/wp\/v2\/users\/1"}],"replies":[{"embeddable":true,"href":"https:\/\/www.teesign77.de\/teeladen\/wp-json\/wp\/v2\/comments?post=16"}],"version-history":[{"count":6,"href":"https:\/\/www.teesign77.de\/teeladen\/wp-json\/wp\/v2\/pages\/16\/revisions"}],"predecessor-version":[{"id":6795,"href":"https:\/\/www.teesign77.de\/teeladen\/wp-json\/wp\/v2\/pages\/16\/revisions\/6795"}],"wp:attachment":[{"href":"https:\/\/www.teesign77.de\/teeladen\/wp-json\/wp\/v2\/media?parent=16"}],"curies":[{"name":"wp","href":"https:\/\/api.w.org\/{rel}","templated":true}]}}