{"id":386,"date":"2018-09-08T17:25:10","date_gmt":"2018-09-08T15:25:10","guid":{"rendered":"http:\/\/teesign77.de\/teeladen\/?page_id=386"},"modified":"2020-12-04T18:09:45","modified_gmt":"2020-12-04T17:09:45","slug":"agb","status":"publish","type":"page","link":"https:\/\/www.teesign77.de\/teeladen\/agb\/","title":{"rendered":"Allgemeine Gesch\u00e4ftsbedingungen"},"content":{"rendered":"<h3 id=\"agb_1\">\u00a71 Geltungsbereich und Anbieter<\/h3>\n<p>Diese Allgemeinen Gesch\u00e4ftsbedingungen gelten f\u00fcr alle Bestellungen, die Privatpersonen \u00fcber den Online-Shop der<\/p>\n<p><strong>Teesign 77<br \/>\nHauptstr. 77<br \/>\n12159 Berlin<br \/>\nE-Mail Adresse:<a href=\"info@teesign77.de\"> info@teesign77.de<\/a> <\/strong><\/p>\n<h3 id=\"agb_2\">\u00a7 2 Vertragsschluss<\/h3>\n<p>\u00a7 2.1 Die Produktdarstellungen im Online-Shop dienen zur Abgabe eines Kaufangebotes. Mit Anklicken des Buttons &#8222;Kaufen&#8220; geben Sie ein verbindliches Kaufangebot ab. Der Verkauf unserer Produkte erfolgt nur f\u00fcr den privaten Gebrauch in haushalts\u00fcblichen Mengen.<\/p>\n<p>\u00a7 2.2 Wir k\u00f6nnen Ihre Bestellung durch Versand einer Auftragsbest\u00e4tigung per E-Mail oder durch Auslieferung der Ware innerhalb von f\u00fcnf Tagen annehmen. Die Best\u00e4tigung des Zugangs der Bestellung stellt noch keine Annahme des Kaufangebotes dar.<\/p>\n<p>\u00a7 2.3 Sollte unsere Auftragsbest\u00e4tigung Schreib- oder Druckfehler enthalten oder sollten unserer Preisfestlegung technisch bedingte \u00dcbermittlungsfehler zu Grunde liegen, so sind wir zur Anfechtung berechtigt, wobei wir Ihnen unseren Irrtum beweisen m\u00fcssen. Bereits erfolgte Zahlungen werden Ihnen unverz\u00fcglich erstattet.<\/p>\n<h3 id=\"agb_3\">\u00a7 3 Preise<\/h3>\n<p>Die auf den Produktseiten genannten Preise enthalten die gesetzliche Mehrwertsteuer und sonstige Preisbestandteile und verstehen sich zzgl. Porto.<\/p>\n<h3 id=\"agb_4\">\u00a7 4 Versandkosten<\/h3>\n<p>\u00a7 4.1 F\u00fcr die Lieferung innerhalb Deutschlands berechnen wir pauschal 3,60\u00a0 EUR pro Bestellung. Ab einem Bestellwert von 30,&#8211; EUR liefern wir innerhalb Deutschlands versandkostenfrei.<\/p>\n<h3 id=\"agb_5\">\u00a7 5 Lieferbedingungen und Selbstbelieferungsvorbehalt<\/h3>\n<p>\u00a7 5.1 Die Lieferung erfolgt nur innerhalb Deutschlands mit DHL.<\/p>\n<p>\u00a7 5.2 Die Lieferzeit betr\u00e4gt 1-3 Tage.<\/p>\n<p>\u00a7 5.3 Sollten nicht alle bestellten Produkte vorr\u00e4tig sein, sind wir zu Teillieferungen auf unsere Kosten berechtigt, soweit dies f\u00fcr Sie zumutbar ist.<\/p>\n<p>\u00a7 5.4 Sollte die Zustellung der Ware trotz dreimaligem Auslieferversuchs scheitern, k\u00f6nnen wir vom Vertrag zur\u00fccktreten. Ggf. geleistete Zahlungen werden Ihnen unverz\u00fcglich erstattet.<\/p>\n<p>\u00a7 5.5 Wenn das bestellte Produkt nicht verf\u00fcgbar ist, weil wir mit diesem Produkt von unseren Lieferanten ohne eigenes Verschulden nicht beliefert werden, k\u00f6nnen wir vom Vertrag zur\u00fccktreten. In diesem Fall werden wir Sie unverz\u00fcglich informieren und Ihnen ggf. die Lieferung eines vergleichbaren Produktes vorschlagen. Wenn kein vergleichbares Produkt verf\u00fcgbar ist oder Sie keine Lieferung eines vergleichbaren Produktes w\u00fcnschen, werden wir Ihnen ggf. bereits erbrachte Gegenleistungen unverz\u00fcglich erstatten.<\/p>\n<h3 id=\"agb_6\">\u00a7 6 Zahlungsbedingungen<\/h3>\n<p>In unserem Shop stehen Ihnen grunds\u00e4tzlich die folgenden Zahlungsarten zur Verf\u00fcgung:<\/p>\n<p>\u00a7 6.1 Direkte Bank\u00fcberweisung<br \/>\n\u00dcberweise direkt an unsere Bankverbindung. Bitte nutze die Bestellnummer als Verwendungszweck. Deine Bestellung wird erst nach Geldeingang auf unserem Konto versandt. Verwendungszweck: Bitte geben Sie die Bestellnummer ein<\/p>\n<p>\u00a7 6.2 PayPal<br \/>\nIm Bestellprozess werden Sie auf die Webseite des Online-Anbieters PayPal weitergeleitet. Um den Rechnungsbetrag \u00fcber PayPal bezahlen zu k\u00f6nnen, m\u00fcssen Sie dort registriert sein bzw. sich erst registrieren, mit Ihren Zugangsdaten legitimieren und die Zahlungsanweisung an uns best\u00e4tigen. Nach Abgabe der Bestellung im Shop fordern wir PayPal zur Einleitung der Zahlungstransaktion auf.<br \/>\nDie Zahlungstransaktion wird durch PayPal unmittelbar danach automatisch durchgef\u00fchrt. Weitere Hinweise erhalten Sie beim Bestellvorgang.<\/p>\n<h3 id=\"agb_7\">\u00a7 7 Eigentumsvorbehalt<\/h3>\n<p>Die Ware bleibt bis zur vollst\u00e4ndigen Zahlung unser Eigentum. Vor \u00dcbergang des Eigentums ist eine Verpf\u00e4ndung, Sicherungs\u00fcbereignung, Verarbeitung oder Umgestaltung ohne unsere Zustimmung nicht gestattet.<\/p>\n<h3 id=\"agb_8\">\u00a7 8 Widerrufsrecht<\/h3>\n<p>*********************************<\/p>\n<div class=\"entry-content\">\n<p>Sie haben das Recht, binnen vierzehn Tagen ohne Angabe von Gr\u00fcnden diesen Vertrag zu widerrufen. Die Widerrufsfrist betr\u00e4gt vierzehn Tage ab dem Tag, an dem Sie oder ein von Ihnen benannter Dritter, der nicht der Bef\u00f6rderer ist, die Waren in Besitz genommen haben bzw. hat. Um Ihr Widerrufsrecht auszu\u00fcben, m\u00fcssen Sie uns<\/p>\n<p>Teesign 77<br \/>\nHauptstr.77<br \/>\n12159 Berlin<\/p>\n<p>Fon: 030 \u2013 21 75 93 25<br \/>\nMail:\u00a0<a href=\"mailto:info@teesign77.de\">info@teesign77.de<\/a><\/p>\n<p>mittels einer eindeutigen Erkl\u00e4rung (z. B. ein mit der Post versandter Brief, Telefax oder E-Mail) \u00fcber Ihren Entschluss, diesen Vertrag zu widerrufen, informieren. Sie k\u00f6nnen das Muster-Widerrufsformular oder eine andere eindeutige Erkl\u00e4rung auch auf unserer Webseite daunter.<br \/>\nherunterladen und \u00fcbermitteln. Machen Sie von dieser M\u00f6glichkeit Gebrauch, so werden wir Ihnen unverz\u00fcglich (z. B. per E-Mail) eine Best\u00e4tigung \u00fcber den Eingang eines solchen Widerrufs \u00fcbermitteln. Zur Wahrung der Widerrufsfrist reicht es aus, dass Sie die Mitteilung \u00fcber die Aus\u00fcbung des Widerrufsrechts vor Ablauf der Widerrufsfrist absenden.<\/p>\n<h4 class=\"cjk\">Folgen des Widerrufsfolgen<\/h4>\n<p>Wenn Sie diesen Vertrag widerrufen, haben wir Ihnen alle Zahlungen, die wir von Ihnen erhalten haben, einschlie\u00dflich der Lieferkosten (mit Ausnahme der zus\u00e4tzlichen Kosten, die sich daraus ergeben, dass Sie eine andere Art der Lieferung als die von uns angebotene, g\u00fcnstigste Standardlieferung gew\u00e4hlt haben), unverz\u00fcglich und sp\u00e4testens binnen vierzehn Tagen ab dem Tag zur\u00fcckzuzahlen, an dem die Mitteilung \u00fcber Ihren Widerruf dieses Vertrags bei uns eingegangen ist. F\u00fcr diese R\u00fcckzahlung verwenden wir dasselbe Zahlungsmittel, das Sie bei der urspr\u00fcnglichen Transaktion eingesetzt haben, es sei denn, mit Ihnen wurde ausdr\u00fccklich etwas anderes vereinbart; in keinem Fall werden Ihnen wegen dieser R\u00fcckzahlung Entgelte berechnet. Wir k\u00f6nnen die R\u00fcckzahlung verweigern, bis wir die Waren wieder zur\u00fcckerhalten haben oder bis Sie den Nachweis erbracht haben, dass Sie die Waren zur\u00fcckgesandt haben, je nachdem, welches der fr\u00fchere Zeitpunkt ist.<\/p>\n<p>Sie haben die Waren unverz\u00fcglich und in jedem Fall sp\u00e4testens binnen vierzehn Tagen ab dem Tag, an dem Sie uns \u00fcber den Widerruf dieses Vertrags unterrichten, an uns zur\u00fcckzusenden oder zu \u00fcbergeben. Die Frist ist gewahrt, wenn Sie die Waren vor Ablauf der Frist von vierzehn Tagen absenden. Wir tragen die unmittelbaren Kosten der R\u00fccksendung der Waren. Sie m\u00fcssen f\u00fcr einen etwaigen Wertverlust der Waren nur aufkommen, wenn dieser Wertverlust auf einen zur Pr\u00fcfung der Beschaffenheit, Eigenschaften und Funktionsweise der Waren nicht notwendigen Umgang mit ihnen zur\u00fcckzuf\u00fchren ist.<\/p>\n<p>*********************************<\/p>\n<h3 id=\"agb_9\">\u00a7 9 Transportsch\u00e4den<\/h3>\n<p>\u00a7 9.1 Werden Waren mit offensichtlichen Transportsch\u00e4den angeliefert, so reklamieren Sie solche Fehler bitte sofort bei dem Zusteller, und nehmen Sie bitte schnellstm\u00f6glich Kontakt zu uns auf (030 &#8211; 21 75 93 25).<\/p>\n<p>\u00a7 9.2 Die Vers\u00e4umung einer Reklamation oder Kontaktaufnahme hat f\u00fcr Ihre gesetzlichen Gew\u00e4hrleistungsrechte keinerlei Konsequenzen. Sie helfen uns aber, unsere eigenen Anspr\u00fcche gegen\u00fcber dem Frachtf\u00fchrer bzw. der Transportversicherung geltend machen zu k\u00f6nnen.<\/p>\n<h3 id=\"agb_10\">\u00a7 10 Gew\u00e4hrleistung<\/h3>\n<p>Die Gew\u00e4hrleistung erfolgt nach den gesetzlichen Bestimmungen.<\/p>\n<h3 id=\"agb_11\">\u00a7 11 Haftung<\/h3>\n<p>Wir schlie\u00dfen unsere Haftung f\u00fcr leicht fahrl\u00e4ssige Pflichtverletzungen aus, sofern diese keine vertragswesentlichen Pflichten, Sch\u00e4den aus der Verletzung des Lebens, des K\u00f6rpers oder der Gesundheit oder Garantien betreffen oder Anspr\u00fcche nach dem Produkthaftungsgesetz ber\u00fchrt sind. Gleiches gilt f\u00fcr Pflichtverletzungen unserer Erf\u00fcllungsgehilfen.<\/p>\n<h3 id=\"agb_12\">\u00a7 12 Schlussbestimmungen, Streitschlichtung<\/h3>\n<p>\u00a7 12.1 Sollte eine Bestimmung dieser Allgemeinen Gesch\u00e4ftsbedingungen unwirksam sein, so bleibt der Vertrag im \u00dcbrigen wirksam. Anstelle der unwirksamen Bestimmung gelten die einschl\u00e4gigen gesetzlichen Vorschriften.<\/p>\n<p>\u00a7 12.2 Es gilt deutsches Recht.<\/p>\n<p>\u00a7 12.3 Wir sind verpflichtet, Sie dar\u00fcber zu informieren, dass im Hinblick auf die sog. Online-Streitbeilegung seitens der Europ\u00e4ischen Kommission eine entsprechende Online-Plattform bereit gehalten wird. Diese Plattform k\u00f6nnen Sie unter folgendem Link abrufen: <a title=\"https:\/\/ec.europa.eu\/consumers\/odr\/\" href=\"https:\/\/ec.europa.eu\/consumers\/odr\/\" target=\"_blank\" rel=\"noopener noreferrer\">https:\/\/ec.europa.eu\/consumers\/odr\/ <\/a>In diesem Zusammenhang sind wir dar\u00fcber hinaus verpflichtet, Ihnen unsere E-Mail-Adresse mitzuteilen. Diese lautet: <strong><a href=\"info@teesign77.de\">info@teesign77.de<\/a><\/strong><\/p>\n<\/div>\n","protected":false},"excerpt":{"rendered":"<p>\u00a71 Geltungsbereich und Anbieter Diese Allgemeinen Gesch\u00e4ftsbedingungen gelten f\u00fcr alle Bestellungen, die Privatpersonen \u00fcber den Online-Shop der Teesign 77 Hauptstr. 77 12159 Berlin E-Mail Adresse: info@teesign77.de \u00a7 2 Vertragsschluss \u00a7 2.1 Die Produktdarstellungen im Online-Shop dienen zur Abgabe eines Kaufangebotes. Mit Anklicken des Buttons &#8222;Kaufen&#8220; geben Sie ein verbindliches Kaufangebot ab. Der Verkauf unserer Produkte [&hellip;]<\/p>\n","protected":false},"author":1,"featured_media":0,"parent":0,"menu_order":0,"comment_status":"closed","ping_status":"closed","template":"","meta":{"footnotes":""},"class_list":["post-386","page","type-page","status-publish","hentry"],"_links":{"self":[{"href":"https:\/\/www.teesign77.de\/teeladen\/wp-json\/wp\/v2\/pages\/386","targetHints":{"allow":["GET"]}}],"collection":[{"href":"https:\/\/www.teesign77.de\/teeladen\/wp-json\/wp\/v2\/pages"}],"about":[{"href":"https:\/\/www.teesign77.de\/teeladen\/wp-json\/wp\/v2\/types\/page"}],"author":[{"embeddable":true,"href":"https:\/\/www.teesign77.de\/teeladen\/wp-json\/wp\/v2\/users\/1"}],"replies":[{"embeddable":true,"href":"https:\/\/www.teesign77.de\/teeladen\/wp-json\/wp\/v2\/comments?post=386"}],"version-history":[{"count":6,"href":"https:\/\/www.teesign77.de\/teeladen\/wp-json\/wp\/v2\/pages\/386\/revisions"}],"predecessor-version":[{"id":6787,"href":"https:\/\/www.teesign77.de\/teeladen\/wp-json\/wp\/v2\/pages\/386\/revisions\/6787"}],"wp:attachment":[{"href":"https:\/\/www.teesign77.de\/teeladen\/wp-json\/wp\/v2\/media?parent=386"}],"curies":[{"name":"wp","href":"https:\/\/api.w.org\/{rel}","templated":true}]}}