{"id":419,"date":"2018-09-08T18:09:08","date_gmt":"2018-09-08T16:09:08","guid":{"rendered":"http:\/\/teesign77.de\/teeladen\/?page_id=419"},"modified":"2018-09-08T18:12:38","modified_gmt":"2018-09-08T16:12:38","slug":"sicherer-china-tee","status":"publish","type":"page","link":"https:\/\/www.teesign77.de\/teeladen\/sicherer-china-tee\/","title":{"rendered":"sicherer China Tee"},"content":{"rendered":"<p><a href=\"http:\/\/teesign77.de\/teeladen\/sicherer-china-Tee\/\"><img loading=\"lazy\" decoding=\"async\" class=\"aligncenter wp-image-420 size-full\" src=\"http:\/\/teesign77.de\/teeladen\/wp-content\/uploads\/2018\/09\/EU_logo.jpg\" alt=\"sicherer China Tee\" width=\"2500\" height=\"835\" srcset=\"https:\/\/www.teesign77.de\/teeladen\/wp-content\/uploads\/2018\/09\/EU_logo.jpg 2500w, https:\/\/www.teesign77.de\/teeladen\/wp-content\/uploads\/2018\/09\/EU_logo-300x100.jpg 300w, https:\/\/www.teesign77.de\/teeladen\/wp-content\/uploads\/2018\/09\/EU_logo-768x257.jpg 768w, https:\/\/www.teesign77.de\/teeladen\/wp-content\/uploads\/2018\/09\/EU_logo-1024x342.jpg 1024w, https:\/\/www.teesign77.de\/teeladen\/wp-content\/uploads\/2018\/09\/EU_logo-416x139.jpg 416w\" sizes=\"auto, (max-width: 2500px) 100vw, 2500px\" \/><\/a><\/p>\n<section class=\"inner-wrapper\">\n<div class=\"inhalt\">\n<aside class=\"left_teil\">F\u00fcr uns ist Qualit\u00e4t der Grundstein. F\u00fcr Sie k\u00f6nnen wir als eine reine Teehandelsfirma mit einem starken Fachwissen gute Produkte und einen guten Service anbieten.Erfahrene Einkaufer w\u00e4hlen jedes Jahr, trotz der schwierigen Erntezust\u00e4nde, die besten Qualit\u00e4tstees f\u00fcr Sie aus. Wir k\u00f6nnen Sie das ganze Jahr \u00fcber mit gleichbleibender Qualit\u00e4t beliefern.Alle unsere Produkte entsprechen der aktuellen deutshen Nahrungsmittelregelung.Teeg\u00e4rten und Teeanbaugebiete entsprechen vollst\u00e4ndig den Bestimmungen, sonst werden sie von uns ausgeschlossen.<\/p>\n<\/aside>\n<\/div>\n<div class=\"clear\"><\/div>\n<\/section>\n<footer>\n<div id=\"footer-inner\"><\/div>\n<\/footer>\n","protected":false},"excerpt":{"rendered":"<p>F\u00fcr uns ist Qualit\u00e4t der Grundstein. F\u00fcr Sie k\u00f6nnen wir als eine reine Teehandelsfirma mit einem starken Fachwissen gute Produkte und einen guten Service anbieten.Erfahrene Einkaufer w\u00e4hlen jedes Jahr, trotz der schwierigen Erntezust\u00e4nde, die besten Qualit\u00e4tstees f\u00fcr Sie aus. Wir k\u00f6nnen Sie das ganze Jahr \u00fcber mit gleichbleibender Qualit\u00e4t beliefern.Alle unsere Produkte entsprechen der aktuellen [&hellip;]<\/p>\n","protected":false},"author":1,"featured_media":0,"parent":0,"menu_order":0,"comment_status":"closed","ping_status":"closed","template":"","meta":{"footnotes":""},"class_list":["post-419","page","type-page","status-publish","hentry"],"_links":{"self":[{"href":"https:\/\/www.teesign77.de\/teeladen\/wp-json\/wp\/v2\/pages\/419","targetHints":{"allow":["GET"]}}],"collection":[{"href":"https:\/\/www.teesign77.de\/teeladen\/wp-json\/wp\/v2\/pages"}],"about":[{"href":"https:\/\/www.teesign77.de\/teeladen\/wp-json\/wp\/v2\/types\/page"}],"author":[{"embeddable":true,"href":"https:\/\/www.teesign77.de\/teeladen\/wp-json\/wp\/v2\/users\/1"}],"replies":[{"embeddable":true,"href":"https:\/\/www.teesign77.de\/teeladen\/wp-json\/wp\/v2\/comments?post=419"}],"version-history":[{"count":5,"href":"https:\/\/www.teesign77.de\/teeladen\/wp-json\/wp\/v2\/pages\/419\/revisions"}],"predecessor-version":[{"id":427,"href":"https:\/\/www.teesign77.de\/teeladen\/wp-json\/wp\/v2\/pages\/419\/revisions\/427"}],"wp:attachment":[{"href":"https:\/\/www.teesign77.de\/teeladen\/wp-json\/wp\/v2\/media?parent=419"}],"curies":[{"name":"wp","href":"https:\/\/api.w.org\/{rel}","templated":true}]}}