{"id":118,"date":"2018-09-04T21:10:23","date_gmt":"2018-09-04T19:10:23","guid":{"rendered":"http:\/\/teesign77.de\/teeladen\/?post_type=product&#038;p=118"},"modified":"2022-02-17T17:03:05","modified_gmt":"2022-02-17T16:03:05","slug":"schwarzer-tee-gongfu","status":"publish","type":"product","link":"https:\/\/www.teesign77.de\/teeladen\/produkt\/schwarzer-tee-gongfu\/","title":{"rendered":"Yunnan Gongfu schwarzer Tee 50-500 g"},"content":{"rendered":"<div style=\"color: #992200;\">\n<h1>Yunnan Kung Fu Tee<\/h1>\n<p>&nbsp;<\/p>\n<p>Dian Hong Gong Fu schwarzer TeeAus der s\u00fcdchinesischen Provinz Yunnan stammt dieser milde Tee mit unverwechselbarem Ausdruck. Traditionell gefertigtes Blatt mit weicher Tasse und dem typisch aromatischen Aroma. Ein Dianhong mit weniger goldenen Knospen und mehr dunklen Teebl\u00e4ttern. Es ist auf Augenh\u00f6he mit dem reinen Gold und kostet \u00e4hnlich, macht aber Tees mit leicht unterschiedlichen Eigenschaften. Das Gebr\u00e4u hat eine rote Farbe, die sich von anderen schwarzen Tees unterscheidet, und eine lebhafte S\u00fc\u00dfe, die nicht ganz so intensiv ist wie &#8222;reines Gold aus Yunnan&#8220;. Klassifiziert in Orang<\/p>\n<p>Dianhong Tee (chinesisch: Dian h\u00f3ng ch\u00e1; w\u00f6rtlich: &#8222;Yunnan roter Tee&#8220;;) ist eine Art von High-End-Gourmet-chinesischen Schwarztee manchmal in verschiedenen Tee-Mischungen verwendet und in der Provinz Yunnan, China angebaut. Der Hauptunterschied zwischen Dianhong und anderen chinesischen Schwarztees ist die Menge an feinen Blattknospen oder &#8222;goldenen Spitzen&#8220;, die im getrockneten Tee vorhanden sind. Dianhong Tees produzieren ein brew goldenes Orange mit einem s\u00fc\u00dfen, sanften Aroma und ohne Adstringenz. Billige Sorten von Dianhong produzieren ein dunkles br\u00e4unliches Gebr\u00e4u, das sehr bitter sein kann.<\/p>\n<p>Teesorte: schwarzer Tee<\/p>\n<p>Herkunft: China Region Yunnan<\/p>\n<p>Zubereitung: Gie\u00dfen Sie 1-2 geh\u00e4ufte Teel\u00f6ffel (2-3 g) mit ca.250 ml 90-95\u00b0C hei\u00dfem Wasser auf und lassen Sie den Tee 3-5 min. ziehen.<\/p>\n<p>&nbsp;<\/p>\n<\/div>\n","protected":false},"excerpt":{"rendered":"<p>Yunnan Kung Fu Tee &nbsp; Dian Hong Gong Fu schwarzer TeeAus der s\u00fcdchinesischen Provinz Yunnan stammt dieser milde Tee mit unverwechselbarem Ausdruck. Traditionell gefertigtes Blatt mit weicher Tasse und dem typisch aromatischen Aroma. Ein Dianhong mit weniger goldenen Knospen und mehr dunklen Teebl\u00e4ttern. Es ist auf Augenh\u00f6he mit dem reinen Gold und kostet \u00e4hnlich, macht [&hellip;]<\/p>\n","protected":false},"featured_media":6424,"comment_status":"open","ping_status":"closed","template":"","meta":[],"product_brand":[],"product_cat":[33],"product_tag":[66,67,65],"class_list":{"0":"post-118","1":"product","2":"type-product","3":"status-publish","4":"has-post-thumbnail","6":"product_cat-schwarz-tee","7":"product_tag-black-tea","8":"product_tag-dian-hong-klasse-3","9":"product_tag-schwarzer-tee","10":"product_shipping_class-teezubehoer","12":"first","13":"instock","14":"taxable","15":"shipping-taxable","16":"purchasable","17":"product-type-variable","18":"has-default-attributes"},"_links":{"self":[{"href":"https:\/\/www.teesign77.de\/teeladen\/wp-json\/wp\/v2\/product\/118","targetHints":{"allow":["GET"]}}],"collection":[{"href":"https:\/\/www.teesign77.de\/teeladen\/wp-json\/wp\/v2\/product"}],"about":[{"href":"https:\/\/www.teesign77.de\/teeladen\/wp-json\/wp\/v2\/types\/product"}],"replies":[{"embeddable":true,"href":"https:\/\/www.teesign77.de\/teeladen\/wp-json\/wp\/v2\/comments?post=118"}],"wp:featuredmedia":[{"embeddable":true,"href":"https:\/\/www.teesign77.de\/teeladen\/wp-json\/wp\/v2\/media\/6424"}],"wp:attachment":[{"href":"https:\/\/www.teesign77.de\/teeladen\/wp-json\/wp\/v2\/media?parent=118"}],"wp:term":[{"taxonomy":"product_brand","embeddable":true,"href":"https:\/\/www.teesign77.de\/teeladen\/wp-json\/wp\/v2\/product_brand?post=118"},{"taxonomy":"product_cat","embeddable":true,"href":"https:\/\/www.teesign77.de\/teeladen\/wp-json\/wp\/v2\/product_cat?post=118"},{"taxonomy":"product_tag","embeddable":true,"href":"https:\/\/www.teesign77.de\/teeladen\/wp-json\/wp\/v2\/product_tag?post=118"}],"curies":[{"name":"wp","href":"https:\/\/api.w.org\/{rel}","templated":true}]}}