{"id":124,"date":"2018-09-04T21:21:06","date_gmt":"2018-09-04T19:21:06","guid":{"rendered":"http:\/\/teesign77.de\/teeladen\/?post_type=product&#038;p=124"},"modified":"2022-02-17T15:16:35","modified_gmt":"2022-02-17T14:16:35","slug":"schwarzer-tee-dh1","status":"publish","type":"product","link":"https:\/\/www.teesign77.de\/teeladen\/produkt\/schwarzer-tee-dh1\/","title":{"rendered":"Gold Yunnan schwarzer Tee  50-500 g"},"content":{"rendered":"<div style=\"color: #992200;\">\n<p>Gold Yunnan (5% Gold Bud junge Sprosse)Bestes und traditionell gefertigtes Blatt mit weicher Tasse und dem typisch aromatischem Aroma.<\/p>\n<p>Aus der s\u00fcdchinesischen Provinz Yunnan stammt dieser milde Tee mit unverwechselbarem Ausdruck. Traditionell gefertigtes Blatt mit weicher Tasse und dem typisch aromatischen Aroma. Ein Dianhong mit weniger goldenen Knospen und mehr dunklen Teebl\u00e4ttern. Es ist auf Augenh\u00f6he mit dem reinen Gold und kostet \u00e4hnlich, macht aber Tees mit leicht unterschiedlichen Eigenschaften. Das Gebr\u00e4u hat eine rote Farbe, die sich von anderen schwarzen Tees unterscheidet, und eine lebhafte S\u00fc\u00dfe, die nicht ganz so intensiv ist wie \u201ereines Gold aus Yunnan\u201c. Klassifiziert in Orang.<\/p>\n<p>Dianhong Tee (chinesisch: Yunnan roter Tee) ist eine Art von High-End-Gourmet-chinesischen Schwarztee manchmal in verschiedenen Tee-Mischungen verwendet und in der Provinz Yunnan, China angebaut. Der Hauptunterschied zwischen Dianhong und anderen chinesischen Schwarztees ist die Menge an feinen Blattknospen oder \u201egoldenen Spitzen\u201c, die im getrockneten Tee vorhanden sind. Dianhong Tees produzieren ein brew goldenes Orange mit einem s\u00fc\u00dfen, sanften Aroma und ohne Adstringenz. Billige Sorten von Dianhong produzieren ein dunkles br\u00e4unliches Gebr\u00e4u, das sehr bitter sein kann. Das ist einer der bekanntesten Tees in China, aber au\u00dferhalb ist er noch weitgehend unbekannt. Dieser sch\u00f6ne Mix aus schwarzen und gelben Teespitzen, ist nicht nur eine Wohltat f\u00fcr die Augen. Yunnan Dian Hong Teebl\u00e4tter wachsen in \u00fcber 1000m H\u00f6he und in den kalten Temperaturen der Berge wachsen die Bl\u00e4tter langsamer und bekommen einen einzigartig intensiven Geschmack. Versinken und entdecken sie einen gelbgoldenen Aufguss von unsch\u00e4tzbarem Wert\u3002<\/p>\n<p>&nbsp;<\/p>\n<p>Teesorte: Schwarztee<\/p>\n<p>Herkunft: China Region Yunnan<\/p>\n<p>Zubereitung: Gie\u00dfen Sie 1-2 geh\u00e4ufte Teel\u00f6ffel (2-3 g) mit ca.250 ml 90-95\u00b0C hei\u00dfem Wasser auf und lassen Sie den Tee 3-5 min. ziehen.<\/p>\n<\/div>\n","protected":false},"excerpt":{"rendered":"<p>Gold Yunnan (5% Gold Bud junge Sprosse)Bestes und traditionell gefertigtes Blatt mit weicher Tasse und dem typisch aromatischem Aroma. Aus der s\u00fcdchinesischen Provinz Yunnan stammt dieser milde Tee mit unverwechselbarem Ausdruck. Traditionell gefertigtes Blatt mit weicher Tasse und dem typisch aromatischen Aroma. Ein Dianhong mit weniger goldenen Knospen und mehr dunklen Teebl\u00e4ttern. Es ist auf [&hellip;]<\/p>\n","protected":false},"featured_media":6383,"comment_status":"open","ping_status":"closed","template":"","meta":[],"product_brand":[],"product_cat":[33],"product_tag":[66,527,65,523],"class_list":{"0":"post-124","1":"product","2":"type-product","3":"status-publish","4":"has-post-thumbnail","6":"product_cat-schwarz-tee","7":"product_tag-black-tea","8":"product_tag-gold-yunnan","9":"product_tag-schwarzer-tee","10":"product_tag-schwarztee","11":"product_shipping_class-teezubehoer","13":"first","14":"instock","15":"taxable","16":"shipping-taxable","17":"purchasable","18":"product-type-variable","19":"has-default-attributes"},"_links":{"self":[{"href":"https:\/\/www.teesign77.de\/teeladen\/wp-json\/wp\/v2\/product\/124","targetHints":{"allow":["GET"]}}],"collection":[{"href":"https:\/\/www.teesign77.de\/teeladen\/wp-json\/wp\/v2\/product"}],"about":[{"href":"https:\/\/www.teesign77.de\/teeladen\/wp-json\/wp\/v2\/types\/product"}],"replies":[{"embeddable":true,"href":"https:\/\/www.teesign77.de\/teeladen\/wp-json\/wp\/v2\/comments?post=124"}],"wp:featuredmedia":[{"embeddable":true,"href":"https:\/\/www.teesign77.de\/teeladen\/wp-json\/wp\/v2\/media\/6383"}],"wp:attachment":[{"href":"https:\/\/www.teesign77.de\/teeladen\/wp-json\/wp\/v2\/media?parent=124"}],"wp:term":[{"taxonomy":"product_brand","embeddable":true,"href":"https:\/\/www.teesign77.de\/teeladen\/wp-json\/wp\/v2\/product_brand?post=124"},{"taxonomy":"product_cat","embeddable":true,"href":"https:\/\/www.teesign77.de\/teeladen\/wp-json\/wp\/v2\/product_cat?post=124"},{"taxonomy":"product_tag","embeddable":true,"href":"https:\/\/www.teesign77.de\/teeladen\/wp-json\/wp\/v2\/product_tag?post=124"}],"curies":[{"name":"wp","href":"https:\/\/api.w.org\/{rel}","templated":true}]}}