{"id":1323,"date":"2019-08-02T13:52:57","date_gmt":"2019-08-02T11:52:57","guid":{"rendered":"https:\/\/teesign77.de\/teeladen\/?post_type=product&#038;p=1323"},"modified":"2022-01-19T14:23:58","modified_gmt":"2022-01-19T13:23:58","slug":"lotos15","status":"publish","type":"product","link":"https:\/\/www.teesign77.de\/teeladen\/produkt\/lotos15\/","title":{"rendered":"Lotus Tusche chinesische Tusche Malerei chinese painting Wand Kunst Deko"},"content":{"rendered":"<p>Lotus Tusche chinesische Tusche Malerei chinese painting Wand Kunst Deko<\/p>\n<p>Bildgr\u00f6\u00dfe: 22.5 x 70 cm<br \/>\nTechnik: Tuschemalerei<br \/>\nFarbe: Schwarz und Wei\u00df<br \/>\nhandgemaltes Unikat<br \/>\nK\u00fcnstlerstempl und Unterschrift<br \/>\nHandgemaltes Original<br \/>\nUnikat dirkt vom K\u00fcnstler Tailai Zhang<\/p>\n<p>Malerei ist nicht verfilzt und ungerahmt<br \/>\nGem\u00e4lde ist signiert und gestempelt.<br \/>\nBilder k\u00f6nnen International versendet werden.<br \/>\nBitte kontaktieren Sie den Shop, wenn Sie irgendwelche Fragen haben!<\/p>\n<p>lotos Chinese Japanese ink painting office home decor wall art<\/p>\n<p>Picture size: 70 x 22.5 cm<br \/>\nTechnique: Ink painting<br \/>\nColor: black and white<br \/>\nHand-painted unique<br \/>\nArtist&#8217;s stamp and signature<br \/>\nHand painted original<br \/>\nUnikat direct from the artist\u00b4s Tailai Zhang<\/p>\n<p>Painting is not matted and unframed<br \/>\nPainting is signed and stamped.<br \/>\nImages can be shipped internationally.<br \/>\nPlease contact the shop if you have any questions!<\/p>\n","protected":false},"excerpt":{"rendered":"<p>Lotus Tusche chinesische Tusche Malerei chinese painting Wand Kunst Deko Bildgr\u00f6\u00dfe: 22.5 x 70 cm Technik: Tuschemalerei Farbe: Schwarz und Wei\u00df handgemaltes Unikat K\u00fcnstlerstempl und Unterschrift Handgemaltes Original Unikat dirkt vom K\u00fcnstler Tailai Zhang Malerei ist nicht verfilzt und ungerahmt Gem\u00e4lde ist signiert und gestempelt. Bilder k\u00f6nnen International versendet werden. Bitte kontaktieren Sie den Shop, [&hellip;]<\/p>\n","protected":false},"featured_media":1325,"comment_status":"open","ping_status":"closed","template":"","meta":[],"product_brand":[],"product_cat":[236,82],"product_tag":[272,202,270,273,268,275,267,83,92,269,163,84,271,274],"class_list":{"0":"post-1323","1":"product","2":"type-product","3":"status-publish","4":"has-post-thumbnail","6":"product_cat-blumen-kollecktion","7":"product_cat-malerei","8":"product_tag-art","9":"product_tag-chinesische","10":"product_tag-decor","11":"product_tag-deko","12":"product_tag-home","13":"product_tag-kunst","14":"product_tag-lotos","15":"product_tag-lotus","16":"product_tag-malerei","17":"product_tag-office","18":"product_tag-painting","19":"product_tag-tuschemalerei","20":"product_tag-wall","21":"product_tag-wand","23":"first","24":"instock","25":"purchasable","26":"product-type-simple"},"_links":{"self":[{"href":"https:\/\/www.teesign77.de\/teeladen\/wp-json\/wp\/v2\/product\/1323","targetHints":{"allow":["GET"]}}],"collection":[{"href":"https:\/\/www.teesign77.de\/teeladen\/wp-json\/wp\/v2\/product"}],"about":[{"href":"https:\/\/www.teesign77.de\/teeladen\/wp-json\/wp\/v2\/types\/product"}],"replies":[{"embeddable":true,"href":"https:\/\/www.teesign77.de\/teeladen\/wp-json\/wp\/v2\/comments?post=1323"}],"wp:featuredmedia":[{"embeddable":true,"href":"https:\/\/www.teesign77.de\/teeladen\/wp-json\/wp\/v2\/media\/1325"}],"wp:attachment":[{"href":"https:\/\/www.teesign77.de\/teeladen\/wp-json\/wp\/v2\/media?parent=1323"}],"wp:term":[{"taxonomy":"product_brand","embeddable":true,"href":"https:\/\/www.teesign77.de\/teeladen\/wp-json\/wp\/v2\/product_brand?post=1323"},{"taxonomy":"product_cat","embeddable":true,"href":"https:\/\/www.teesign77.de\/teeladen\/wp-json\/wp\/v2\/product_cat?post=1323"},{"taxonomy":"product_tag","embeddable":true,"href":"https:\/\/www.teesign77.de\/teeladen\/wp-json\/wp\/v2\/product_tag?post=1323"}],"curies":[{"name":"wp","href":"https:\/\/api.w.org\/{rel}","templated":true}]}}