{"id":133,"date":"2018-09-05T11:56:30","date_gmt":"2018-09-05T09:56:30","guid":{"rendered":"http:\/\/teesign77.de\/teeladen\/?post_type=product&#038;p=133"},"modified":"2022-02-17T14:46:30","modified_gmt":"2022-02-17T13:46:30","slug":"schwarzer-tee-58","status":"publish","type":"product","link":"https:\/\/www.teesign77.de\/teeladen\/produkt\/schwarzer-tee-58\/","title":{"rendered":"Black Needles classic 58 schwarzer Tee 50-500 g"},"content":{"rendered":"<div style=\"color: #992200;\">\n<p>In Yunnan sind die Urspr\u00fcnge dieses Tees zu suchen. Sie finden in diesem Tee eine angenehm, weiche und feinherbe Tasse der oberen Qualit\u00e4t.Dieser schwarz-Tee ist nicht nur elegant im Geschmack, sondern hat auch eine bemerkenswerte Erscheinung, bestehend aus jungen Bl\u00e4ttern sowie goldenen Knospen in Form von Nadeln. Die Menge der goldenen Knospen zu den Bl\u00e4ttern wurde f\u00fcr einen ausgeglichenes des Aromas optimiert.<\/p>\n<p>Das ist einer der bekanntesten Tees in China, aber au\u00dferhalb ist er noch weitgehend unbekannt. Dieser sch\u00f6ne Mix aus schwarzen und gelben Teespitzen, ist nicht nur eine Wohltat f\u00fcr die Augen. Yunnan Dian Hong Teebl\u00e4tter wachsen in \u00fcber 1000m H\u00f6he und in den kalten Temperaturen der Berge wachsen die Bl\u00e4tter langsamer und bekommen einen einzigartig intensiven Geschmack. Versinken und entdecken sie einen gelbgoldenen Aufguss von unsch\u00e4tzbarem Wert.<\/p>\n<p>Pine Needle ist eine im 20. Jahrhundert entwickelte Pr\u00e4parationstechnologie, die eine gerade Blattform bewahrt, die eine Mischung aus verschiedenfarbigen Bl\u00e4ttern erzeugt, die an alte Nadeln erinnern, die von einer Kiefer gefallen sind. Nicht gekr\u00fcmmte Bl\u00e4tter sind eine eher gebr\u00e4uchliche Form f\u00fcr leicht fermentierte Gr\u00fcntees, f\u00fcr Schwarztees jedoch ein Novum.<\/p>\n<p>Teesorte: Schwarzer Tee<\/p>\n<p><a href=\"..\/..\/..\/..\/tee-plantagen.php\">Herkunft: China Region Yunnan<\/a><\/p>\n<p>Zubereitung: Gie\u00dfen Sie 1-2 geh\u00e4ufte Teel\u00f6ffel (2-3 g f\u00fcr 6 Tasse) mit ca.250 ml 90-95\u00b0C hei\u00dfem Wasser auf und lassen Sie den Tee 3-5 min. ziehen.<\/p>\n<p><span style=\"font-size: large;\">\u00a0<\/span><\/p>\n<\/div>\n<p>&nbsp;<\/p>\n","protected":false},"excerpt":{"rendered":"<p>In Yunnan sind die Urspr\u00fcnge dieses Tees zu suchen. Sie finden in diesem Tee eine angenehm, weiche und feinherbe Tasse der oberen Qualit\u00e4t.Dieser schwarz-Tee ist nicht nur elegant im Geschmack, sondern hat auch eine bemerkenswerte Erscheinung, bestehend aus jungen Bl\u00e4ttern sowie goldenen Knospen in Form von Nadeln. Die Menge der goldenen Knospen zu den Bl\u00e4ttern [&hellip;]<\/p>\n","protected":false},"featured_media":6374,"comment_status":"open","ping_status":"closed","template":"","meta":[],"product_brand":[],"product_cat":[33],"product_tag":[526,66,68,65,523],"class_list":{"0":"post-133","1":"product","2":"type-product","3":"status-publish","4":"has-post-thumbnail","6":"product_cat-schwarz-tee","7":"product_tag-black-needles","8":"product_tag-black-tea","9":"product_tag-classic-58","10":"product_tag-schwarzer-tee","11":"product_tag-schwarztee","12":"product_shipping_class-teezubehoer","14":"first","15":"instock","16":"taxable","17":"shipping-taxable","18":"purchasable","19":"product-type-variable","20":"has-default-attributes"},"_links":{"self":[{"href":"https:\/\/www.teesign77.de\/teeladen\/wp-json\/wp\/v2\/product\/133","targetHints":{"allow":["GET"]}}],"collection":[{"href":"https:\/\/www.teesign77.de\/teeladen\/wp-json\/wp\/v2\/product"}],"about":[{"href":"https:\/\/www.teesign77.de\/teeladen\/wp-json\/wp\/v2\/types\/product"}],"replies":[{"embeddable":true,"href":"https:\/\/www.teesign77.de\/teeladen\/wp-json\/wp\/v2\/comments?post=133"}],"wp:featuredmedia":[{"embeddable":true,"href":"https:\/\/www.teesign77.de\/teeladen\/wp-json\/wp\/v2\/media\/6374"}],"wp:attachment":[{"href":"https:\/\/www.teesign77.de\/teeladen\/wp-json\/wp\/v2\/media?parent=133"}],"wp:term":[{"taxonomy":"product_brand","embeddable":true,"href":"https:\/\/www.teesign77.de\/teeladen\/wp-json\/wp\/v2\/product_brand?post=133"},{"taxonomy":"product_cat","embeddable":true,"href":"https:\/\/www.teesign77.de\/teeladen\/wp-json\/wp\/v2\/product_cat?post=133"},{"taxonomy":"product_tag","embeddable":true,"href":"https:\/\/www.teesign77.de\/teeladen\/wp-json\/wp\/v2\/product_tag?post=133"}],"curies":[{"name":"wp","href":"https:\/\/api.w.org\/{rel}","templated":true}]}}