{"id":139,"date":"2018-09-05T12:05:56","date_gmt":"2018-09-05T10:05:56","guid":{"rendered":"http:\/\/teesign77.de\/teeladen\/?post_type=product&#038;p=139"},"modified":"2022-02-17T16:40:07","modified_gmt":"2022-02-17T15:40:07","slug":"schwarzer-tee-pn","status":"publish","type":"product","link":"https:\/\/www.teesign77.de\/teeladen\/produkt\/schwarzer-tee-pn\/","title":{"rendered":"Pine Needles schwarzer Tee 50-500 g"},"content":{"rendered":"<div style=\"color: #992200;\">\n<p>Pine Needles (20% Gold Bud junge Sprosse)klassische \u201etwo Leaves and a Bud\u201c-Pfl\u00fcckung. Feine, goldene Blattknospen verbinden sich mit zarten Teebl\u00e4ttern zu einem unverwechselbaren Aroma.<\/p>\n<p>Dieser sch\u00f6ne Mix aus schwarzen und gelben Teespitzen, ist nicht nur eine Wohltat f\u00fcr die Augen. Yunnan Dian Hong Teebl\u00e4tter wachsen in \u00fcber 1000 m H\u00f6he und in den kalten Temperaturen der Berge wachsen die Bl\u00e4tter langsamer und bekommen einen einzigartig intensiven Geschmack. Versinken und entdecken Sie einen gelbgoldenen Aufguss von unsch\u00e4tzbarem Wert.<\/p>\n<p>Pine Needle ist eine im 20. Jahrhundert entwickelte Pr\u00e4parationstechnologie, die eine gerade Blattform bewahrt, die eine Mischung aus verschiedenfarbigen Bl\u00e4ttern erzeugt, die an alte Nadeln erinnern, die von einer Kiefer gefallen sind. Nicht gekr\u00fcmmte Bl\u00e4tter sind eine eher gebr\u00e4uchliche Form f\u00fcr leicht fermentierte Gr\u00fcntees, f\u00fcr Schwarztees jedoch ein Novum.<br \/>\nDian Hong Tee Vorteile<\/p>\n<p>Teesorte: Schwarztee<\/p>\n<p>Herkunft: China Region Yunnan<\/p>\n<p>Zubereitung: Gie\u00dfen Sie 1-2 geh\u00e4ufte Teel\u00f6ffel (2-3 g) mit ca.250 ml 90-95\u00b0C hei\u00dfem Wasser auf und lassen Sie den Tee 3-5 min. ziehen.<\/p>\n<p>&nbsp;<\/p>\n<\/div>\n","protected":false},"excerpt":{"rendered":"<p>Pine Needles (20% Gold Bud junge Sprosse)klassische \u201etwo Leaves and a Bud\u201c-Pfl\u00fcckung. Feine, goldene Blattknospen verbinden sich mit zarten Teebl\u00e4ttern zu einem unverwechselbaren Aroma. Dieser sch\u00f6ne Mix aus schwarzen und gelben Teespitzen, ist nicht nur eine Wohltat f\u00fcr die Augen. Yunnan Dian Hong Teebl\u00e4tter wachsen in \u00fcber 1000 m H\u00f6he und in den kalten Temperaturen [&hellip;]<\/p>\n","protected":false},"featured_media":6415,"comment_status":"open","ping_status":"closed","template":"","meta":[],"product_brand":[],"product_cat":[33],"product_tag":[],"class_list":{"0":"post-139","1":"product","2":"type-product","3":"status-publish","4":"has-post-thumbnail","6":"product_cat-schwarz-tee","8":"first","9":"instock","10":"purchasable","11":"product-type-variable","12":"has-default-attributes"},"_links":{"self":[{"href":"https:\/\/www.teesign77.de\/teeladen\/wp-json\/wp\/v2\/product\/139","targetHints":{"allow":["GET"]}}],"collection":[{"href":"https:\/\/www.teesign77.de\/teeladen\/wp-json\/wp\/v2\/product"}],"about":[{"href":"https:\/\/www.teesign77.de\/teeladen\/wp-json\/wp\/v2\/types\/product"}],"replies":[{"embeddable":true,"href":"https:\/\/www.teesign77.de\/teeladen\/wp-json\/wp\/v2\/comments?post=139"}],"wp:featuredmedia":[{"embeddable":true,"href":"https:\/\/www.teesign77.de\/teeladen\/wp-json\/wp\/v2\/media\/6415"}],"wp:attachment":[{"href":"https:\/\/www.teesign77.de\/teeladen\/wp-json\/wp\/v2\/media?parent=139"}],"wp:term":[{"taxonomy":"product_brand","embeddable":true,"href":"https:\/\/www.teesign77.de\/teeladen\/wp-json\/wp\/v2\/product_brand?post=139"},{"taxonomy":"product_cat","embeddable":true,"href":"https:\/\/www.teesign77.de\/teeladen\/wp-json\/wp\/v2\/product_cat?post=139"},{"taxonomy":"product_tag","embeddable":true,"href":"https:\/\/www.teesign77.de\/teeladen\/wp-json\/wp\/v2\/product_tag?post=139"}],"curies":[{"name":"wp","href":"https:\/\/api.w.org\/{rel}","templated":true}]}}