{"id":1405,"date":"2019-08-02T15:53:16","date_gmt":"2019-08-02T13:53:16","guid":{"rendered":"https:\/\/teesign77.de\/teeladen\/?post_type=product&#038;p=1405"},"modified":"2022-01-19T14:01:30","modified_gmt":"2022-01-19T13:01:30","slug":"camellia2","status":"publish","type":"product","link":"https:\/\/www.teesign77.de\/teeladen\/produkt\/camellia2\/","title":{"rendered":"Rote Kamelie japanische chinesische Tusche Malerei Heim Haus B\u00fcro Deko Wand Kunst"},"content":{"rendered":"<p>Rote Kamelie japanische chinesische Tusche Malerei Heim Haus B\u00fcro Deko Wand Kunst<\/p>\n<p>Bildgr\u00f6\u00dfe: 325 x 265 mm<br \/>\nTechnik: Tuschemalerei<br \/>\nFarbe: Schwarz und Gr\u00fcn<br \/>\nhandgemaltes Unikat<br \/>\nK\u00fcnstlerstempl und Unterschrift<br \/>\nHandgemaltes Original<br \/>\nUnikat dirkt vom K\u00fcnstler Tailai Zhang<\/p>\n<p>Malerei ist nicht verfilzt und ungerahmt<br \/>\nGem\u00e4lde ist signiert und gestempelt.<br \/>\nBilder k\u00f6nnen International versendet werden.<br \/>\nBitte kontaktieren Sie den Shop, wenn Sie irgendwelche Fragen haben!<\/p>\n<p>Red camellia chinese Japanese sumie ink painting office home Haus decor wall art<\/p>\n<p>Picture size: 325 x 265 mm<br \/>\nTechnique: Ink painting<br \/>\nColor: black and green<br \/>\nHand-painted unique<br \/>\nArtist&#8217;s stamp and signature<br \/>\nHand painted original<br \/>\nUnikat direct from the artist\u00b4s Tailai Zhang<\/p>\n<p>Painting is not matted and unframed<br \/>\nPainting is signed and stamped.<br \/>\nImages can be shipped internationally.<br \/>\nPlease contact the shop if you have any questions!<\/p>\n","protected":false},"excerpt":{"rendered":"<p>Rote Kamelie japanische chinesische Tusche Malerei Heim Haus B\u00fcro Deko Wand Kunst Bildgr\u00f6\u00dfe: 325 x 265 mm Technik: Tuschemalerei Farbe: Schwarz und Gr\u00fcn handgemaltes Unikat K\u00fcnstlerstempl und Unterschrift Handgemaltes Original Unikat dirkt vom K\u00fcnstler Tailai Zhang Malerei ist nicht verfilzt und ungerahmt Gem\u00e4lde ist signiert und gestempelt. Bilder k\u00f6nnen International versendet werden. Bitte kontaktieren Sie [&hellip;]<\/p>\n","protected":false},"featured_media":1411,"comment_status":"open","ping_status":"closed","template":"","meta":[],"product_brand":[],"product_cat":[236,82],"product_tag":[88],"class_list":{"0":"post-1405","1":"product","2":"type-product","3":"status-publish","4":"has-post-thumbnail","6":"product_cat-blumen-kollecktion","7":"product_cat-malerei","8":"product_tag-weisse-pflaumenbluetetuschemalereichinesische-malerei","10":"first","11":"instock","12":"purchasable","13":"product-type-simple"},"_links":{"self":[{"href":"https:\/\/www.teesign77.de\/teeladen\/wp-json\/wp\/v2\/product\/1405","targetHints":{"allow":["GET"]}}],"collection":[{"href":"https:\/\/www.teesign77.de\/teeladen\/wp-json\/wp\/v2\/product"}],"about":[{"href":"https:\/\/www.teesign77.de\/teeladen\/wp-json\/wp\/v2\/types\/product"}],"replies":[{"embeddable":true,"href":"https:\/\/www.teesign77.de\/teeladen\/wp-json\/wp\/v2\/comments?post=1405"}],"wp:featuredmedia":[{"embeddable":true,"href":"https:\/\/www.teesign77.de\/teeladen\/wp-json\/wp\/v2\/media\/1411"}],"wp:attachment":[{"href":"https:\/\/www.teesign77.de\/teeladen\/wp-json\/wp\/v2\/media?parent=1405"}],"wp:term":[{"taxonomy":"product_brand","embeddable":true,"href":"https:\/\/www.teesign77.de\/teeladen\/wp-json\/wp\/v2\/product_brand?post=1405"},{"taxonomy":"product_cat","embeddable":true,"href":"https:\/\/www.teesign77.de\/teeladen\/wp-json\/wp\/v2\/product_cat?post=1405"},{"taxonomy":"product_tag","embeddable":true,"href":"https:\/\/www.teesign77.de\/teeladen\/wp-json\/wp\/v2\/product_tag?post=1405"}],"curies":[{"name":"wp","href":"https:\/\/api.w.org\/{rel}","templated":true}]}}