{"id":1515,"date":"2019-08-10T16:36:37","date_gmt":"2019-08-10T14:36:37","guid":{"rendered":"https:\/\/teesign77.de\/teeladen\/?post_type=product&#038;p=1515"},"modified":"2022-09-09T16:14:59","modified_gmt":"2022-09-09T14:14:59","slug":"frucht-china-japan-tuschemalerei-sumie-1","status":"publish","type":"product","link":"https:\/\/www.teesign77.de\/teeladen\/produkt\/frucht-china-japan-tuschemalerei-sumie-1\/","title":{"rendered":"wilde Frucht Tusche chinesische Tusche Malerei chinese painting Wand Kunst Deko"},"content":{"rendered":"<p>wilde Frucht Tusche chinesische Tusche Malerei chinese painting Wand Kunst Deko<\/p>\n<p>Bildgr\u00f6\u00dfe: 32 x 40 cm<br \/>\nTechnik: Tuschemalerei<br \/>\nFarbe: Schwarz Rot Gelb Gr\u00fcn Blau<br \/>\nhandgemaltes Unikat<br \/>\nK\u00fcnstlerstempl und Unterschrift<br \/>\nHandgemaltes Original<br \/>\nUnikat dirkt vom K\u00fcnstler Tailai Zhang<\/p>\n<p>Malerei ist nicht verfilzt und ungerahmt<br \/>\nGem\u00e4lde ist signiert und gestempelt.<br \/>\nBilder k\u00f6nnen International versendet werden.<br \/>\nBitte kontaktieren Sie den Shop, wenn Sie irgendwelche Fragen haben!<\/p>\n<p>wild fruit\u00a0Chinese Japanese ink painting office home decor wall art<\/p>\n<p>Picture size: 32 x 40 cm<br \/>\nTechnique: Ink painting<br \/>\nColor: black red green yellow blue<br \/>\nHand-painted unique<br \/>\nArtist&#8217;s stamp and signature<br \/>\nHand painted original<br \/>\nUnikat direct from the artist\u00b4s Tailai Zhang<\/p>\n<p>Painting is not matted and unframed<br \/>\nPainting is signed and stamped.<br \/>\nImages can be shipped internationally.<br \/>\nPlease contact the shop if you have any questions!<\/p>\n","protected":false},"excerpt":{"rendered":"<p>wilde Frucht Tusche chinesische Tusche Malerei chinese painting Wand Kunst Deko Bildgr\u00f6\u00dfe: 32 x 40 cm Technik: Tuschemalerei Farbe: Schwarz Rot Gelb Gr\u00fcn Blau handgemaltes Unikat K\u00fcnstlerstempl und Unterschrift Handgemaltes Original Unikat dirkt vom K\u00fcnstler Tailai Zhang Malerei ist nicht verfilzt und ungerahmt Gem\u00e4lde ist signiert und gestempelt. Bilder k\u00f6nnen International versendet werden. Bitte kontaktieren [&hellip;]<\/p>\n","protected":false},"featured_media":6599,"comment_status":"open","ping_status":"closed","template":"","meta":[],"product_brand":[],"product_cat":[236,82],"product_tag":[272,262,202,270,273,542,277,268,275,92,269,163,84],"class_list":{"0":"post-1515","1":"product","2":"type-product","3":"status-publish","4":"has-post-thumbnail","6":"product_cat-blumen-kollecktion","7":"product_cat-malerei","8":"product_tag-art","9":"product_tag-autumn","10":"product_tag-chinesische","11":"product_tag-decor","12":"product_tag-deko","13":"product_tag-frucht","14":"product_tag-herbst","15":"product_tag-home","16":"product_tag-kunst","17":"product_tag-malerei","18":"product_tag-office","19":"product_tag-painting","20":"product_tag-tuschemalerei","22":"first","23":"instock","24":"purchasable","25":"product-type-simple"},"_links":{"self":[{"href":"https:\/\/www.teesign77.de\/teeladen\/wp-json\/wp\/v2\/product\/1515","targetHints":{"allow":["GET"]}}],"collection":[{"href":"https:\/\/www.teesign77.de\/teeladen\/wp-json\/wp\/v2\/product"}],"about":[{"href":"https:\/\/www.teesign77.de\/teeladen\/wp-json\/wp\/v2\/types\/product"}],"replies":[{"embeddable":true,"href":"https:\/\/www.teesign77.de\/teeladen\/wp-json\/wp\/v2\/comments?post=1515"}],"wp:featuredmedia":[{"embeddable":true,"href":"https:\/\/www.teesign77.de\/teeladen\/wp-json\/wp\/v2\/media\/6599"}],"wp:attachment":[{"href":"https:\/\/www.teesign77.de\/teeladen\/wp-json\/wp\/v2\/media?parent=1515"}],"wp:term":[{"taxonomy":"product_brand","embeddable":true,"href":"https:\/\/www.teesign77.de\/teeladen\/wp-json\/wp\/v2\/product_brand?post=1515"},{"taxonomy":"product_cat","embeddable":true,"href":"https:\/\/www.teesign77.de\/teeladen\/wp-json\/wp\/v2\/product_cat?post=1515"},{"taxonomy":"product_tag","embeddable":true,"href":"https:\/\/www.teesign77.de\/teeladen\/wp-json\/wp\/v2\/product_tag?post=1515"}],"curies":[{"name":"wp","href":"https:\/\/api.w.org\/{rel}","templated":true}]}}