{"id":152,"date":"2018-09-05T12:32:35","date_gmt":"2018-09-05T10:32:35","guid":{"rendered":"http:\/\/teesign77.de\/teeladen\/?post_type=product&#038;p=152"},"modified":"2022-02-17T15:35:44","modified_gmt":"2022-02-17T14:35:44","slug":"schwarztee-gn","status":"publish","type":"product","link":"https:\/\/www.teesign77.de\/teeladen\/produkt\/schwarztee-gn\/","title":{"rendered":"Golden Needles schwarzer Tee 50-500 g"},"content":{"rendered":"<div style=\"color: #992200;\">\n<h1>Gold Needles (100% Gold Bud Junge Sprosse)<\/h1>\n<p>beste, goldene Tips aus Yunnan mit ausgesprochen aromatischer tasse und bet\u00f6render optik. Eine rarit\u00e4t.<\/p>\n<p>Teesorte: schwarzer Tee<\/p>\n<p>Herkunft: China Region Yunnan<\/p>\n<p>Zubereitung: Gie\u00dfen Sie 1-2 geh\u00e4ufte Teel\u00f6ffel (2-3 g) mit ca.250 ml 75\u00b0C hei\u00dfem Wasser auf und lassen Sie den Tee 3-5 min. ziehen. Drei Gramm Tee k\u00f6nnen 5 Tassen aufgie\u00dfen.<\/p>\n<p>Das ist einer der bekanntesten Tees in China, aber au\u00dferhalb ist er noch weitgehend unbekannt. Dieser sch\u00f6ne Mix aus schwarzen und gelben Teespitzen, ist nicht nur eine Wohltat f\u00fcr die Augen. Yunnan Dian Hong Teebl\u00e4tter wachsen in \u00fcber 1000m H\u00f6he und in den kalten Temperaturen der Berge wachsen die Bl\u00e4tter langsamer und bekommen einen einzigartig intensiven Geschmack. Versinken und entdecken sie einen gelbgoldenen Aufguss von unsch\u00e4tzbarem Wert.<\/p>\n<p>Gold Needle ist eine im 20. Jahrhundert entwickelte Pr\u00e4parationstechnologie, die eine gerade Blattform bewahrt, die eine Mischung aus verschiedenfarbigen Bl\u00e4ttern erzeugt, die an alte Nadeln erinnern, die von einer Kiefer gefallen sind. Nicht gekr\u00fcmmte Bl\u00e4tter sind eine eher gebr\u00e4uchliche Form f\u00fcr leicht fermentierte Gr\u00fcntees, f\u00fcr Schwarztees jedoch ein Novum.<\/p>\n<p>Yunnan Pure Gold Needle Wird als die beste Art von Dian Hong Tee angesehen. Es enth\u00e4lt nur goldene Spitzen, die mit feinen Haaren bedeckt sind. Aus der Entfernung erscheint der getrocknete Tee leuchtend orange. Der Teelik\u00f6r ist leuchtend rot und zeigt ein sanftes Aroma und einen s\u00fc\u00dfen Geschmack. Die Bl\u00e4tter sind nach dem Brauen rotbraun. Klassifiziert in Orange Peekoe von TGFOP bis SFTGFOP. Goldene Nadel (chinesisch: \u91d1\u9488\u8336) ist eine rein schwarze Variante von Dianhong. Die Bl\u00e4tter sind golden und ergeben einen bernsteinfarbenen Aufguss.<\/p>\n<\/div>\n<p>&nbsp;<\/p>\n<p>&nbsp;<\/p>\n","protected":false},"excerpt":{"rendered":"<p>Gold Needles (100% Gold Bud Junge Sprosse) beste, goldene Tips aus Yunnan mit ausgesprochen aromatischer tasse und bet\u00f6render optik. Eine rarit\u00e4t. Teesorte: schwarzer Tee Herkunft: China Region Yunnan Zubereitung: Gie\u00dfen Sie 1-2 geh\u00e4ufte Teel\u00f6ffel (2-3 g) mit ca.250 ml 75\u00b0C hei\u00dfem Wasser auf und lassen Sie den Tee 3-5 min. ziehen. Drei Gramm Tee k\u00f6nnen [&hellip;]<\/p>\n","protected":false},"featured_media":6390,"comment_status":"open","ping_status":"closed","template":"","meta":[],"product_brand":[],"product_cat":[33],"product_tag":[66,70,65,523],"class_list":{"0":"post-152","1":"product","2":"type-product","3":"status-publish","4":"has-post-thumbnail","6":"product_cat-schwarz-tee","7":"product_tag-black-tea","8":"product_tag-gold-needles","9":"product_tag-schwarzer-tee","10":"product_tag-schwarztee","11":"product_shipping_class-teezubehoer","13":"first","14":"instock","15":"taxable","16":"shipping-taxable","17":"purchasable","18":"product-type-variable","19":"has-default-attributes"},"_links":{"self":[{"href":"https:\/\/www.teesign77.de\/teeladen\/wp-json\/wp\/v2\/product\/152","targetHints":{"allow":["GET"]}}],"collection":[{"href":"https:\/\/www.teesign77.de\/teeladen\/wp-json\/wp\/v2\/product"}],"about":[{"href":"https:\/\/www.teesign77.de\/teeladen\/wp-json\/wp\/v2\/types\/product"}],"replies":[{"embeddable":true,"href":"https:\/\/www.teesign77.de\/teeladen\/wp-json\/wp\/v2\/comments?post=152"}],"wp:featuredmedia":[{"embeddable":true,"href":"https:\/\/www.teesign77.de\/teeladen\/wp-json\/wp\/v2\/media\/6390"}],"wp:attachment":[{"href":"https:\/\/www.teesign77.de\/teeladen\/wp-json\/wp\/v2\/media?parent=152"}],"wp:term":[{"taxonomy":"product_brand","embeddable":true,"href":"https:\/\/www.teesign77.de\/teeladen\/wp-json\/wp\/v2\/product_brand?post=152"},{"taxonomy":"product_cat","embeddable":true,"href":"https:\/\/www.teesign77.de\/teeladen\/wp-json\/wp\/v2\/product_cat?post=152"},{"taxonomy":"product_tag","embeddable":true,"href":"https:\/\/www.teesign77.de\/teeladen\/wp-json\/wp\/v2\/product_tag?post=152"}],"curies":[{"name":"wp","href":"https:\/\/api.w.org\/{rel}","templated":true}]}}