{"id":1550,"date":"2019-08-10T19:54:26","date_gmt":"2019-08-10T17:54:26","guid":{"rendered":"https:\/\/teesign77.de\/teeladen\/?post_type=product&#038;p=1550"},"modified":"2022-01-19T14:20:07","modified_gmt":"2022-01-19T13:20:07","slug":"lotos45","status":"publish","type":"product","link":"https:\/\/www.teesign77.de\/teeladen\/produkt\/lotos45\/","title":{"rendered":"Lotus Tusche Zechnung chinesische Tusche Malerei chinese painting Wand Kunst Deko"},"content":{"rendered":"<p><span class=\"tlid-translation translation\" lang=\"de\"><span class=\"\" title=\"\">Lotosteich nach hei\u00dfem Sommerregen<\/span><\/span><\/p>\n<p>Lotus Tusche chinesische Tusche Malerei chinese painting Wand Kunst Deko<\/p>\n<p>Bildgr\u00f6\u00dfe: 32 x 32 cm<br \/>\nTechnik: Tuschemalerei<br \/>\nFarbe: Schwarz Rot<br \/>\nhandgemaltes Unikat<br \/>\nK\u00fcnstlerstempl und Unterschrift<br \/>\nHandgemaltes Original<br \/>\nUnikat dirkt vom K\u00fcnstler Tailai Zhang<\/p>\n<p>Malerei ist nicht verfilzt und ungerahmt<br \/>\nGem\u00e4lde ist signiert und gestempelt.<br \/>\nBilder k\u00f6nnen International versendet werden.<br \/>\nBitte kontaktieren Sie den Shop, wenn Sie irgendwelche Fragen haben!<\/p>\n<p>Lotus pond after hot summer rain<\/p>\n<p><span class=\"tlid-translation translation\" lang=\"en\"><span class=\"\" title=\"\">Lotus pond after hot summer rain<\/span><\/span><\/p>\n<p>Picture size: 32 x 32 cm<br \/>\nTechnique: Ink painting<br \/>\nColor: black red<br \/>\nHand-painted unique<br \/>\nArtist&#8217;s stamp and signature<br \/>\nHand painted original<br \/>\nUnikat direct from the artist\u00b4s Tailai Zhang<\/p>\n<p>Painting is not matted and unframed<br \/>\nPainting is signed and stamped.<br \/>\nImages can be shipped internationally.<br \/>\nPlease contact the shop if you have any questions!<\/p>\n","protected":false},"excerpt":{"rendered":"<p>Lotosteich nach hei\u00dfem Sommerregen Lotus Tusche chinesische Tusche Malerei chinese painting Wand Kunst Deko Bildgr\u00f6\u00dfe: 32 x 32 cm Technik: Tuschemalerei Farbe: Schwarz Rot handgemaltes Unikat K\u00fcnstlerstempl und Unterschrift Handgemaltes Original Unikat dirkt vom K\u00fcnstler Tailai Zhang Malerei ist nicht verfilzt und ungerahmt Gem\u00e4lde ist signiert und gestempelt. Bilder k\u00f6nnen International versendet werden. Bitte kontaktieren [&hellip;]<\/p>\n","protected":false},"featured_media":1543,"comment_status":"open","ping_status":"closed","template":"","meta":[],"product_brand":[],"product_cat":[236,82],"product_tag":[272,262,202,270,273,268,275,267,83,92,269,163,84,271,274],"class_list":{"0":"post-1550","1":"product","2":"type-product","3":"status-publish","4":"has-post-thumbnail","6":"product_cat-blumen-kollecktion","7":"product_cat-malerei","8":"product_tag-art","9":"product_tag-autumn","10":"product_tag-chinesische","11":"product_tag-decor","12":"product_tag-deko","13":"product_tag-home","14":"product_tag-kunst","15":"product_tag-lotos","16":"product_tag-lotus","17":"product_tag-malerei","18":"product_tag-office","19":"product_tag-painting","20":"product_tag-tuschemalerei","21":"product_tag-wall","22":"product_tag-wand","24":"first","25":"instock","26":"purchasable","27":"product-type-simple"},"_links":{"self":[{"href":"https:\/\/www.teesign77.de\/teeladen\/wp-json\/wp\/v2\/product\/1550","targetHints":{"allow":["GET"]}}],"collection":[{"href":"https:\/\/www.teesign77.de\/teeladen\/wp-json\/wp\/v2\/product"}],"about":[{"href":"https:\/\/www.teesign77.de\/teeladen\/wp-json\/wp\/v2\/types\/product"}],"replies":[{"embeddable":true,"href":"https:\/\/www.teesign77.de\/teeladen\/wp-json\/wp\/v2\/comments?post=1550"}],"wp:featuredmedia":[{"embeddable":true,"href":"https:\/\/www.teesign77.de\/teeladen\/wp-json\/wp\/v2\/media\/1543"}],"wp:attachment":[{"href":"https:\/\/www.teesign77.de\/teeladen\/wp-json\/wp\/v2\/media?parent=1550"}],"wp:term":[{"taxonomy":"product_brand","embeddable":true,"href":"https:\/\/www.teesign77.de\/teeladen\/wp-json\/wp\/v2\/product_brand?post=1550"},{"taxonomy":"product_cat","embeddable":true,"href":"https:\/\/www.teesign77.de\/teeladen\/wp-json\/wp\/v2\/product_cat?post=1550"},{"taxonomy":"product_tag","embeddable":true,"href":"https:\/\/www.teesign77.de\/teeladen\/wp-json\/wp\/v2\/product_tag?post=1550"}],"curies":[{"name":"wp","href":"https:\/\/api.w.org\/{rel}","templated":true}]}}