{"id":1687,"date":"2019-08-30T20:18:57","date_gmt":"2019-08-30T18:18:57","guid":{"rendered":"https:\/\/teesign77.de\/teeladen\/?post_type=product&#038;p=1687"},"modified":"2022-12-12T13:24:33","modified_gmt":"2022-12-12T12:24:33","slug":"koreanisches-glas","status":"publish","type":"product","link":"https:\/\/www.teesign77.de\/teeladen\/produkt\/koreanisches-glas\/","title":{"rendered":"Koreanisches Farbblumenglas Tee Becher 500 ml"},"content":{"rendered":"<ul>\n<li><span id=\"result_box\" class=\"short_text\" lang=\"de\"><span class=\"\">Mode chinesische Blume Glas<\/span><\/span><\/li>\n<li><span id=\"result_box\" class=\"short_text\" lang=\"de\"><span class=\"\">Bunte Blume,Gr\u00fcn, Pink<\/span><\/span><\/li>\n<li><span id=\"result_box\" class=\"short_text\" lang=\"de\"><span class=\"\">Glas<\/span><\/span><\/li>\n<li>\n<div id=\"goodtoknowheader1\" class=\"productsubheadline\" role=\"heading\" aria-level=\"3\">Pflegehinweis<\/div>\n<div id=\"careInst\" class=\"texts Wdth\">von Hand sp\u00fclen.<br \/>\nSp\u00fclmaschinenfest.<\/div>\n<\/li>\n<li>Breite H\u00f6he,\u00a0<span id=\"result_box\" class=\"short_text\" lang=\"de\"><span class=\"\">Kapazit\u00e4t<\/span><\/span>: 10,7 x 8,5 cm, 500 ml<\/li>\n<li><span id=\"result_box\" class=\"short_text\" lang=\"de\"><span class=\"\">Herkunftsort: China<\/span><\/span><\/li>\n<\/ul>\n","protected":false},"excerpt":{"rendered":"<p>Mode chinesische Blume Glas Bunte Blume,Gr\u00fcn, Pink Glas Pflegehinweis von Hand sp\u00fclen. Sp\u00fclmaschinenfest. Breite H\u00f6he,\u00a0Kapazit\u00e4t: 10,7 x 8,5 cm, 500 ml Herkunftsort: China<\/p>\n","protected":false},"featured_media":4337,"comment_status":"open","ping_status":"closed","template":"","meta":[],"product_brand":[],"product_cat":[124,105],"product_tag":[113,151,118,150,149],"class_list":{"0":"post-1687","1":"product","2":"type-product","3":"status-publish","4":"has-post-thumbnail","6":"product_cat-tee-tasse-becher","7":"product_cat-teezubehoer","8":"product_tag-becher","9":"product_tag-blumen","10":"product_tag-glas","11":"product_tag-tasse","12":"product_tag-tee","13":"product_shipping_class-teezubehoer","15":"first","16":"instock","17":"taxable","18":"shipping-taxable","19":"purchasable","20":"product-type-variable","21":"has-default-attributes"},"_links":{"self":[{"href":"https:\/\/www.teesign77.de\/teeladen\/wp-json\/wp\/v2\/product\/1687","targetHints":{"allow":["GET"]}}],"collection":[{"href":"https:\/\/www.teesign77.de\/teeladen\/wp-json\/wp\/v2\/product"}],"about":[{"href":"https:\/\/www.teesign77.de\/teeladen\/wp-json\/wp\/v2\/types\/product"}],"replies":[{"embeddable":true,"href":"https:\/\/www.teesign77.de\/teeladen\/wp-json\/wp\/v2\/comments?post=1687"}],"wp:featuredmedia":[{"embeddable":true,"href":"https:\/\/www.teesign77.de\/teeladen\/wp-json\/wp\/v2\/media\/4337"}],"wp:attachment":[{"href":"https:\/\/www.teesign77.de\/teeladen\/wp-json\/wp\/v2\/media?parent=1687"}],"wp:term":[{"taxonomy":"product_brand","embeddable":true,"href":"https:\/\/www.teesign77.de\/teeladen\/wp-json\/wp\/v2\/product_brand?post=1687"},{"taxonomy":"product_cat","embeddable":true,"href":"https:\/\/www.teesign77.de\/teeladen\/wp-json\/wp\/v2\/product_cat?post=1687"},{"taxonomy":"product_tag","embeddable":true,"href":"https:\/\/www.teesign77.de\/teeladen\/wp-json\/wp\/v2\/product_tag?post=1687"}],"curies":[{"name":"wp","href":"https:\/\/api.w.org\/{rel}","templated":true}]}}