{"id":17,"date":"2018-09-03T20:09:00","date_gmt":"2018-09-03T18:09:00","guid":{"rendered":"http:\/\/teesign77.de\/teeladen\/?post_type=product&#038;p=17"},"modified":"2023-01-28T14:24:34","modified_gmt":"2023-01-28T13:24:34","slug":"jasmintee-silver","status":"publish","type":"product","link":"https:\/\/www.teesign77.de\/teeladen\/produkt\/jasmintee-silver\/","title":{"rendered":"Jasmin silver needles white tee Jasmine Tee"},"content":{"rendered":"<div style=\"color: #992200;\">\n<h1>Jasmin silver needles 100% junge Sprosse<\/h1>\n<h1>(Jasmine Yin Zhen Jasmine Tee Silberne Nadel)<\/h1>\n<p>Die Basis dieses au\u00dfergew\u00f6hnlichen Tees bildet unser hochwertigster Wei\u00dfer Tee, der Yin Zhen Silver Needles, der hier mit fein aromatischen Jasminbl\u00fcten komponiert wird.<\/p>\n<p>Die Urspr\u00fcnge des Jasmintees liegen in der chinesischen Dynastie. Die Vermengung mit Bl\u00fcten wurde zun\u00e4chst eingesetzt, um weniger hochwertige Teesorten aufzuwerten. Heute gilt Jasmintee als besonders feine Teemischung, die allerdings in zahlreichen Qualit\u00e4tsstufen angeboten wird. G\u00fctefaktoren sind neben der Auswahl der Bl\u00fcten die Anzahl der Vermischungen, der sogenannten \u201eHochzeiten\u201c jeweils frischer Bl\u00fcten mit wei\u00dfem Tee Yin Zhen.<\/p>\n<p>Wei\u00dfer Tee, einer der sechs chinesischen Tees, verdankt seinen Namen dem wei\u00dfen, seidenartigen Flaum, der die jungen Teeknospen umschlie\u00dft. Seine Qualit\u00e4t erreicht der wei\u00dfe Tee vor allem durch die besondere Auswahl der Bl\u00e4tter: Nur die unge\u00f6ffneten Blattknospen des Teestrauchs, der in der im S\u00fcden Chinas gelegenen angebaut wird, werden f\u00fcr die besonders hochwertigen Sorten wie etwa Yin Zhen verwendet. F\u00fcr die Herstellung eines Kilogramms wei\u00dfen Tees werden rund 30.000 handgepfl\u00fcckte Knospen ben\u00f6tigt. Ihren milden Geschmack erh\u00e4lt diese Teesorte durch die schonende Licht- und Lufttrocknung.<\/p>\n<p>Nicht zuletzt wegen des Polyphenolgehalts wird wei\u00dfem Tee eine gesundheitsf\u00f6rdernde Wirkung zugesprochen. Polyphenole sind hochwirksame Antioxidantien, die freie Radikale unsch\u00e4dlich machen und so das Immunsystem st\u00e4rken sollen. Die Chinesen sagen dem wei\u00dfen Tee auch eine blutdrucksenkende Wirkung nach. Wei\u00dfer Tee enth\u00e4lt Coffein und Theophyllin.<\/p>\n<p>Die bekanntesten und beliebtesten Sorten des wei\u00dfen Tees sind der gro\u00dfbl\u00e4ttrige Pai Mu Tan (wei\u00dfe Pfingstrose\u2018) (Bai-Mudan-Tee), und die hochwertige Sorte Yin Zhen, deutsch \u201aSilbernadel\u2018, f\u00fcr die nur besonders junge und aromatische Triebe des Gro\u00dfen Wei\u00dfteebusches gepfl\u00fcckt werden. weitere Beispiele f\u00fcr wei\u00dfen Tee sind Snow Pekoe, Jasmine Silbernadel, Wei\u00dfer Mao Jian.<\/p>\n<p><a href=\"http:\/\/teesign77.de\/teesorten.php\">Teesorte: wei\u00dfer Tee*, Jasminbl\u00fcten, Aroma von Jasminbl\u00fcten<\/a><\/p>\n<p><a href=\"http:\/\/teesign77.de\/tee-plantagen.php\">Herkunft: China Region Guangxi<\/a><\/p>\n<p>Zubereitung: Gie\u00dfen Sie 1-2 geh\u00e4ufte Teel\u00f6ffel mit ca.250 ml 80-85\u00b0C hei\u00dfem Wasser auf und lassen Sie den Tee 3-5 min. ziehen.<\/p>\n<p>Lagerung: Fest verschlossen, k\u00fchl, dunkel und troken lagern Mindestens haltbar bis 31.07.2020<\/p>\n<\/div>\n<p>&nbsp;<\/p>\n<p>&nbsp;<\/p>\n","protected":false},"excerpt":{"rendered":"<p>Jasmin silver needles 100% junge Sprosse (Jasmine Yin Zhen Jasmine Tee Silberne Nadel) Die Basis dieses au\u00dfergew\u00f6hnlichen Tees bildet unser hochwertigster Wei\u00dfer Tee, der Yin Zhen Silver Needles, der hier mit fein aromatischen Jasminbl\u00fcten komponiert wird. Die Urspr\u00fcnge des Jasmintees liegen in der chinesischen Dynastie. Die Vermengung mit Bl\u00fcten wurde zun\u00e4chst eingesetzt, um weniger hochwertige [&hellip;]<\/p>\n","protected":false},"featured_media":6306,"comment_status":"open","ping_status":"closed","template":"","meta":[],"product_brand":[],"product_cat":[36,31],"product_tag":[53,51,505,57,45,52,507,506,508],"class_list":{"0":"post-17","1":"product","2":"type-product","3":"status-publish","4":"has-post-thumbnail","6":"product_cat-jasmine-tee","7":"product_cat-weiss-tee","8":"product_tag-blumen-tee","9":"product_tag-jasmin-silver-needles-jasmine-weisse-silberne-nadeln","10":"product_tag-jasmine-tea","11":"product_tag-jasmine-tee","12":"product_tag-weisser-tee","13":"product_tag-white-tee","14":"product_tag-507","15":"product_tag-506","16":"product_tag-508","17":"product_shipping_class-teezubehoer","19":"first","20":"instock","21":"taxable","22":"shipping-taxable","23":"purchasable","24":"product-type-variable","25":"has-default-attributes"},"_links":{"self":[{"href":"https:\/\/www.teesign77.de\/teeladen\/wp-json\/wp\/v2\/product\/17","targetHints":{"allow":["GET"]}}],"collection":[{"href":"https:\/\/www.teesign77.de\/teeladen\/wp-json\/wp\/v2\/product"}],"about":[{"href":"https:\/\/www.teesign77.de\/teeladen\/wp-json\/wp\/v2\/types\/product"}],"replies":[{"embeddable":true,"href":"https:\/\/www.teesign77.de\/teeladen\/wp-json\/wp\/v2\/comments?post=17"}],"wp:featuredmedia":[{"embeddable":true,"href":"https:\/\/www.teesign77.de\/teeladen\/wp-json\/wp\/v2\/media\/6306"}],"wp:attachment":[{"href":"https:\/\/www.teesign77.de\/teeladen\/wp-json\/wp\/v2\/media?parent=17"}],"wp:term":[{"taxonomy":"product_brand","embeddable":true,"href":"https:\/\/www.teesign77.de\/teeladen\/wp-json\/wp\/v2\/product_brand?post=17"},{"taxonomy":"product_cat","embeddable":true,"href":"https:\/\/www.teesign77.de\/teeladen\/wp-json\/wp\/v2\/product_cat?post=17"},{"taxonomy":"product_tag","embeddable":true,"href":"https:\/\/www.teesign77.de\/teeladen\/wp-json\/wp\/v2\/product_tag?post=17"}],"curies":[{"name":"wp","href":"https:\/\/api.w.org\/{rel}","templated":true}]}}