{"id":171,"date":"2018-09-05T13:42:34","date_gmt":"2018-09-05T11:42:34","guid":{"rendered":"http:\/\/teesign77.de\/teeladen\/?post_type=product&#038;p=171"},"modified":"2022-02-17T16:25:26","modified_gmt":"2022-02-17T15:25:26","slug":"keemun-schwarztee","status":"publish","type":"product","link":"https:\/\/www.teesign77.de\/teeladen\/produkt\/keemun-schwarztee\/","title":{"rendered":"Keemun schwarzer Tee 50-500 g"},"content":{"rendered":"<div style=\"color: #992200;\">\n<p>sorgsam selektiertes Keemunblatt aus traditioneller Produktion mit weicher, ausdrucksstarker Tasse.Das Aroma des Keemun ist fruchtig mit einem Hauch von Pinie, getrockneten Pflaumen und Blumigkeit\/Bl\u00fctenreichtum, was den sehr distinktiven und ausgewogenen Geschmack erzeugt. Er weist dar\u00fcber hinaus einen Hauch von Orchideenduft auf sowie die sogenannte \u201eChinesische Tees\u00fc\u00dfe\u201c. Der Tee kann eine etwas bittere Note besitzen und die Rauchigkeit kann in Abh\u00e4ngigkeit von Sorte und Verarbeitungsbedingungen st\u00e4rker hervortreten. Keemun (chinesisch Qimen-Roter-Tee\u2018) ist ein Schwarzer Tee aus China mit einem weinartigen und fruchtigen Geschmack, der zu den zehn ber\u00fchmtesten chinesischen Tees geh\u00f6rt.<\/p>\n<p><span style=\"font-size: large;\"><span style=\"color: #992200;\"><a href=\"http:\/\/teesign77.de\/teesorten.php\">Teesorte: schwarzer Tee<\/a><\/span><\/span><\/p>\n<p><a href=\"..\/..\/..\/..\/tee-plantagen.php\">Herkunft: China Region Anhui<\/a><\/p>\n<p>&nbsp;<\/p>\n<p>Zubereitung: Gie\u00dfen Sie 1-2 geh\u00e4ufte Teel\u00f6ffel (2-3 g) mit ca.250 ml 85\u00b0C hei\u00dfem Wasser auf und lassen Sie den Tee 3-5 min. ziehen.<\/p>\n<p>&nbsp;<\/p>\n<\/div>\n<p>&nbsp;<\/p>\n","protected":false},"excerpt":{"rendered":"<p>sorgsam selektiertes Keemunblatt aus traditioneller Produktion mit weicher, ausdrucksstarker Tasse.Das Aroma des Keemun ist fruchtig mit einem Hauch von Pinie, getrockneten Pflaumen und Blumigkeit\/Bl\u00fctenreichtum, was den sehr distinktiven und ausgewogenen Geschmack erzeugt. Er weist dar\u00fcber hinaus einen Hauch von Orchideenduft auf sowie die sogenannte \u201eChinesische Tees\u00fc\u00dfe\u201c. Der Tee kann eine etwas bittere Note besitzen und [&hellip;]<\/p>\n","protected":false},"featured_media":6409,"comment_status":"open","ping_status":"closed","template":"","meta":[],"product_brand":[],"product_cat":[33],"product_tag":[66,73,65],"class_list":{"0":"post-171","1":"product","2":"type-product","3":"status-publish","4":"has-post-thumbnail","6":"product_cat-schwarz-tee","7":"product_tag-black-tea","8":"product_tag-keemun","9":"product_tag-schwarzer-tee","11":"first","12":"instock","13":"purchasable","14":"product-type-variable","15":"has-default-attributes"},"_links":{"self":[{"href":"https:\/\/www.teesign77.de\/teeladen\/wp-json\/wp\/v2\/product\/171","targetHints":{"allow":["GET"]}}],"collection":[{"href":"https:\/\/www.teesign77.de\/teeladen\/wp-json\/wp\/v2\/product"}],"about":[{"href":"https:\/\/www.teesign77.de\/teeladen\/wp-json\/wp\/v2\/types\/product"}],"replies":[{"embeddable":true,"href":"https:\/\/www.teesign77.de\/teeladen\/wp-json\/wp\/v2\/comments?post=171"}],"wp:featuredmedia":[{"embeddable":true,"href":"https:\/\/www.teesign77.de\/teeladen\/wp-json\/wp\/v2\/media\/6409"}],"wp:attachment":[{"href":"https:\/\/www.teesign77.de\/teeladen\/wp-json\/wp\/v2\/media?parent=171"}],"wp:term":[{"taxonomy":"product_brand","embeddable":true,"href":"https:\/\/www.teesign77.de\/teeladen\/wp-json\/wp\/v2\/product_brand?post=171"},{"taxonomy":"product_cat","embeddable":true,"href":"https:\/\/www.teesign77.de\/teeladen\/wp-json\/wp\/v2\/product_cat?post=171"},{"taxonomy":"product_tag","embeddable":true,"href":"https:\/\/www.teesign77.de\/teeladen\/wp-json\/wp\/v2\/product_tag?post=171"}],"curies":[{"name":"wp","href":"https:\/\/api.w.org\/{rel}","templated":true}]}}