{"id":1719,"date":"2019-09-02T13:08:29","date_gmt":"2019-09-02T11:08:29","guid":{"rendered":"https:\/\/teesign77.de\/teeladen\/?post_type=product&#038;p=1719"},"modified":"2021-03-04T18:30:52","modified_gmt":"2021-03-04T17:30:52","slug":"piaoyi-glas","status":"publish","type":"product","link":"https:\/\/www.teesign77.de\/teeladen\/produkt\/piaoyi-glas\/","title":{"rendered":"Piaoyi Glas Tee Becher aus dem Teezubereiter"},"content":{"rendered":"<p>Piaoyi Glas Tee-Becher<\/p>\n<p class=\"range-expandable__paragraf no-margin\">Hei\u00dfes Wasser \u00fcber gemahlene\u00a0 Teebl\u00e4tter gie\u00dfen, das Sieb herunterdr\u00fccken und das Getr\u00e4nk direkt aus dem Teezubereiter servieren.<\/p>\n<p class=\"range-expandable__paragraf no-margin\">L\u00e4sst sich f\u00fcr leichtes Reinigen auseinandernehmen.<\/p>\n<p class=\"range-expandable__paragraf no-margin\">Das Produkt vor der ersten Benutzung sp\u00fclen.<\/p>\n<p>Sp\u00fclmaschinenfest.<\/p>\n<div id=\"pip_environment_and_material\" class=\"range-expandable__content js-range-expandable-content range-expandable__content--pip_environment_and_material\" aria-hidden=\"false\" data-test-target-environment-and-material-expandable-content=\"\">\n<div class=\"max-text-width\">\n<div class=\"range-expandable__paragraf\">\n<p class=\"no-margin \">Hitzefestes Glas., Polypropylen, Edelstahl<\/p>\n<\/div>\n<\/div>\n<\/div>\n<div id=\"pip_dimensions\" class=\"range-expandable__content js-range-expandable-content range-expandable__content--pip_dimensions\" aria-hidden=\"false\" data-test-target-dimensions-expandable-content=\"\">\n<div class=\"max-text-width\">\n<div class=\"product-pip__definition-list-item-container\">H\u00f6he:\u00a022 cm<\/div>\n<div class=\"product-pip__definition-list-item-container\">Durchmesser:\u00a010 cm<\/div>\n<div class=\"product-pip__definition-list-item-container\">Inhalt:\u00a01 l<\/div>\n<\/div>\n<\/div>\n<div>\n<div id=\"pip_package_details\" class=\"range-expandable__content js-range-expandable-content range-expandable__content--pip_package_details\" aria-hidden=\"false\" data-test-target-package-details-expandable-content=\"\">\n<div class=\"max-text-width\">\n<div class=\"range-expandable__paragraf\">\n<div class=\"range-expandable__paragraf\">\n<h5 class=\"normal-font bold no-margin\"><\/h5>\n<p class=\"no-margin\">\n<\/div>\n<div class=\"range-expandable__paragraf\">\n<p class=\"no-margin range-expandable__subparagraf\">\n<\/div>\n<\/div>\n<\/div>\n<\/div>\n<\/div>\n<div><\/div>\n","protected":false},"excerpt":{"rendered":"<p>Piaoyi Glas Tee-Becher Hei\u00dfes Wasser \u00fcber gemahlene\u00a0 Teebl\u00e4tter gie\u00dfen, das Sieb herunterdr\u00fccken und das Getr\u00e4nk direkt aus dem Teezubereiter servieren. L\u00e4sst sich f\u00fcr leichtes Reinigen auseinandernehmen. Das Produkt vor der ersten Benutzung sp\u00fclen. Sp\u00fclmaschinenfest. Hitzefestes Glas., Polypropylen, Edelstahl H\u00f6he:\u00a022 cm Durchmesser:\u00a010 cm Inhalt:\u00a01 l<\/p>\n","protected":false},"featured_media":1720,"comment_status":"open","ping_status":"closed","template":"","meta":[],"product_brand":[],"product_cat":[124,125,105],"product_tag":[113,114,112],"class_list":{"0":"post-1719","1":"product","2":"type-product","3":"status-publish","4":"has-post-thumbnail","6":"product_cat-tee-tasse-becher","7":"product_cat-teekanne","8":"product_cat-teezubehoer","9":"product_tag-becher","10":"product_tag-cup","11":"product_tag-glas-tasse","12":"product_shipping_class-teezubehoer","14":"first","15":"instock","16":"taxable","17":"shipping-taxable","18":"purchasable","19":"product-type-simple"},"_links":{"self":[{"href":"https:\/\/www.teesign77.de\/teeladen\/wp-json\/wp\/v2\/product\/1719","targetHints":{"allow":["GET"]}}],"collection":[{"href":"https:\/\/www.teesign77.de\/teeladen\/wp-json\/wp\/v2\/product"}],"about":[{"href":"https:\/\/www.teesign77.de\/teeladen\/wp-json\/wp\/v2\/types\/product"}],"replies":[{"embeddable":true,"href":"https:\/\/www.teesign77.de\/teeladen\/wp-json\/wp\/v2\/comments?post=1719"}],"wp:featuredmedia":[{"embeddable":true,"href":"https:\/\/www.teesign77.de\/teeladen\/wp-json\/wp\/v2\/media\/1720"}],"wp:attachment":[{"href":"https:\/\/www.teesign77.de\/teeladen\/wp-json\/wp\/v2\/media?parent=1719"}],"wp:term":[{"taxonomy":"product_brand","embeddable":true,"href":"https:\/\/www.teesign77.de\/teeladen\/wp-json\/wp\/v2\/product_brand?post=1719"},{"taxonomy":"product_cat","embeddable":true,"href":"https:\/\/www.teesign77.de\/teeladen\/wp-json\/wp\/v2\/product_cat?post=1719"},{"taxonomy":"product_tag","embeddable":true,"href":"https:\/\/www.teesign77.de\/teeladen\/wp-json\/wp\/v2\/product_tag?post=1719"}],"curies":[{"name":"wp","href":"https:\/\/api.w.org\/{rel}","templated":true}]}}