{"id":1749,"date":"2019-09-02T17:13:29","date_gmt":"2019-09-02T15:13:29","guid":{"rendered":"https:\/\/teesign77.de\/teeladen\/?post_type=product&#038;p=1749"},"modified":"2024-11-30T18:00:35","modified_gmt":"2024-11-30T17:00:35","slug":"teekanne-jp-red","status":"publish","type":"product","link":"https:\/\/www.teesign77.de\/teeladen\/produkt\/teekanne-jp-red\/","title":{"rendered":"Bambus Japanische Teekanne 1000 ml mit Teesieb"},"content":{"rendered":"<ul>\n<li>Teekanne<\/li>\n<li>Porzellan, Bambus, mit Teesieb<\/li>\n<li>von Hand sp\u00fclen.<br \/>\nF\u00fcr Mikrowellenherd nicht geeignet.<\/li>\n<li>\n<div id=\"goodtoknowheader1\" class=\"productsubheadline\" role=\"heading\" aria-level=\"3\">Pflegehinweis<\/div>\n<div id=\"careInst\" class=\"texts Wdth\">Der Porzellan beh\u00e4lter ist sp\u00fclmaschinenfest.<\/div>\n<\/li>\n<li>Teekanne Breite H\u00f6he\u00a0 17.4 x 11.8 cm,\u00a01000 ml<\/li>\n<\/ul>\n","protected":false},"excerpt":{"rendered":"<p>Teekanne Porzellan, Bambus, mit Teesieb von Hand sp\u00fclen. F\u00fcr Mikrowellenherd nicht geeignet. Pflegehinweis Der Porzellan beh\u00e4lter ist sp\u00fclmaschinenfest. Teekanne Breite H\u00f6he\u00a0 17.4 x 11.8 cm,\u00a01000 ml<\/p>\n","protected":false},"featured_media":1752,"comment_status":"open","ping_status":"closed","template":"","meta":[],"product_brand":[],"product_cat":[143,125,105],"product_tag":[145,121,146,115,116,120,119,144,148],"class_list":{"0":"post-1749","1":"product","2":"type-product","3":"status-publish","4":"has-post-thumbnail","6":"product_cat-tee-set","7":"product_cat-teekanne","8":"product_cat-teezubehoer","9":"product_tag-kaennchen","10":"product_tag-porzellan","11":"product_tag-snow","12":"product_tag-tee-becher","13":"product_tag-tee-tasse","14":"product_tag-tee-set","15":"product_tag-teekanne","16":"product_tag-teesieb","17":"product_tag-teezubehoer","18":"product_shipping_class-teezubehoer","20":"first","21":"instock","22":"taxable","23":"shipping-taxable","24":"purchasable","25":"product-type-simple"},"_links":{"self":[{"href":"https:\/\/www.teesign77.de\/teeladen\/wp-json\/wp\/v2\/product\/1749","targetHints":{"allow":["GET"]}}],"collection":[{"href":"https:\/\/www.teesign77.de\/teeladen\/wp-json\/wp\/v2\/product"}],"about":[{"href":"https:\/\/www.teesign77.de\/teeladen\/wp-json\/wp\/v2\/types\/product"}],"replies":[{"embeddable":true,"href":"https:\/\/www.teesign77.de\/teeladen\/wp-json\/wp\/v2\/comments?post=1749"}],"wp:featuredmedia":[{"embeddable":true,"href":"https:\/\/www.teesign77.de\/teeladen\/wp-json\/wp\/v2\/media\/1752"}],"wp:attachment":[{"href":"https:\/\/www.teesign77.de\/teeladen\/wp-json\/wp\/v2\/media?parent=1749"}],"wp:term":[{"taxonomy":"product_brand","embeddable":true,"href":"https:\/\/www.teesign77.de\/teeladen\/wp-json\/wp\/v2\/product_brand?post=1749"},{"taxonomy":"product_cat","embeddable":true,"href":"https:\/\/www.teesign77.de\/teeladen\/wp-json\/wp\/v2\/product_cat?post=1749"},{"taxonomy":"product_tag","embeddable":true,"href":"https:\/\/www.teesign77.de\/teeladen\/wp-json\/wp\/v2\/product_tag?post=1749"}],"curies":[{"name":"wp","href":"https:\/\/api.w.org\/{rel}","templated":true}]}}