{"id":1759,"date":"2019-09-05T17:47:55","date_gmt":"2019-09-05T15:47:55","guid":{"rendered":"https:\/\/teesign77.de\/teeladen\/?post_type=product&#038;p=1759"},"modified":"2024-12-23T20:49:09","modified_gmt":"2024-12-23T19:49:09","slug":"teekanne-500ml","status":"publish","type":"product","link":"https:\/\/www.teesign77.de\/teeladen\/produkt\/teekanne-500ml\/","title":{"rendered":"Xishi Teekanne 500 ml Ton"},"content":{"rendered":"<div id=\"cbftssection\" class=\"productInformation prodInfoSub keyFeaturesMargin\">\n<div id=\"custBenefit\" class=\"texts keyFeaturesmargin\">\n<ul>\n<li>Xishi Teekanne<\/li>\n<li>Material: Lila Sand Ton<\/li>\n<li>Farbe: Brau<\/li>\n<li>Handarbeit<\/li>\n<li>von Hand sp\u00fclen.<br \/>\nF\u00fcr Mikrowellenherd nicht geeignet.<\/li>\n<li>Breite H\u00f6he: 15.5 x 9.9 cm<\/li>\n<li><span id=\"result_box\" class=\"short_text\" lang=\"de\"><span class=\"\">Kapazit\u00e4t: 500 ml<\/span><\/span><\/li>\n<\/ul>\n<\/div>\n<\/div>\n","protected":false},"excerpt":{"rendered":"<p>Xishi Teekanne Material: Lila Sand Ton Farbe: Brau Handarbeit von Hand sp\u00fclen. F\u00fcr Mikrowellenherd nicht geeignet. Breite H\u00f6he: 15.5 x 9.9 cm Kapazit\u00e4t: 500 ml<\/p>\n","protected":false},"featured_media":1762,"comment_status":"open","ping_status":"closed","template":"","meta":[],"product_brand":[],"product_cat":[125,105],"product_tag":[467,123,140,126,119,468,469],"class_list":{"0":"post-1759","1":"product","2":"type-product","3":"status-publish","4":"has-post-thumbnail","6":"product_cat-teekanne","7":"product_cat-teezubehoer","8":"product_tag-kanne","9":"product_tag-keramik","10":"product_tag-mini","11":"product_tag-teapot","12":"product_tag-teekanne","13":"product_tag-ton","14":"product_tag-xishi","16":"first","17":"onbackorder","18":"taxable","19":"shipping-taxable","20":"purchasable","21":"product-type-simple"},"_links":{"self":[{"href":"https:\/\/www.teesign77.de\/teeladen\/wp-json\/wp\/v2\/product\/1759","targetHints":{"allow":["GET"]}}],"collection":[{"href":"https:\/\/www.teesign77.de\/teeladen\/wp-json\/wp\/v2\/product"}],"about":[{"href":"https:\/\/www.teesign77.de\/teeladen\/wp-json\/wp\/v2\/types\/product"}],"replies":[{"embeddable":true,"href":"https:\/\/www.teesign77.de\/teeladen\/wp-json\/wp\/v2\/comments?post=1759"}],"wp:featuredmedia":[{"embeddable":true,"href":"https:\/\/www.teesign77.de\/teeladen\/wp-json\/wp\/v2\/media\/1762"}],"wp:attachment":[{"href":"https:\/\/www.teesign77.de\/teeladen\/wp-json\/wp\/v2\/media?parent=1759"}],"wp:term":[{"taxonomy":"product_brand","embeddable":true,"href":"https:\/\/www.teesign77.de\/teeladen\/wp-json\/wp\/v2\/product_brand?post=1759"},{"taxonomy":"product_cat","embeddable":true,"href":"https:\/\/www.teesign77.de\/teeladen\/wp-json\/wp\/v2\/product_cat?post=1759"},{"taxonomy":"product_tag","embeddable":true,"href":"https:\/\/www.teesign77.de\/teeladen\/wp-json\/wp\/v2\/product_tag?post=1759"}],"curies":[{"name":"wp","href":"https:\/\/api.w.org\/{rel}","templated":true}]}}