{"id":178,"date":"2018-09-05T13:41:50","date_gmt":"2018-09-05T11:41:50","guid":{"rendered":"http:\/\/teesign77.de\/teeladen\/?post_type=product&#038;p=178"},"modified":"2023-01-28T14:49:38","modified_gmt":"2023-01-28T13:49:38","slug":"keemun-gongfu","status":"publish","type":"product","link":"https:\/\/www.teesign77.de\/teeladen\/produkt\/keemun-gongfu\/","title":{"rendered":"Keemun Gong Fu schwarzer Tee 50-500 g"},"content":{"rendered":"<div style=\"color: #992200;\">\n<p>Feinstes, sorgsam selektiertes Keemunblatt aus traditioneller Produktion mit weicher, ausdrucksstarker Tasse. Das Aroma des Keemun ist fruchtig mit einem Hauch von Pinie, getrockneten Pflaumen und Blumigkeit\/Bl\u00fctenreichtum (aber in keiner Weise so blumig wie Darjeeling-Tee), was den sehr distinktiven und ausgewogenen Geschmack erzeugt. Er weist dar\u00fcber hinaus einen Hauch von Orchideenduft auf sowie die sogenannte &#8222;Chinesische Tees\u00fc\u00dfe&#8220;. Der Tee kann eine etwas bittere Note besitzen und die Rauchigkeit kann in Abh\u00e4ngigkeit von Sorte und Verarbeitungsbedingungen st\u00e4rker hervortreten.Keemun (chinesisch \u7941\u95e8\u7ea2\u8336 Qimen-Roter-Tee) ist ein Schwarzer Tee aus China mit einem weinartigen und fruchtigen Geschmack, der zu den zehn ber\u00fchmtesten chinesischen Tees geh\u00f6rt.<\/p>\n<p>Koffeingehalt: Hoch<\/p>\n<p><a href=\"http:\/\/teesign77.de\/teesorten.php\">Teesorte: Schwarztee<\/a><\/p>\n<p><a href=\"http:\/\/teesign77.de\/tee-plantagen.php\">Herkunft: China Region Anhui<\/a><\/p>\n<p>&nbsp;<\/p>\n<p>Zubereitung: Gie\u00dfen Sie 1-2 geh\u00e4ufte Teel\u00f6ffel (2-3 g) mit ca.250 ml 90-95\u00b0C hei\u00dfem Wasser auf und lassen Sie den Tee 3-5 min. ziehen. Keemun wird \u00fcblicherweise ohne Milch und Zucker getrunken; au\u00dferhalb Chinas manchmal mit Milch.<\/p>\n<\/div>\n<p>&nbsp;<\/p>\n<p>&nbsp;<\/p>\n<p>&nbsp;<\/p>\n","protected":false},"excerpt":{"rendered":"<p>Feinstes, sorgsam selektiertes Keemunblatt aus traditioneller Produktion mit weicher, ausdrucksstarker Tasse. Das Aroma des Keemun ist fruchtig mit einem Hauch von Pinie, getrockneten Pflaumen und Blumigkeit\/Bl\u00fctenreichtum (aber in keiner Weise so blumig wie Darjeeling-Tee), was den sehr distinktiven und ausgewogenen Geschmack erzeugt. Er weist dar\u00fcber hinaus einen Hauch von Orchideenduft auf sowie die sogenannte &#8222;Chinesische [&hellip;]<\/p>\n","protected":false},"featured_media":6399,"comment_status":"open","ping_status":"closed","template":"","meta":[],"product_brand":[],"product_cat":[33],"product_tag":[66,73,65,523],"class_list":{"0":"post-178","1":"product","2":"type-product","3":"status-publish","4":"has-post-thumbnail","6":"product_cat-schwarz-tee","7":"product_tag-black-tea","8":"product_tag-keemun","9":"product_tag-schwarzer-tee","10":"product_tag-schwarztee","11":"product_shipping_class-teezubehoer","13":"first","14":"instock","15":"taxable","16":"shipping-taxable","17":"purchasable","18":"product-type-variable"},"_links":{"self":[{"href":"https:\/\/www.teesign77.de\/teeladen\/wp-json\/wp\/v2\/product\/178","targetHints":{"allow":["GET"]}}],"collection":[{"href":"https:\/\/www.teesign77.de\/teeladen\/wp-json\/wp\/v2\/product"}],"about":[{"href":"https:\/\/www.teesign77.de\/teeladen\/wp-json\/wp\/v2\/types\/product"}],"replies":[{"embeddable":true,"href":"https:\/\/www.teesign77.de\/teeladen\/wp-json\/wp\/v2\/comments?post=178"}],"wp:featuredmedia":[{"embeddable":true,"href":"https:\/\/www.teesign77.de\/teeladen\/wp-json\/wp\/v2\/media\/6399"}],"wp:attachment":[{"href":"https:\/\/www.teesign77.de\/teeladen\/wp-json\/wp\/v2\/media?parent=178"}],"wp:term":[{"taxonomy":"product_brand","embeddable":true,"href":"https:\/\/www.teesign77.de\/teeladen\/wp-json\/wp\/v2\/product_brand?post=178"},{"taxonomy":"product_cat","embeddable":true,"href":"https:\/\/www.teesign77.de\/teeladen\/wp-json\/wp\/v2\/product_cat?post=178"},{"taxonomy":"product_tag","embeddable":true,"href":"https:\/\/www.teesign77.de\/teeladen\/wp-json\/wp\/v2\/product_tag?post=178"}],"curies":[{"name":"wp","href":"https:\/\/api.w.org\/{rel}","templated":true}]}}