{"id":1845,"date":"2019-09-12T13:42:58","date_gmt":"2019-09-12T11:42:58","guid":{"rendered":"https:\/\/teesign77.de\/teeladen\/?post_type=product&#038;p=1845"},"modified":"2021-03-04T18:56:53","modified_gmt":"2021-03-04T17:56:53","slug":"buda-tasse","status":"publish","type":"product","link":"https:\/\/www.teesign77.de\/teeladen\/produkt\/buda-tasse\/","title":{"rendered":"Kleiner M\u00f6nch 6 Tee Tassen Porzellan"},"content":{"rendered":"<ul>\n<li>6 Tee Tassen <span class=\"tlid-translation translation\" lang=\"de\"><span class=\"\" title=\"\">Kleiner M\u00f6nch<\/span><\/span><\/li>\n<li><span class=\"tlid-translation translation\" lang=\"de\"><span class=\"\" title=\"\">Porzellan<\/span><\/span><\/li>\n<li>Wei\u00df Blau<\/li>\n<li>\n<div id=\"goodtoknowheader1\" class=\"productsubheadline\" role=\"heading\">Pflegehinweis<\/div>\n<div id=\"careInst\" class=\"texts Wdth\">F\u00fcr Mikrowellenherd nicht geeignet.<br \/>\nSp\u00fclmaschinenfest.<\/div>\n<\/li>\n<li>Breite H\u00f6he <span class=\"tlid-translation translation\" lang=\"de\"><span class=\"\" title=\"\">Kapazit\u00e4t 4.5<\/span><\/span>\u00a0cm x 6 cm , 55 ml<\/li>\n<\/ul>\n","protected":false},"excerpt":{"rendered":"<p>6 Tee Tassen Kleiner M\u00f6nch Porzellan Wei\u00df Blau Pflegehinweis F\u00fcr Mikrowellenherd nicht geeignet. Sp\u00fclmaschinenfest. Breite H\u00f6he Kapazit\u00e4t 4.5\u00a0cm x 6 cm , 55 ml<\/p>\n","protected":false},"featured_media":1858,"comment_status":"open","ping_status":"closed","template":"","meta":[],"product_brand":[],"product_cat":[124,105],"product_tag":[113,114,112,150],"class_list":{"0":"post-1845","1":"product","2":"type-product","3":"status-publish","4":"has-post-thumbnail","6":"product_cat-tee-tasse-becher","7":"product_cat-teezubehoer","8":"product_tag-becher","9":"product_tag-cup","10":"product_tag-glas-tasse","11":"product_tag-tasse","12":"product_shipping_class-teezubehoer","14":"first","15":"instock","16":"taxable","17":"shipping-taxable","18":"purchasable","19":"product-type-simple"},"_links":{"self":[{"href":"https:\/\/www.teesign77.de\/teeladen\/wp-json\/wp\/v2\/product\/1845","targetHints":{"allow":["GET"]}}],"collection":[{"href":"https:\/\/www.teesign77.de\/teeladen\/wp-json\/wp\/v2\/product"}],"about":[{"href":"https:\/\/www.teesign77.de\/teeladen\/wp-json\/wp\/v2\/types\/product"}],"replies":[{"embeddable":true,"href":"https:\/\/www.teesign77.de\/teeladen\/wp-json\/wp\/v2\/comments?post=1845"}],"wp:featuredmedia":[{"embeddable":true,"href":"https:\/\/www.teesign77.de\/teeladen\/wp-json\/wp\/v2\/media\/1858"}],"wp:attachment":[{"href":"https:\/\/www.teesign77.de\/teeladen\/wp-json\/wp\/v2\/media?parent=1845"}],"wp:term":[{"taxonomy":"product_brand","embeddable":true,"href":"https:\/\/www.teesign77.de\/teeladen\/wp-json\/wp\/v2\/product_brand?post=1845"},{"taxonomy":"product_cat","embeddable":true,"href":"https:\/\/www.teesign77.de\/teeladen\/wp-json\/wp\/v2\/product_cat?post=1845"},{"taxonomy":"product_tag","embeddable":true,"href":"https:\/\/www.teesign77.de\/teeladen\/wp-json\/wp\/v2\/product_tag?post=1845"}],"curies":[{"name":"wp","href":"https:\/\/api.w.org\/{rel}","templated":true}]}}