{"id":1873,"date":"2019-09-12T15:04:06","date_gmt":"2019-09-12T13:04:06","guid":{"rendered":"https:\/\/teesign77.de\/teeladen\/?post_type=product&#038;p=1873"},"modified":"2021-03-04T18:56:01","modified_gmt":"2021-03-04T17:56:01","slug":"lotos-tasse","status":"publish","type":"product","link":"https:\/\/www.teesign77.de\/teeladen\/produkt\/lotos-tasse\/","title":{"rendered":"4 Lotos Teetassen bunte Keramik 60 ml"},"content":{"rendered":"<ul>\n<li>4 Lotus Teetassen bunte\u00a0<span class=\"tlid-translation translation\" lang=\"de\"><span class=\"\" title=\"\">Keramik<\/span><\/span><\/li>\n<li><span class=\"tlid-translation translation\" lang=\"de\"><span class=\"\" title=\"\">Handgemacht<\/span><\/span><\/li>\n<li><span class=\"tlid-translation translation\" lang=\"de\"><span class=\"\" title=\"\">Keramik<\/span><\/span><\/li>\n<li>Bunt<\/li>\n<li>\n<div id=\"goodtoknowheader1\" class=\"productsubheadline\" role=\"heading\">Pflegehinweis<\/div>\n<div id=\"careInst\" class=\"texts Wdth\">F\u00fcr Mikrowellenherd nicht geeignet.<br \/>\nSp\u00fclmaschinenfest.<\/div>\n<\/li>\n<li>Breite H\u00f6he <span class=\"tlid-translation translation\" lang=\"de\"><span class=\"\" title=\"\">Kapazit\u00e4t 6.3<\/span><\/span>\u00a0cm x 4 cm , 60 ml<\/li>\n<\/ul>\n","protected":false},"excerpt":{"rendered":"<p>4 Lotus Teetassen bunte\u00a0Keramik Handgemacht Keramik Bunt Pflegehinweis F\u00fcr Mikrowellenherd nicht geeignet. Sp\u00fclmaschinenfest. Breite H\u00f6he Kapazit\u00e4t 6.3\u00a0cm x 4 cm , 60 ml<\/p>\n","protected":false},"featured_media":1874,"comment_status":"open","ping_status":"closed","template":"","meta":[],"product_brand":[],"product_cat":[124,105],"product_tag":[113,299,114,112,207,181,150],"class_list":{"0":"post-1873","1":"product","2":"type-product","3":"status-publish","4":"has-post-thumbnail","6":"product_cat-tee-tasse-becher","7":"product_cat-teezubehoer","8":"product_tag-becher","9":"product_tag-bunt","10":"product_tag-cup","11":"product_tag-glas-tasse","12":"product_tag-pflaume","13":"product_tag-plum","14":"product_tag-tasse","15":"product_shipping_class-teezubehoer","17":"first","18":"instock","19":"taxable","20":"shipping-taxable","21":"purchasable","22":"product-type-simple"},"_links":{"self":[{"href":"https:\/\/www.teesign77.de\/teeladen\/wp-json\/wp\/v2\/product\/1873","targetHints":{"allow":["GET"]}}],"collection":[{"href":"https:\/\/www.teesign77.de\/teeladen\/wp-json\/wp\/v2\/product"}],"about":[{"href":"https:\/\/www.teesign77.de\/teeladen\/wp-json\/wp\/v2\/types\/product"}],"replies":[{"embeddable":true,"href":"https:\/\/www.teesign77.de\/teeladen\/wp-json\/wp\/v2\/comments?post=1873"}],"wp:featuredmedia":[{"embeddable":true,"href":"https:\/\/www.teesign77.de\/teeladen\/wp-json\/wp\/v2\/media\/1874"}],"wp:attachment":[{"href":"https:\/\/www.teesign77.de\/teeladen\/wp-json\/wp\/v2\/media?parent=1873"}],"wp:term":[{"taxonomy":"product_brand","embeddable":true,"href":"https:\/\/www.teesign77.de\/teeladen\/wp-json\/wp\/v2\/product_brand?post=1873"},{"taxonomy":"product_cat","embeddable":true,"href":"https:\/\/www.teesign77.de\/teeladen\/wp-json\/wp\/v2\/product_cat?post=1873"},{"taxonomy":"product_tag","embeddable":true,"href":"https:\/\/www.teesign77.de\/teeladen\/wp-json\/wp\/v2\/product_tag?post=1873"}],"curies":[{"name":"wp","href":"https:\/\/api.w.org\/{rel}","templated":true}]}}