{"id":1879,"date":"2019-09-12T15:49:45","date_gmt":"2019-09-12T13:49:45","guid":{"rendered":"https:\/\/teesign77.de\/teeladen\/?post_type=product&#038;p=1879"},"modified":"2021-03-06T17:09:33","modified_gmt":"2021-03-06T16:09:33","slug":"teedose-2","status":"publish","type":"product","link":"https:\/\/www.teesign77.de\/teeladen\/produkt\/teedose-2\/","title":{"rendered":"Tee Dose offene Keramik 600 ml"},"content":{"rendered":"<ul>\n<li>Tee Dose\u00a0offene\u00a0<span class=\"tlid-translation translation\" lang=\"de\"><span class=\"\" title=\"\">Keramik<\/span><\/span><\/li>\n<li><span class=\"tlid-translation translation\" lang=\"de\"><span class=\"\" title=\"\">Keramik<\/span><\/span><\/li>\n<li><span class=\"tlid-translation translation\" lang=\"de\"><span class=\"\" title=\"\">Hellblau<\/span><\/span><\/li>\n<li>\n<div id=\"goodtoknowheader1\" class=\"productsubheadline\" role=\"heading\">Pflegehinweis<\/div>\n<div id=\"careInst\" class=\"texts Wdth\">F\u00fcr Mikrowellenherd nicht geeignet.<br \/>\nSp\u00fclmaschinenfest.<\/div>\n<\/li>\n<li>Breite H\u00f6he,\u00a0<span class=\"tlid-translation translation\" lang=\"de\"><span class=\"\" title=\"\">Kapazit\u00e4t,\u00a0Gewicht 12.8<\/span><\/span>\u00a0cm x 9.5 cm , 600 ml,\u00a0<span class=\"tlid-translation translation\" lang=\"de\"><span class=\"\" title=\"\">850 g<\/span><\/span><\/li>\n<\/ul>\n","protected":false},"excerpt":{"rendered":"<p>Tee Dose\u00a0offene\u00a0Keramik Keramik Hellblau Pflegehinweis F\u00fcr Mikrowellenherd nicht geeignet. Sp\u00fclmaschinenfest. Breite H\u00f6he,\u00a0Kapazit\u00e4t,\u00a0Gewicht 12.8\u00a0cm x 9.5 cm , 600 ml,\u00a0850 g<\/p>\n","protected":false},"featured_media":1884,"comment_status":"open","ping_status":"closed","template":"","meta":[],"product_brand":[],"product_cat":[318,105],"product_tag":[191,297,123,121,149,302],"class_list":{"0":"post-1879","1":"product","2":"type-product","3":"status-publish","4":"has-post-thumbnail","6":"product_cat-teedose","7":"product_cat-teezubehoer","8":"product_tag-blau","9":"product_tag-dose","10":"product_tag-keramik","11":"product_tag-porzellan","12":"product_tag-tee","13":"product_tag-teedose","14":"product_shipping_class-teezubehoer","16":"first","17":"instock","18":"taxable","19":"shipping-taxable","20":"purchasable","21":"product-type-simple"},"_links":{"self":[{"href":"https:\/\/www.teesign77.de\/teeladen\/wp-json\/wp\/v2\/product\/1879","targetHints":{"allow":["GET"]}}],"collection":[{"href":"https:\/\/www.teesign77.de\/teeladen\/wp-json\/wp\/v2\/product"}],"about":[{"href":"https:\/\/www.teesign77.de\/teeladen\/wp-json\/wp\/v2\/types\/product"}],"replies":[{"embeddable":true,"href":"https:\/\/www.teesign77.de\/teeladen\/wp-json\/wp\/v2\/comments?post=1879"}],"wp:featuredmedia":[{"embeddable":true,"href":"https:\/\/www.teesign77.de\/teeladen\/wp-json\/wp\/v2\/media\/1884"}],"wp:attachment":[{"href":"https:\/\/www.teesign77.de\/teeladen\/wp-json\/wp\/v2\/media?parent=1879"}],"wp:term":[{"taxonomy":"product_brand","embeddable":true,"href":"https:\/\/www.teesign77.de\/teeladen\/wp-json\/wp\/v2\/product_brand?post=1879"},{"taxonomy":"product_cat","embeddable":true,"href":"https:\/\/www.teesign77.de\/teeladen\/wp-json\/wp\/v2\/product_cat?post=1879"},{"taxonomy":"product_tag","embeddable":true,"href":"https:\/\/www.teesign77.de\/teeladen\/wp-json\/wp\/v2\/product_tag?post=1879"}],"curies":[{"name":"wp","href":"https:\/\/api.w.org\/{rel}","templated":true}]}}