{"id":190,"date":"2018-09-05T13:58:07","date_gmt":"2018-09-05T11:58:07","guid":{"rendered":"http:\/\/teesign77.de\/teeladen\/?post_type=product&#038;p=190"},"modified":"2023-01-28T14:50:56","modified_gmt":"2023-01-28T13:50:56","slug":"keemun-maofeng","status":"publish","type":"product","link":"https:\/\/www.teesign77.de\/teeladen\/produkt\/keemun-maofeng\/","title":{"rendered":"Keemun Mao Feng schwarzer Tee"},"content":{"rendered":"<div style=\"color: #992200;\">\n<h1>KEEMUN Mao Feng Schwarztee (10 % Gold Bud junge Sprosse)<\/h1>\n<p>Dieser Mao Feng, ein Spitzenkeemun mit langem, gedrehtem Blatt und feinen tips, hat eine sehr aromatische Tasse.<\/p>\n<p>Das Aroma des Keemun ist fruchtig mit einem Hauch von Pinie, getrockneten Pflaumen und Blumigkeit\/Bl\u00fctenreichtum, was den sehr distinktiven und ausgewogenen Geschmack erzeugt. Er weist dar\u00fcber hinaus einen Hauch von Orchideenduft auf sowie die sogenannte &#8222;Chinesische Tees\u00fc\u00dfe&#8220;. Der Tee kann eine etwas bittere Note besitzen und die Rauchigkeit kann in Abh\u00e4ngigkeit von Sorte und Verarbeitungsbedingungen st\u00e4rker hervortreten. Keemun Mao Feng eine Sorte, die aus nur leicht gedrehten Blattspr\u00f6sslingen gemacht wird und manchmal durch eine sanftere und besondere W\u00fcrze gekennzeichnet ist. Mao Feng bedeutet soviel wie behaart (Mao) und spitz (Feng) und deuted auf das Aussehen der Bl\u00e4tter hin. Viele Menschen ziehen es vor, von dieser Sorte nur eine kleinere Menge zuzubereiten, und l\u00e4nger als gew\u00f6hnlich, bis zu 7 Minuten, ziehen zu lassen, um interessantere Nuancen des Tees zum Vorschein zu bringen.<\/p>\n<p>Keemun (chinesisch \u7941\u95e8\u7ea2\u8336 Qimen-Roter-Tee) ist ein Schwarzer Tee aus China mit einem weinartigen und fruchtigen Geschmack, der zu den zehn ber\u00fchmtesten chinesischen Tees geh\u00f6rt. Keemun wurde erstmals im Jahr 1875 durch den gescheiterten Beamten Yu Quanchen hergestellt, nachdem dieser in die Provinz Fujian gereist war, um die Geheimnisse der Herstellung von Schwarzem Tee kennenzulernen. Zuvor wurde nur Gr\u00fcner Tee in Anhui angebaut. Das Ergebnis \u00fcbertraf seine Erwartungen und der Keemun-Tee gewann schnell an Popularit\u00e4t in England und wurde die Hauptzutat der English-Breakfast-Mischung. Keemun gilt als der beste chinesische Schwarztee. Er wird in der ostchinesischen Provinz Anhui produziert. Gute Pfl\u00fcckungen werden unter dem Namen Keemun Imperial oder Keemun Schnecke Finest verkauft, einfachere Qualit\u00e4ten hei\u00dfen oft Keemun Mao Feng.<\/p>\n<p>&nbsp;<\/p>\n<p><a href=\"http:\/\/teesign77.de\/teesorten.php\">Teesorte: Keemun Schwarztee<\/a><\/p>\n<p><a href=\"http:\/\/teesign77.de\/tee-plantagen.php\">Herkunft: China Region Anhui<\/a><\/p>\n<p>Zubereitung: Gie\u00dfen Sie 1-2 geh\u00e4ufte Teel\u00f6ffel (2-3 g) mit ca.250 ml 90-95\u00b0C hei\u00dfem Wasser auf und lassen Sie den Tee 3-5 min. ziehen.<\/p>\n<\/div>\n<p>&nbsp;<\/p>\n","protected":false},"excerpt":{"rendered":"<p>KEEMUN Mao Feng Schwarztee (10 % Gold Bud junge Sprosse) Dieser Mao Feng, ein Spitzenkeemun mit langem, gedrehtem Blatt und feinen tips, hat eine sehr aromatische Tasse. Das Aroma des Keemun ist fruchtig mit einem Hauch von Pinie, getrockneten Pflaumen und Blumigkeit\/Bl\u00fctenreichtum, was den sehr distinktiven und ausgewogenen Geschmack erzeugt. Er weist dar\u00fcber hinaus einen [&hellip;]<\/p>\n","protected":false},"featured_media":6405,"comment_status":"open","ping_status":"closed","template":"","meta":[],"product_brand":[],"product_cat":[33],"product_tag":[66,73,75,65,523],"class_list":{"0":"post-190","1":"product","2":"type-product","3":"status-publish","4":"has-post-thumbnail","6":"product_cat-schwarz-tee","7":"product_tag-black-tea","8":"product_tag-keemun","9":"product_tag-mao-feng","10":"product_tag-schwarzer-tee","11":"product_tag-schwarztee","12":"product_shipping_class-teezubehoer","14":"first","15":"instock","16":"taxable","17":"shipping-taxable","18":"purchasable","19":"product-type-variable","20":"has-default-attributes"},"_links":{"self":[{"href":"https:\/\/www.teesign77.de\/teeladen\/wp-json\/wp\/v2\/product\/190","targetHints":{"allow":["GET"]}}],"collection":[{"href":"https:\/\/www.teesign77.de\/teeladen\/wp-json\/wp\/v2\/product"}],"about":[{"href":"https:\/\/www.teesign77.de\/teeladen\/wp-json\/wp\/v2\/types\/product"}],"replies":[{"embeddable":true,"href":"https:\/\/www.teesign77.de\/teeladen\/wp-json\/wp\/v2\/comments?post=190"}],"wp:featuredmedia":[{"embeddable":true,"href":"https:\/\/www.teesign77.de\/teeladen\/wp-json\/wp\/v2\/media\/6405"}],"wp:attachment":[{"href":"https:\/\/www.teesign77.de\/teeladen\/wp-json\/wp\/v2\/media?parent=190"}],"wp:term":[{"taxonomy":"product_brand","embeddable":true,"href":"https:\/\/www.teesign77.de\/teeladen\/wp-json\/wp\/v2\/product_brand?post=190"},{"taxonomy":"product_cat","embeddable":true,"href":"https:\/\/www.teesign77.de\/teeladen\/wp-json\/wp\/v2\/product_cat?post=190"},{"taxonomy":"product_tag","embeddable":true,"href":"https:\/\/www.teesign77.de\/teeladen\/wp-json\/wp\/v2\/product_tag?post=190"}],"curies":[{"name":"wp","href":"https:\/\/api.w.org\/{rel}","templated":true}]}}