{"id":1942,"date":"2019-09-13T15:31:03","date_gmt":"2019-09-13T13:31:03","guid":{"rendered":"https:\/\/teesign77.de\/teeladen\/?post_type=product&#038;p=1942"},"modified":"2026-03-12T20:11:37","modified_gmt":"2026-03-12T19:11:37","slug":"lila-teekanne","status":"publish","type":"product","link":"https:\/\/www.teesign77.de\/teeladen\/produkt\/lila-teekanne\/","title":{"rendered":"Xishi Talg Jade Teekanne Porzellan 280 ml mit Teesieb"},"content":{"rendered":"<ul>\n<li>Xishi Teekanne<\/li>\n<li><span class=\"tlid-translation translation\" lang=\"de\"><span class=\"\" title=\"\">Intern <\/span><\/span>Teesieb<\/li>\n<li>Talg Jade Porzellan<br \/>\nF\u00fcr Mikrowellenherd nicht geeignet.<\/li>\n<li>\n<div id=\"goodtoknowheader1\" class=\"productsubheadline\" role=\"heading\" aria-level=\"3\">Pflegehinweis<\/div>\n<div id=\"careInst\" class=\"texts Wdth\">Die Teekanne beh\u00e4lter ist sp\u00fclmaschinenfest.<\/div>\n<\/li>\n<li>Teekanne Breite H\u00f6he\u00a0 14.1 x 7.7 cm, 280 ml<\/li>\n<li><span id=\"result_box\" class=\"short_text\" lang=\"de\"><span class=\"\">Herkunftsort: China<\/span><\/span><\/li>\n<\/ul>\n","protected":false},"excerpt":{"rendered":"<p>Xishi Teekanne Intern Teesieb Talg Jade Porzellan F\u00fcr Mikrowellenherd nicht geeignet. Pflegehinweis Die Teekanne beh\u00e4lter ist sp\u00fclmaschinenfest. Teekanne Breite H\u00f6he\u00a0 14.1 x 7.7 cm, 280 ml Herkunftsort: China<\/p>\n","protected":false},"featured_media":4400,"comment_status":"open","ping_status":"closed","template":"","meta":[],"product_brand":[],"product_cat":[143,125,105],"product_tag":[145,121,146,115,116,120,119,144,148],"class_list":{"0":"post-1942","1":"product","2":"type-product","3":"status-publish","4":"has-post-thumbnail","6":"product_cat-tee-set","7":"product_cat-teekanne","8":"product_cat-teezubehoer","9":"product_tag-kaennchen","10":"product_tag-porzellan","11":"product_tag-snow","12":"product_tag-tee-becher","13":"product_tag-tee-tasse","14":"product_tag-tee-set","15":"product_tag-teekanne","16":"product_tag-teesieb","17":"product_tag-teezubehoer","18":"product_shipping_class-teezubehoer","20":"first","21":"onbackorder","22":"taxable","23":"shipping-taxable","24":"purchasable","25":"product-type-simple"},"_links":{"self":[{"href":"https:\/\/www.teesign77.de\/teeladen\/wp-json\/wp\/v2\/product\/1942","targetHints":{"allow":["GET"]}}],"collection":[{"href":"https:\/\/www.teesign77.de\/teeladen\/wp-json\/wp\/v2\/product"}],"about":[{"href":"https:\/\/www.teesign77.de\/teeladen\/wp-json\/wp\/v2\/types\/product"}],"replies":[{"embeddable":true,"href":"https:\/\/www.teesign77.de\/teeladen\/wp-json\/wp\/v2\/comments?post=1942"}],"wp:featuredmedia":[{"embeddable":true,"href":"https:\/\/www.teesign77.de\/teeladen\/wp-json\/wp\/v2\/media\/4400"}],"wp:attachment":[{"href":"https:\/\/www.teesign77.de\/teeladen\/wp-json\/wp\/v2\/media?parent=1942"}],"wp:term":[{"taxonomy":"product_brand","embeddable":true,"href":"https:\/\/www.teesign77.de\/teeladen\/wp-json\/wp\/v2\/product_brand?post=1942"},{"taxonomy":"product_cat","embeddable":true,"href":"https:\/\/www.teesign77.de\/teeladen\/wp-json\/wp\/v2\/product_cat?post=1942"},{"taxonomy":"product_tag","embeddable":true,"href":"https:\/\/www.teesign77.de\/teeladen\/wp-json\/wp\/v2\/product_tag?post=1942"}],"curies":[{"name":"wp","href":"https:\/\/api.w.org\/{rel}","templated":true}]}}