{"id":1957,"date":"2019-09-13T16:44:49","date_gmt":"2019-09-13T14:44:49","guid":{"rendered":"https:\/\/teesign77.de\/teeladen\/?post_type=product&#038;p=1957"},"modified":"2021-03-04T18:50:13","modified_gmt":"2021-03-04T17:50:13","slug":"cat-star-becher-porzellan-500-ml","status":"publish","type":"product","link":"https:\/\/www.teesign77.de\/teeladen\/produkt\/cat-star-becher-porzellan-500-ml\/","title":{"rendered":"Cat Star Becher Porzellan 500 ml"},"content":{"rendered":"<ul>\n<li>Cat Star Becher<\/li>\n<li><span class=\"tlid-translation translation\" lang=\"de\"><span class=\"\" title=\"\">Porzellan<\/span><\/span><\/li>\n<li>Wei\u00df, Schwarz, Bunt<\/li>\n<li>\n<div id=\"goodtoknowheader1\" class=\"productsubheadline\" role=\"heading\">Pflegehinweis<\/div>\n<div id=\"careInst\" class=\"texts Wdth\">F\u00fcr Mikrowellenherd geeignet.<br \/>\nSp\u00fclmaschinenfest.<\/div>\n<\/li>\n<li>Breite H\u00f6he <span class=\"tlid-translation translation\" lang=\"de\"><span class=\"\" title=\"\">Kapazit\u00e4t Gewicht 7.8<\/span><\/span>\u00a0cm x 10.5 cm, 500 ml, 435 g<\/li>\n<\/ul>\n","protected":false},"excerpt":{"rendered":"<p>Cat Star Becher Porzellan Wei\u00df, Schwarz, Bunt Pflegehinweis F\u00fcr Mikrowellenherd geeignet. Sp\u00fclmaschinenfest. Breite H\u00f6he Kapazit\u00e4t Gewicht 7.8\u00a0cm x 10.5 cm, 500 ml, 435 g<\/p>\n","protected":false},"featured_media":1960,"comment_status":"open","ping_status":"closed","template":"","meta":[],"product_brand":[],"product_cat":[124,105],"product_tag":[113,114,112,150],"class_list":{"0":"post-1957","1":"product","2":"type-product","3":"status-publish","4":"has-post-thumbnail","6":"product_cat-tee-tasse-becher","7":"product_cat-teezubehoer","8":"product_tag-becher","9":"product_tag-cup","10":"product_tag-glas-tasse","11":"product_tag-tasse","12":"product_shipping_class-teezubehoer","14":"first","15":"instock","16":"taxable","17":"shipping-taxable","18":"purchasable","19":"product-type-simple"},"_links":{"self":[{"href":"https:\/\/www.teesign77.de\/teeladen\/wp-json\/wp\/v2\/product\/1957","targetHints":{"allow":["GET"]}}],"collection":[{"href":"https:\/\/www.teesign77.de\/teeladen\/wp-json\/wp\/v2\/product"}],"about":[{"href":"https:\/\/www.teesign77.de\/teeladen\/wp-json\/wp\/v2\/types\/product"}],"replies":[{"embeddable":true,"href":"https:\/\/www.teesign77.de\/teeladen\/wp-json\/wp\/v2\/comments?post=1957"}],"wp:featuredmedia":[{"embeddable":true,"href":"https:\/\/www.teesign77.de\/teeladen\/wp-json\/wp\/v2\/media\/1960"}],"wp:attachment":[{"href":"https:\/\/www.teesign77.de\/teeladen\/wp-json\/wp\/v2\/media?parent=1957"}],"wp:term":[{"taxonomy":"product_brand","embeddable":true,"href":"https:\/\/www.teesign77.de\/teeladen\/wp-json\/wp\/v2\/product_brand?post=1957"},{"taxonomy":"product_cat","embeddable":true,"href":"https:\/\/www.teesign77.de\/teeladen\/wp-json\/wp\/v2\/product_cat?post=1957"},{"taxonomy":"product_tag","embeddable":true,"href":"https:\/\/www.teesign77.de\/teeladen\/wp-json\/wp\/v2\/product_tag?post=1957"}],"curies":[{"name":"wp","href":"https:\/\/api.w.org\/{rel}","templated":true}]}}