{"id":196,"date":"2018-09-05T14:28:16","date_gmt":"2018-09-05T12:28:16","guid":{"rendered":"http:\/\/teesign77.de\/teeladen\/?post_type=product&#038;p=196"},"modified":"2022-02-17T16:46:42","modified_gmt":"2022-02-17T15:46:42","slug":"tee-maofeng-a","status":"publish","type":"product","link":"https:\/\/www.teesign77.de\/teeladen\/produkt\/tee-maofeng-a\/","title":{"rendered":"schwarzer Mao Feng (mild) schwarzer Tee 50-500 g"},"content":{"rendered":"<h1>Black Mao Feng mild (30% Junge Sprosse)<\/h1>\n<p>Erstmalig verf\u00fcgbar, besticht dieser mit goldenen Tips durchzogene Mao Feng durch seinen ausgepr\u00e4gten Charakter. Im Aroma steht die Tasse den bisher bekannten Tees aus Fujian in nichts nach.<\/p>\n<p>Aufguss klar und gelb Mao Feng (Mao = behaart, Feng = spitz), Tee aus dem Hochgebirge, leicht gedrehte silbrige Bl\u00e4tter Mao Feng Cris Cross, wird als edle. Der Tee wird ausschlie\u00dflich in Lagen zwischen 500 und 800 H\u00f6henmetern angebaut. Geerntet wird im Fr\u00fchjahr, aber immer nur die ganz jungen Triebe. Tee Anbaugebiete sind chinesische Provinzen, n\u00e4mlich Yunnan, Zhejiang, Anhui, Guangxi und Fujian.<\/p>\n<p>&nbsp;<\/p>\n<p><a href=\"http:\/\/teesign77.de\/teesorten.php\">Teesorte: Schwarztee<\/a><\/p>\n<p><a href=\"http:\/\/teesign77.de\/tee-plantagen.php\">Herkunft: China Region Guangxi<\/a><\/p>\n<p>Zubereitung: Gie\u00dfen Sie 1-2 geh\u00e4ufte Teel\u00f6ffel (2-3 g) mit ca.250 ml 90-95\u00b0C hei\u00dfem Wasser auf und lassen Sie den Tee 3-5 min. ziehen.<\/p>\n<p>&nbsp;<\/p>\n","protected":false},"excerpt":{"rendered":"<p>Black Mao Feng mild (30% Junge Sprosse) Erstmalig verf\u00fcgbar, besticht dieser mit goldenen Tips durchzogene Mao Feng durch seinen ausgepr\u00e4gten Charakter. Im Aroma steht die Tasse den bisher bekannten Tees aus Fujian in nichts nach. Aufguss klar und gelb Mao Feng (Mao = behaart, Feng = spitz), Tee aus dem Hochgebirge, leicht gedrehte silbrige Bl\u00e4tter [&hellip;]<\/p>\n","protected":false},"featured_media":6418,"comment_status":"open","ping_status":"closed","template":"","meta":[],"product_brand":[],"product_cat":[33],"product_tag":[66,75,65,523],"class_list":{"0":"post-196","1":"product","2":"type-product","3":"status-publish","4":"has-post-thumbnail","6":"product_cat-schwarz-tee","7":"product_tag-black-tea","8":"product_tag-mao-feng","9":"product_tag-schwarzer-tee","10":"product_tag-schwarztee","11":"product_shipping_class-teezubehoer","13":"first","14":"instock","15":"taxable","16":"shipping-taxable","17":"purchasable","18":"product-type-variable"},"_links":{"self":[{"href":"https:\/\/www.teesign77.de\/teeladen\/wp-json\/wp\/v2\/product\/196","targetHints":{"allow":["GET"]}}],"collection":[{"href":"https:\/\/www.teesign77.de\/teeladen\/wp-json\/wp\/v2\/product"}],"about":[{"href":"https:\/\/www.teesign77.de\/teeladen\/wp-json\/wp\/v2\/types\/product"}],"replies":[{"embeddable":true,"href":"https:\/\/www.teesign77.de\/teeladen\/wp-json\/wp\/v2\/comments?post=196"}],"wp:featuredmedia":[{"embeddable":true,"href":"https:\/\/www.teesign77.de\/teeladen\/wp-json\/wp\/v2\/media\/6418"}],"wp:attachment":[{"href":"https:\/\/www.teesign77.de\/teeladen\/wp-json\/wp\/v2\/media?parent=196"}],"wp:term":[{"taxonomy":"product_brand","embeddable":true,"href":"https:\/\/www.teesign77.de\/teeladen\/wp-json\/wp\/v2\/product_brand?post=196"},{"taxonomy":"product_cat","embeddable":true,"href":"https:\/\/www.teesign77.de\/teeladen\/wp-json\/wp\/v2\/product_cat?post=196"},{"taxonomy":"product_tag","embeddable":true,"href":"https:\/\/www.teesign77.de\/teeladen\/wp-json\/wp\/v2\/product_tag?post=196"}],"curies":[{"name":"wp","href":"https:\/\/api.w.org\/{rel}","templated":true}]}}