{"id":2109,"date":"2020-01-04T17:09:53","date_gmt":"2020-01-04T16:09:53","guid":{"rendered":"https:\/\/teesign77.de\/teeladen\/?post_type=product&#038;p=2109"},"modified":"2022-01-10T15:51:19","modified_gmt":"2022-01-10T14:51:19","slug":"teedose-keramik-600ml","status":"publish","type":"product","link":"https:\/\/www.teesign77.de\/teeladen\/produkt\/teedose-keramik-600ml\/","title":{"rendered":"Tee Dose offene Keramik 600 ml"},"content":{"rendered":"<ul>\n<li>Tee Dose\u00a0offene\u00a0<span class=\"tlid-translation translation\" lang=\"de\"><span class=\"\" title=\"\">Keramik<\/span><\/span><\/li>\n<li><span class=\"tlid-translation translation\" lang=\"de\"><span class=\"\" title=\"\">Keramik<\/span><\/span><\/li>\n<li><span class=\"tlid-translation translation\" lang=\"de\"><span class=\"\" title=\"\">Hellgr\u00fcn<\/span><\/span><\/li>\n<li>\n<div id=\"goodtoknowheader1\" class=\"productsubheadline\" role=\"heading\">Pflegehinweis<\/div>\n<div id=\"careInst\" class=\"texts Wdth\">F\u00fcr Mikrowellenherd nicht geeignet.<br \/>\nSp\u00fclmaschinenfest.<\/div>\n<\/li>\n<li>Breite H\u00f6he,\u00a0<span class=\"tlid-translation translation\" lang=\"de\"><span class=\"\" title=\"\">Kapazit\u00e4t,\u00a0Gewicht 12.8<\/span><\/span>\u00a0cm x 9.5 cm , 600 ml,\u00a0<span class=\"tlid-translation translation\" lang=\"de\"><span class=\"\" title=\"\">850 g<\/span><\/span><\/li>\n<\/ul>\n","protected":false},"excerpt":{"rendered":"<p>Tee Dose\u00a0offene\u00a0Keramik Keramik Hellgr\u00fcn Pflegehinweis F\u00fcr Mikrowellenherd nicht geeignet. Sp\u00fclmaschinenfest. Breite H\u00f6he,\u00a0Kapazit\u00e4t,\u00a0Gewicht 12.8\u00a0cm x 9.5 cm , 600 ml,\u00a0850 g<\/p>\n","protected":false},"featured_media":2110,"comment_status":"open","ping_status":"closed","template":"","meta":[],"product_brand":[],"product_cat":[318,105],"product_tag":[297,147,123,121,149,302],"class_list":{"0":"post-2109","1":"product","2":"type-product","3":"status-publish","4":"has-post-thumbnail","6":"product_cat-teedose","7":"product_cat-teezubehoer","8":"product_tag-dose","9":"product_tag-gruen","10":"product_tag-keramik","11":"product_tag-porzellan","12":"product_tag-tee","13":"product_tag-teedose","14":"product_shipping_class-teezubehoer","16":"first","17":"instock","18":"taxable","19":"shipping-taxable","20":"purchasable","21":"product-type-simple"},"_links":{"self":[{"href":"https:\/\/www.teesign77.de\/teeladen\/wp-json\/wp\/v2\/product\/2109","targetHints":{"allow":["GET"]}}],"collection":[{"href":"https:\/\/www.teesign77.de\/teeladen\/wp-json\/wp\/v2\/product"}],"about":[{"href":"https:\/\/www.teesign77.de\/teeladen\/wp-json\/wp\/v2\/types\/product"}],"replies":[{"embeddable":true,"href":"https:\/\/www.teesign77.de\/teeladen\/wp-json\/wp\/v2\/comments?post=2109"}],"wp:featuredmedia":[{"embeddable":true,"href":"https:\/\/www.teesign77.de\/teeladen\/wp-json\/wp\/v2\/media\/2110"}],"wp:attachment":[{"href":"https:\/\/www.teesign77.de\/teeladen\/wp-json\/wp\/v2\/media?parent=2109"}],"wp:term":[{"taxonomy":"product_brand","embeddable":true,"href":"https:\/\/www.teesign77.de\/teeladen\/wp-json\/wp\/v2\/product_brand?post=2109"},{"taxonomy":"product_cat","embeddable":true,"href":"https:\/\/www.teesign77.de\/teeladen\/wp-json\/wp\/v2\/product_cat?post=2109"},{"taxonomy":"product_tag","embeddable":true,"href":"https:\/\/www.teesign77.de\/teeladen\/wp-json\/wp\/v2\/product_tag?post=2109"}],"curies":[{"name":"wp","href":"https:\/\/api.w.org\/{rel}","templated":true}]}}