{"id":2111,"date":"2020-01-04T17:58:43","date_gmt":"2020-01-04T16:58:43","guid":{"rendered":"https:\/\/teesign77.de\/teeladen\/?post_type=product&#038;p=2111"},"modified":"2022-01-11T19:25:09","modified_gmt":"2022-01-11T18:25:09","slug":"handbecher-quicktasse","status":"publish","type":"product","link":"https:\/\/www.teesign77.de\/teeladen\/produkt\/handbecher-quicktasse\/","title":{"rendered":"Handbecher Porzellan Teetasse 80-150 ml"},"content":{"rendered":"<ul>\n<li>Tee Hand Becher\u00a0<span class=\"tlid-translation translation\" lang=\"de\"><span class=\"\" title=\"\">Wei\u00dfes Porzellan<\/span><\/span><\/li>\n<li><span class=\"tlid-translation translation\" lang=\"de\"><span class=\"\" title=\"\">Gr\u00fcnes Porzellan <\/span><\/span><\/li>\n<li><span class=\"tlid-translation translation\" lang=\"de\"><span class=\"\" title=\"\">Teesieb<\/span><\/span><\/li>\n<li>\n<div id=\"goodtoknowheader1\" class=\"productsubheadline\" role=\"heading\">Pflegehinweis<\/div>\n<div id=\"careInst\" class=\"texts Wdth\">F\u00fcr Mikrowellenherd nicht geeignet.<br \/>\nHand Waschen<\/div>\n<\/li>\n<li>Gr\u00fcn<\/li>\n<li>Breite H\u00f6he <span class=\"tlid-translation translation\" lang=\"de\"><span class=\"\" title=\"\">Kapazit\u00e4t 8.5<\/span><\/span>\u00a0cm x 4.5 cm , 80 ml<\/li>\n<li>Breite H\u00f6he <span class=\"tlid-translation translation\" lang=\"de\"><span class=\"\" title=\"\">Kapazit\u00e4t\u00a0<\/span><\/span>11 cm x 6 cm, 150 ml<\/li>\n<\/ul>\n","protected":false},"excerpt":{"rendered":"<p>Tee Hand Becher\u00a0Wei\u00dfes Porzellan Gr\u00fcnes Porzellan Teesieb Pflegehinweis F\u00fcr Mikrowellenherd nicht geeignet. Hand Waschen Gr\u00fcn Breite H\u00f6he Kapazit\u00e4t 8.5\u00a0cm x 4.5 cm , 80 ml Breite H\u00f6he Kapazit\u00e4t\u00a011 cm x 6 cm, 150 ml<\/p>\n","protected":false},"featured_media":4335,"comment_status":"open","ping_status":"closed","template":"","meta":[],"product_brand":[],"product_cat":[124,105],"product_tag":[113,114,112],"class_list":{"0":"post-2111","1":"product","2":"type-product","3":"status-publish","4":"has-post-thumbnail","6":"product_cat-tee-tasse-becher","7":"product_cat-teezubehoer","8":"product_tag-becher","9":"product_tag-cup","10":"product_tag-glas-tasse","11":"product_shipping_class-teezubehoer","13":"first","14":"instock","15":"taxable","16":"shipping-taxable","17":"purchasable","18":"product-type-simple"},"_links":{"self":[{"href":"https:\/\/www.teesign77.de\/teeladen\/wp-json\/wp\/v2\/product\/2111","targetHints":{"allow":["GET"]}}],"collection":[{"href":"https:\/\/www.teesign77.de\/teeladen\/wp-json\/wp\/v2\/product"}],"about":[{"href":"https:\/\/www.teesign77.de\/teeladen\/wp-json\/wp\/v2\/types\/product"}],"replies":[{"embeddable":true,"href":"https:\/\/www.teesign77.de\/teeladen\/wp-json\/wp\/v2\/comments?post=2111"}],"wp:featuredmedia":[{"embeddable":true,"href":"https:\/\/www.teesign77.de\/teeladen\/wp-json\/wp\/v2\/media\/4335"}],"wp:attachment":[{"href":"https:\/\/www.teesign77.de\/teeladen\/wp-json\/wp\/v2\/media?parent=2111"}],"wp:term":[{"taxonomy":"product_brand","embeddable":true,"href":"https:\/\/www.teesign77.de\/teeladen\/wp-json\/wp\/v2\/product_brand?post=2111"},{"taxonomy":"product_cat","embeddable":true,"href":"https:\/\/www.teesign77.de\/teeladen\/wp-json\/wp\/v2\/product_cat?post=2111"},{"taxonomy":"product_tag","embeddable":true,"href":"https:\/\/www.teesign77.de\/teeladen\/wp-json\/wp\/v2\/product_tag?post=2111"}],"curies":[{"name":"wp","href":"https:\/\/api.w.org\/{rel}","templated":true}]}}