{"id":2208,"date":"2020-01-16T18:47:48","date_gmt":"2020-01-16T17:47:48","guid":{"rendered":"https:\/\/teesign77.de\/teeladen\/?post_type=product&#038;p=2208"},"modified":"2026-02-08T11:24:27","modified_gmt":"2026-02-08T10:24:27","slug":"oolong-green-heart-50-500g","status":"publish","type":"product","link":"https:\/\/www.teesign77.de\/teeladen\/produkt\/oolong-green-heart-50-500g\/","title":{"rendered":"Green Heart Oolong Tee 50-500 g"},"content":{"rendered":"<div style=\"color: #992200;\">\n<h1><span class=\"tlid-translation translation\" lang=\"en\"><span class=\"\" title=\"\">Green Heart Oolong Tee<\/span><\/span><\/h1>\n<h1><span class=\"tlid-translation translation\" lang=\"de\"><span class=\"\" title=\"\">Frischhalte-Vakuumverpackung<\/span><\/span><\/h1>\n<p>Aus der Provinz Yunnan, stammt dieser schnee Oolong in seltener geniessen Sie dieses samtig, nachhaltig ausgepr\u00e4gte leichter Aroma.<\/p>\n<p>F\u00fcr den Oolong Tee m\u00fcssen die Teebl\u00e4tter zun\u00e4chst nach dem Pfl\u00fccken in der Sonne zu welken beginnen. Danach werden sie in einem Raum zum Ruhen gelagert; anschlie\u00dfend findet die Oxidation statt. Die Bl\u00e4tter werden immer wieder leicht gerieben und gesch\u00fcttelt, so dass der austretende Saft mit dem Sauerstoff der Luft reagiert; jedoch nicht so lange wie schwarzer Tee. Die Oxidation wurde klassisch-handwerklich durch das Erhitzen in Eisenpfannen gestoppt. Je nach Oxidationsdauer tendiert der so behandelte Oolong Tee geschmacklich mehr zum Gr\u00fcn- oder zum Schwarztee.<\/p>\n<p>&nbsp;<\/p>\n<p><a href=\"http:\/\/teesign77.de\/teesorten.php\">Teesorte: Oolong Tee<\/a><\/p>\n<p><a href=\"http:\/\/teesign77.de\/tee-plantagen.php\">Herkunft: China Region Yunnan<\/a><\/p>\n<p>Zubereitung: Gie\u00dfen Sie 1-2 geh\u00e4ufte Teel\u00f6ffel (2-3 g) mit ca.250 ml 80-85\u00b0C hei\u00dfem Wasser auf und lassen Sie den Tee 3-5 min. ziehen.<\/p>\n<p>&nbsp;<\/p>\n<\/div>\n","protected":false},"excerpt":{"rendered":"<p>Green Heart Oolong Tee Frischhalte-Vakuumverpackung Aus der Provinz Yunnan, stammt dieser schnee Oolong in seltener geniessen Sie dieses samtig, nachhaltig ausgepr\u00e4gte leichter Aroma. F\u00fcr den Oolong Tee m\u00fcssen die Teebl\u00e4tter zun\u00e4chst nach dem Pfl\u00fccken in der Sonne zu welken beginnen. Danach werden sie in einem Raum zum Ruhen gelagert; anschlie\u00dfend findet die Oxidation statt. Die [&hellip;]<\/p>\n","protected":false},"featured_media":6320,"comment_status":"open","ping_status":"closed","template":"","meta":[],"product_brand":[],"product_cat":[391,34],"product_tag":[78,77,76,513,516],"class_list":{"0":"post-2208","1":"product","2":"type-product","3":"status-publish","4":"has-post-thumbnail","6":"product_cat-neuer-tee","7":"product_cat-oolong-tee","8":"product_tag-oolong-tea","9":"product_tag-oolong-tee","10":"product_tag-tie-guan-yin","11":"product_tag-513","12":"product_tag-516","13":"product_shipping_class-teezubehoer","15":"first","16":"instock","17":"taxable","18":"shipping-taxable","19":"purchasable","20":"product-type-variable","21":"has-default-attributes"},"_links":{"self":[{"href":"https:\/\/www.teesign77.de\/teeladen\/wp-json\/wp\/v2\/product\/2208","targetHints":{"allow":["GET"]}}],"collection":[{"href":"https:\/\/www.teesign77.de\/teeladen\/wp-json\/wp\/v2\/product"}],"about":[{"href":"https:\/\/www.teesign77.de\/teeladen\/wp-json\/wp\/v2\/types\/product"}],"replies":[{"embeddable":true,"href":"https:\/\/www.teesign77.de\/teeladen\/wp-json\/wp\/v2\/comments?post=2208"}],"wp:featuredmedia":[{"embeddable":true,"href":"https:\/\/www.teesign77.de\/teeladen\/wp-json\/wp\/v2\/media\/6320"}],"wp:attachment":[{"href":"https:\/\/www.teesign77.de\/teeladen\/wp-json\/wp\/v2\/media?parent=2208"}],"wp:term":[{"taxonomy":"product_brand","embeddable":true,"href":"https:\/\/www.teesign77.de\/teeladen\/wp-json\/wp\/v2\/product_brand?post=2208"},{"taxonomy":"product_cat","embeddable":true,"href":"https:\/\/www.teesign77.de\/teeladen\/wp-json\/wp\/v2\/product_cat?post=2208"},{"taxonomy":"product_tag","embeddable":true,"href":"https:\/\/www.teesign77.de\/teeladen\/wp-json\/wp\/v2\/product_tag?post=2208"}],"curies":[{"name":"wp","href":"https:\/\/api.w.org\/{rel}","templated":true}]}}