{"id":2229,"date":"2020-01-16T19:22:54","date_gmt":"2020-01-16T18:22:54","guid":{"rendered":"https:\/\/teesign77.de\/teeladen\/?post_type=product&#038;p=2229"},"modified":"2026-02-08T11:19:26","modified_gmt":"2026-02-08T10:19:26","slug":"oolong-gold","status":"publish","type":"product","link":"https:\/\/www.teesign77.de\/teeladen\/produkt\/oolong-gold\/","title":{"rendered":"Gold Oolong 50-100 g"},"content":{"rendered":"<div style=\"color: #992200;\">\n<h1>Gold Oolong<\/h1>\n<h1><span class=\"tlid-translation translation\" lang=\"de\"><span class=\"\" title=\"\">Frischhalte-Vakuumverpackung<\/span><\/span><\/h1>\n<p>Ein wunderbarer Tee mit goldenne Tips und einem weichen, s\u00fc\u00dflichen Geschmack. Der Tee stammt aus der s\u00fcdchinesischen Provinz Yunnan. Die Provinz ist bekannt f\u00fcr seine weichen, milden Tees mit leicht rauchigem Geschmack.<\/p>\n<p>F\u00fcr den Oolong Tee m\u00fcssen die Teebl\u00e4tter zun\u00e4chst nach dem Pfl\u00fccken in der Sonne zu welken beginnen. Danach werden sie in einem Raum zum Ruhen gelagert; anschlie\u00dfend findet die Oxidation statt. Die Bl\u00e4tter werden immer wieder leicht gerieben und gesch\u00fcttelt, so dass der austretende Saft mit dem Sauerstoff der Luft reagiert; jedoch nicht so lange wie schwarzer Tee. Die Oxidation wurde klassisch-handwerklich durch das Erhitzen in Eisenpfannen gestoppt. Je nach Oxidationsdauer tendiert der so behandelte Oolong Tee geschmacklich mehr zum Gr\u00fcn- oder zum Schwarztee.<\/p>\n<p>&nbsp;<\/p>\n<p><a href=\"http:\/\/teesign77.de\/teesorten.php\">Teesorte: Oolong Tee<\/a><\/p>\n<p><a href=\"http:\/\/teesign77.de\/tee-plantagen.php\">Herkunft: China Region Yunnan<\/a><\/p>\n<p>Zubereitung: Gie\u00dfen Sie 1-2 geh\u00e4ufte Teel\u00f6ffel (2-3 g) mit ca.250 ml 80-85\u00b0C hei\u00dfem Wasser auf und lassen Sie den Tee 3-5 min. ziehen.<\/p>\n<\/div>\n","protected":false},"excerpt":{"rendered":"<p>Gold Oolong Frischhalte-Vakuumverpackung Ein wunderbarer Tee mit goldenne Tips und einem weichen, s\u00fc\u00dflichen Geschmack. Der Tee stammt aus der s\u00fcdchinesischen Provinz Yunnan. Die Provinz ist bekannt f\u00fcr seine weichen, milden Tees mit leicht rauchigem Geschmack. F\u00fcr den Oolong Tee m\u00fcssen die Teebl\u00e4tter zun\u00e4chst nach dem Pfl\u00fccken in der Sonne zu welken beginnen. Danach werden sie [&hellip;]<\/p>\n","protected":false},"featured_media":6316,"comment_status":"open","ping_status":"closed","template":"","meta":[],"product_brand":[],"product_cat":[391,34],"product_tag":[78,77,76,513,514],"class_list":{"0":"post-2229","1":"product","2":"type-product","3":"status-publish","4":"has-post-thumbnail","6":"product_cat-neuer-tee","7":"product_cat-oolong-tee","8":"product_tag-oolong-tea","9":"product_tag-oolong-tee","10":"product_tag-tie-guan-yin","11":"product_tag-513","12":"product_tag-514","13":"product_shipping_class-teezubehoer","15":"first","16":"instock","17":"taxable","18":"shipping-taxable","19":"purchasable","20":"product-type-variable","21":"has-default-attributes"},"_links":{"self":[{"href":"https:\/\/www.teesign77.de\/teeladen\/wp-json\/wp\/v2\/product\/2229","targetHints":{"allow":["GET"]}}],"collection":[{"href":"https:\/\/www.teesign77.de\/teeladen\/wp-json\/wp\/v2\/product"}],"about":[{"href":"https:\/\/www.teesign77.de\/teeladen\/wp-json\/wp\/v2\/types\/product"}],"replies":[{"embeddable":true,"href":"https:\/\/www.teesign77.de\/teeladen\/wp-json\/wp\/v2\/comments?post=2229"}],"wp:featuredmedia":[{"embeddable":true,"href":"https:\/\/www.teesign77.de\/teeladen\/wp-json\/wp\/v2\/media\/6316"}],"wp:attachment":[{"href":"https:\/\/www.teesign77.de\/teeladen\/wp-json\/wp\/v2\/media?parent=2229"}],"wp:term":[{"taxonomy":"product_brand","embeddable":true,"href":"https:\/\/www.teesign77.de\/teeladen\/wp-json\/wp\/v2\/product_brand?post=2229"},{"taxonomy":"product_cat","embeddable":true,"href":"https:\/\/www.teesign77.de\/teeladen\/wp-json\/wp\/v2\/product_cat?post=2229"},{"taxonomy":"product_tag","embeddable":true,"href":"https:\/\/www.teesign77.de\/teeladen\/wp-json\/wp\/v2\/product_tag?post=2229"}],"curies":[{"name":"wp","href":"https:\/\/api.w.org\/{rel}","templated":true}]}}