{"id":2276,"date":"2020-01-16T20:48:04","date_gmt":"2020-01-16T19:48:04","guid":{"rendered":"https:\/\/teesign77.de\/teeladen\/?post_type=product&#038;p=2276"},"modified":"2026-02-19T11:37:36","modified_gmt":"2026-02-19T10:37:36","slug":"moonlight-weisser-tee-white","status":"publish","type":"product","link":"https:\/\/www.teesign77.de\/teeladen\/produkt\/moonlight-weisser-tee-white\/","title":{"rendered":"Silver Moonlight wei\u00dfer Tee"},"content":{"rendered":"<h1 style=\"color: #992200;\">Silver Moonlight<\/h1>\n<div><\/div>\n<div style=\"color: #992200;\">Eine Rarit\u00e4t der Spitzenklasse, bestehend aus den Knospen und esten Blatt von 350 Jahre Alten, wildwachsenden Teeb\u00e4umen. Urspr\u00fcnglich, aufregend im Geschmack.<\/div>\n<div><\/div>\n<div style=\"color: #992200;\">Geschmack: weich, nachhaltig, fruchtig<\/div>\n<div style=\"color: #992200;\">\n<p>&nbsp;<\/p>\n<p>Teesorte: wei\u00dfer Tee<\/p>\n<p><a href=\"..\/..\/..\/..\/tee-plantagen.php\">Herkunft: China Region Yunnan<\/a><\/p>\n<p>Zubereitung: Gie\u00dfen Sie 3-4 geh\u00e4ufte Teel\u00f6ffel (2-3 g) mit ca.250 ml 80\u00b0C hei\u00dfem Wasser auf und lassen Sie den Tee 3-5 min. ziehen.<\/p>\n<p>Lagerung: Fest verschlossen, k\u00fchl, dunkel und troken lagern Mindestens haltbar bis 31.07.2022<\/p>\n<h2>Wei\u00dfer Tee<\/h2>\n<p>Wei\u00dfer Tee ist in der Regel ein lediglich zu zwei Prozent anoxidierter Tee. Diese Oxidation vollzieht sich w\u00e4hrend des Welkprozesses auf nat\u00fcrlichem Wege, wird aber bei gr\u00fcnem bzw. wei\u00dfem Tee m\u00f6glichst verhindert. Dabei werden einige Bestandteile des Tees durch Enzyme oxidiert. Produktionsschritte (exemplarisch):<\/p>\n<ul>\n<li>1. Handpfl\u00fcckung der frischen Bl\u00e4tter<\/li>\n<li>2. Abk\u00fchlen\/L\u00fcften der Bl\u00e4tter f\u00fcr etwa 2\u20133 Stunden<\/li>\n<li>3. Welken auf Welkmatten\/K\u00f6rben f\u00fcr ca. 10\u201314 Stunden bei einer Luftfeuchtigkeit von rund 60 % und einer Umgebungstemperatur von 25\u201326 \u00b0C<\/li>\n<li>4. Trocknungsvorgang f\u00fcr 10\u201315 Minuten bei einer Temperatur von 100\u2013130 \u00b0C<\/li>\n<li>5. Sortieren durch Handarbeit<\/li>\n<li>6. Trocknungsvorgang f\u00fcr etwa 12 Min bei einer Temperatur von 130 \u00b0C<\/li>\n<li>7. Mischen und Verpacken<\/li>\n<\/ul>\n<p>Wei\u00dfer Tee, einer der sechs chinesischen Tees, verdankt seinen Namen dem wei\u00dfen, seidenartigen Flaum, der die jungen Teeknospen umschlie\u00dft. Seine Qualit\u00e4t erreicht der wei\u00dfe Tee vor allem durch die besondere Auswahl der Bl\u00e4tter: Nur die unge\u00f6ffneten Blattknospen des Teestrauchs, der in der im S\u00fcden Chinas gelegenen Provinz Fujian angebaut wird, werden f\u00fcr die besonders hochwertigen Sorten wie etwa Yin Zhen verwendet. F\u00fcr die Herstellung eines Kilogramms wei\u00dfen Tees werden rund 30.000 handgepfl\u00fcckte Knospen ben\u00f6tigt. Ihren milden Geschmack erh\u00e4lt diese Teesorte durch die schonende Licht- und Lufttrocknung.<\/p>\n<p>Nicht zuletzt wegen des Polyphenolgehalts wird wei\u00dfem Tee eine gesundheitsf\u00f6rdernde Wirkung zugesprochen. Polyphenole sind hochwirksame Antioxidantien, die freie Radikale unsch\u00e4dlich machen und so das Immunsystem st\u00e4rken sollen. Die Chinesen sagen dem wei\u00dfen Tee auch eine blutdrucksenkende Wirkung nach. Wei\u00dfer Tee enth\u00e4lt Coffein und Theophyllin.<\/p>\n<p>Die bekanntesten und beliebtesten Sorten des wei\u00dfen Tees sind der gro\u00dfbl\u00e4ttrige Pai Mu Tan (wei\u00dfe Pfingstrose\u2018) (Bai-Mudan-Tee), und die hochwertige Sorte Yin Zhen, deutsch \u201aSilbernadel\u2018, f\u00fcr die nur besonders junge und aromatische Triebe des Gro\u00dfen Wei\u00dfteebusches gepfl\u00fcckt werden.<\/p>\n<\/div>\n<p>&nbsp;<\/p>\n<p>&nbsp;<\/p>\n","protected":false},"excerpt":{"rendered":"<p>Silver Moonlight Eine Rarit\u00e4t der Spitzenklasse, bestehend aus den Knospen und esten Blatt von 350 Jahre Alten, wildwachsenden Teeb\u00e4umen. Urspr\u00fcnglich, aufregend im Geschmack. Geschmack: weich, nachhaltig, fruchtig &nbsp; Teesorte: wei\u00dfer Tee Herkunft: China Region Yunnan Zubereitung: Gie\u00dfen Sie 3-4 geh\u00e4ufte Teel\u00f6ffel (2-3 g) mit ca.250 ml 80\u00b0C hei\u00dfem Wasser auf und lassen Sie den Tee [&hellip;]<\/p>\n","protected":false},"featured_media":6295,"comment_status":"open","ping_status":"closed","template":"","meta":[],"product_brand":[],"product_cat":[31],"product_tag":[504,45,46],"class_list":{"0":"post-2276","1":"product","2":"type-product","3":"status-publish","4":"has-post-thumbnail","6":"product_cat-weiss-tee","7":"product_tag-moonlight","8":"product_tag-weisser-tee","9":"product_tag-white-tea","10":"product_shipping_class-teezubehoer","12":"first","13":"instock","14":"taxable","15":"shipping-taxable","16":"purchasable","17":"product-type-variable","18":"has-default-attributes"},"_links":{"self":[{"href":"https:\/\/www.teesign77.de\/teeladen\/wp-json\/wp\/v2\/product\/2276","targetHints":{"allow":["GET"]}}],"collection":[{"href":"https:\/\/www.teesign77.de\/teeladen\/wp-json\/wp\/v2\/product"}],"about":[{"href":"https:\/\/www.teesign77.de\/teeladen\/wp-json\/wp\/v2\/types\/product"}],"replies":[{"embeddable":true,"href":"https:\/\/www.teesign77.de\/teeladen\/wp-json\/wp\/v2\/comments?post=2276"}],"wp:featuredmedia":[{"embeddable":true,"href":"https:\/\/www.teesign77.de\/teeladen\/wp-json\/wp\/v2\/media\/6295"}],"wp:attachment":[{"href":"https:\/\/www.teesign77.de\/teeladen\/wp-json\/wp\/v2\/media?parent=2276"}],"wp:term":[{"taxonomy":"product_brand","embeddable":true,"href":"https:\/\/www.teesign77.de\/teeladen\/wp-json\/wp\/v2\/product_brand?post=2276"},{"taxonomy":"product_cat","embeddable":true,"href":"https:\/\/www.teesign77.de\/teeladen\/wp-json\/wp\/v2\/product_cat?post=2276"},{"taxonomy":"product_tag","embeddable":true,"href":"https:\/\/www.teesign77.de\/teeladen\/wp-json\/wp\/v2\/product_tag?post=2276"}],"curies":[{"name":"wp","href":"https:\/\/api.w.org\/{rel}","templated":true}]}}