{"id":2284,"date":"2020-01-16T21:06:20","date_gmt":"2020-01-16T20:06:20","guid":{"rendered":"https:\/\/teesign77.de\/teeladen\/?post_type=product&#038;p=2284"},"modified":"2023-09-11T17:30:17","modified_gmt":"2023-09-11T15:30:17","slug":"bio-genmaicha-gruentee","status":"publish","type":"product","link":"https:\/\/www.teesign77.de\/teeladen\/produkt\/bio-genmaicha-gruentee\/","title":{"rendered":"Genmaicha Gr\u00fcntee 50-100 g"},"content":{"rendered":"<div style=\"color: #992200;\">\n<h1>Genmaicha Gr\u00fcntee<\/h1>\n<p>eine Mischung aus gutem Sencha und ger\u00f6stetem Vollkornreis, mit nussiger Tasse. Zutaten: Gr\u00fcntee, ger\u00f6steter Reis<\/p>\n<p><a href=\"http:\/\/teesign77.de\/teesorten.php\">Teesorte: Gr\u00fcntee<\/a><\/p>\n<p><a href=\"http:\/\/teesign77.de\/tee-plantagen.php\">Herkunft: China\u00a0<\/a><\/p>\n<p>Zubereitung: Gie\u00dfen Sie 1-2 geh\u00e4ufte Teel\u00f6ffel mit ca.250 ml 80-85\u00b0C hei\u00dfem Wasser auf und lassen Sie den Tee 3-5 min. ziehen.<\/p>\n<p>&nbsp;<\/p>\n<\/div>\n<p>&nbsp;<\/p>\n","protected":false},"excerpt":{"rendered":"<p>Genmaicha Gr\u00fcntee eine Mischung aus gutem Sencha und ger\u00f6stetem Vollkornreis, mit nussiger Tasse. Zutaten: Gr\u00fcntee, ger\u00f6steter Reis Teesorte: Gr\u00fcntee Herkunft: China\u00a0 Zubereitung: Gie\u00dfen Sie 1-2 geh\u00e4ufte Teel\u00f6ffel mit ca.250 ml 80-85\u00b0C hei\u00dfem Wasser auf und lassen Sie den Tee 3-5 min. ziehen. &nbsp; &nbsp;<\/p>\n","protected":false},"featured_media":2289,"comment_status":"open","ping_status":"closed","template":"","meta":[],"product_brand":[],"product_cat":[32],"product_tag":[59,58,56],"class_list":{"0":"post-2284","1":"product","2":"type-product","3":"status-publish","4":"has-post-thumbnail","6":"product_cat-gruen-tee","7":"product_tag-green-tea","8":"product_tag-gruener-mao-feng","9":"product_tag-gruener-tee","10":"product_shipping_class-teezubehoer","12":"first","13":"instock","14":"taxable","15":"shipping-taxable","16":"purchasable","17":"product-type-variable","18":"has-default-attributes"},"_links":{"self":[{"href":"https:\/\/www.teesign77.de\/teeladen\/wp-json\/wp\/v2\/product\/2284","targetHints":{"allow":["GET"]}}],"collection":[{"href":"https:\/\/www.teesign77.de\/teeladen\/wp-json\/wp\/v2\/product"}],"about":[{"href":"https:\/\/www.teesign77.de\/teeladen\/wp-json\/wp\/v2\/types\/product"}],"replies":[{"embeddable":true,"href":"https:\/\/www.teesign77.de\/teeladen\/wp-json\/wp\/v2\/comments?post=2284"}],"wp:featuredmedia":[{"embeddable":true,"href":"https:\/\/www.teesign77.de\/teeladen\/wp-json\/wp\/v2\/media\/2289"}],"wp:attachment":[{"href":"https:\/\/www.teesign77.de\/teeladen\/wp-json\/wp\/v2\/media?parent=2284"}],"wp:term":[{"taxonomy":"product_brand","embeddable":true,"href":"https:\/\/www.teesign77.de\/teeladen\/wp-json\/wp\/v2\/product_brand?post=2284"},{"taxonomy":"product_cat","embeddable":true,"href":"https:\/\/www.teesign77.de\/teeladen\/wp-json\/wp\/v2\/product_cat?post=2284"},{"taxonomy":"product_tag","embeddable":true,"href":"https:\/\/www.teesign77.de\/teeladen\/wp-json\/wp\/v2\/product_tag?post=2284"}],"curies":[{"name":"wp","href":"https:\/\/api.w.org\/{rel}","templated":true}]}}