{"id":232,"date":"2018-09-08T22:43:19","date_gmt":"2018-09-08T20:43:19","guid":{"rendered":"http:\/\/teesign77.de\/teeladen\/?post_type=product&#038;p=232"},"modified":"2022-02-17T15:27:46","modified_gmt":"2022-02-17T14:27:46","slug":"schwarztee-golden-bud","status":"publish","type":"product","link":"https:\/\/www.teesign77.de\/teeladen\/produkt\/schwarztee-golden-bud\/","title":{"rendered":"Golden Bud schwarzer Tee 50-500 g"},"content":{"rendered":"<div style=\"color: +992200;\">\n<h1>Gold Bud (100% Gold Bud junge Sprosse)<\/h1>\n<p>Beste, goldene Tips aus Guangxi mit ausgesprochen aromatischer Tasse und bet\u00f6render Optik. Eine Rarit\u00e4t. Pure Gold: Wird als die beste Art von Guangxi Schwarztee angesehen. Es enth\u00e4lt nur goldene Spitzen, die mit feinen Haaren bedeckt sind. Aus der Entfernung erscheint der getrocknete Tee leuchtend orange. Der Teelik\u00f6r ist leuchtend rot und zeigt ein sanftes Aroma und einen s\u00fc\u00dfen Geschmack. Die Bl\u00e4tter sind nach dem Brauen rotbraun. Goldene Bud ist eine rein schwarze Variante von Guangxi Schwarztee. Die Bl\u00e4tter sind golden und ergeben einen bernsteinfarbenen Aufguss.<\/p>\n<p><a href=\"http:\/\/teesign77.de\/teesorten.php\">Teesorte: Schwarztee<\/a><\/p>\n<p><a href=\"http:\/\/teesign77.de\/tee-plantagen.php\">Herkunft: China Region Guangxi<\/a><\/p>\n<p>Zubereitung: Gie\u00dfen Sie 1-2 geh\u00e4ufte Teel\u00f6ffel (2-3 g) mit ca.250 ml 90-95\u00b0C hei\u00dfem Wasser auf und lassen Sie den Tee 3-5 min. ziehen.<\/p>\n<p>&nbsp;<\/p>\n<\/div>\n<p>&nbsp;<\/p>\n","protected":false},"excerpt":{"rendered":"<p>Gold Bud (100% Gold Bud junge Sprosse) Beste, goldene Tips aus Guangxi mit ausgesprochen aromatischer Tasse und bet\u00f6render Optik. Eine Rarit\u00e4t. Pure Gold: Wird als die beste Art von Guangxi Schwarztee angesehen. Es enth\u00e4lt nur goldene Spitzen, die mit feinen Haaren bedeckt sind. Aus der Entfernung erscheint der getrocknete Tee leuchtend orange. Der Teelik\u00f6r ist [&hellip;]<\/p>\n","protected":false},"featured_media":6386,"comment_status":"open","ping_status":"closed","template":"","meta":[],"product_brand":[],"product_cat":[33],"product_tag":[66,528,65,523],"class_list":{"0":"post-232","1":"product","2":"type-product","3":"status-publish","4":"has-post-thumbnail","6":"product_cat-schwarz-tee","7":"product_tag-black-tea","8":"product_tag-gold-bud","9":"product_tag-schwarzer-tee","10":"product_tag-schwarztee","11":"product_shipping_class-teezubehoer","13":"first","14":"instock","15":"taxable","16":"shipping-taxable","17":"purchasable","18":"product-type-variable","19":"has-default-attributes"},"_links":{"self":[{"href":"https:\/\/www.teesign77.de\/teeladen\/wp-json\/wp\/v2\/product\/232","targetHints":{"allow":["GET"]}}],"collection":[{"href":"https:\/\/www.teesign77.de\/teeladen\/wp-json\/wp\/v2\/product"}],"about":[{"href":"https:\/\/www.teesign77.de\/teeladen\/wp-json\/wp\/v2\/types\/product"}],"replies":[{"embeddable":true,"href":"https:\/\/www.teesign77.de\/teeladen\/wp-json\/wp\/v2\/comments?post=232"}],"wp:featuredmedia":[{"embeddable":true,"href":"https:\/\/www.teesign77.de\/teeladen\/wp-json\/wp\/v2\/media\/6386"}],"wp:attachment":[{"href":"https:\/\/www.teesign77.de\/teeladen\/wp-json\/wp\/v2\/media?parent=232"}],"wp:term":[{"taxonomy":"product_brand","embeddable":true,"href":"https:\/\/www.teesign77.de\/teeladen\/wp-json\/wp\/v2\/product_brand?post=232"},{"taxonomy":"product_cat","embeddable":true,"href":"https:\/\/www.teesign77.de\/teeladen\/wp-json\/wp\/v2\/product_cat?post=232"},{"taxonomy":"product_tag","embeddable":true,"href":"https:\/\/www.teesign77.de\/teeladen\/wp-json\/wp\/v2\/product_tag?post=232"}],"curies":[{"name":"wp","href":"https:\/\/api.w.org\/{rel}","templated":true}]}}