{"id":2342,"date":"2020-01-17T18:24:19","date_gmt":"2020-01-17T17:24:19","guid":{"rendered":"https:\/\/teesign77.de\/teeladen\/?post_type=product&#038;p=2342"},"modified":"2026-02-08T11:21:10","modified_gmt":"2026-02-08T10:21:10","slug":"pu-ehr-tee","status":"publish","type":"product","link":"https:\/\/www.teesign77.de\/teeladen\/produkt\/pu-ehr-tee\/","title":{"rendered":"Gold Pu Ehr Tee 50-100 g"},"content":{"rendered":"<div style=\"color: #992200;\">\n<h1>Gold Pu Ehr Junge Sprossen<strong><br \/>\n<\/strong><\/h1>\n<p>filigranes, rostbraunes und hochtippiges Blatt, mit betont weich ausgebauten Nuancen. Die Tasse ist kraftvoll und dunkel. Geschmack: Erdig, weich, ausdrucksstark.<\/p>\n<p><a href=\"http:\/\/teesign77.de\/teesorten.php\">Teesorte: Schwarzer Tee<\/a><\/p>\n<p><a href=\"http:\/\/teesign77.de\/tee-plantagen.php\">Herkunft: China\u00a0<\/a><\/p>\n<p>Zubereitung: Gie\u00dfen Sie 1-2 geh\u00e4ufte Teel\u00f6ffel mit ca.250 ml 80-85\u00b0C hei\u00dfem Wasser auf und lassen Sie den Tee 3-5 min. ziehen.<\/p>\n<\/div>\n<p>&nbsp;<\/p>\n","protected":false},"excerpt":{"rendered":"<p>Gold Pu Ehr Junge Sprossen filigranes, rostbraunes und hochtippiges Blatt, mit betont weich ausgebauten Nuancen. Die Tasse ist kraftvoll und dunkel. Geschmack: Erdig, weich, ausdrucksstark. Teesorte: Schwarzer Tee Herkunft: China\u00a0 Zubereitung: Gie\u00dfen Sie 1-2 geh\u00e4ufte Teel\u00f6ffel mit ca.250 ml 80-85\u00b0C hei\u00dfem Wasser auf und lassen Sie den Tee 3-5 min. ziehen. &nbsp;<\/p>\n","protected":false},"featured_media":6434,"comment_status":"open","ping_status":"closed","template":"","meta":[],"product_brand":[],"product_cat":[391,35,33],"product_tag":[66,531,65,523],"class_list":{"0":"post-2342","1":"product","2":"type-product","3":"status-publish","4":"has-post-thumbnail","6":"product_cat-neuer-tee","7":"product_cat-pu-ehr-tee","8":"product_cat-schwarz-tee","9":"product_tag-black-tea","10":"product_tag-pu-ehr","11":"product_tag-schwarzer-tee","12":"product_tag-schwarztee","13":"product_shipping_class-teezubehoer","15":"first","16":"instock","17":"taxable","18":"shipping-taxable","19":"purchasable","20":"product-type-variable","21":"has-default-attributes"},"_links":{"self":[{"href":"https:\/\/www.teesign77.de\/teeladen\/wp-json\/wp\/v2\/product\/2342","targetHints":{"allow":["GET"]}}],"collection":[{"href":"https:\/\/www.teesign77.de\/teeladen\/wp-json\/wp\/v2\/product"}],"about":[{"href":"https:\/\/www.teesign77.de\/teeladen\/wp-json\/wp\/v2\/types\/product"}],"replies":[{"embeddable":true,"href":"https:\/\/www.teesign77.de\/teeladen\/wp-json\/wp\/v2\/comments?post=2342"}],"wp:featuredmedia":[{"embeddable":true,"href":"https:\/\/www.teesign77.de\/teeladen\/wp-json\/wp\/v2\/media\/6434"}],"wp:attachment":[{"href":"https:\/\/www.teesign77.de\/teeladen\/wp-json\/wp\/v2\/media?parent=2342"}],"wp:term":[{"taxonomy":"product_brand","embeddable":true,"href":"https:\/\/www.teesign77.de\/teeladen\/wp-json\/wp\/v2\/product_brand?post=2342"},{"taxonomy":"product_cat","embeddable":true,"href":"https:\/\/www.teesign77.de\/teeladen\/wp-json\/wp\/v2\/product_cat?post=2342"},{"taxonomy":"product_tag","embeddable":true,"href":"https:\/\/www.teesign77.de\/teeladen\/wp-json\/wp\/v2\/product_tag?post=2342"}],"curies":[{"name":"wp","href":"https:\/\/api.w.org\/{rel}","templated":true}]}}