{"id":2350,"date":"2020-01-17T19:43:22","date_gmt":"2020-01-17T18:43:22","guid":{"rendered":"https:\/\/teesign77.de\/teeladen\/?post_type=product&#038;p=2350"},"modified":"2022-02-16T18:19:58","modified_gmt":"2022-02-16T17:19:58","slug":"green-needles-gruentee","status":"publish","type":"product","link":"https:\/\/www.teesign77.de\/teeladen\/produkt\/green-needles-gruentee\/","title":{"rendered":"Green Needles Gr\u00fcner Tee 50-500 g"},"content":{"rendered":"<div style=\"color: #992200;\">\n<h1>Green Needles<\/h1>\n<p>klassische Pfl\u00fcckung. Helle Blattknospen verbinden sich<br \/>\nmit zarten Teebl\u00e4ttern zu einem unverwechselbaren Aroma.<\/p>\n<p><a href=\"http:\/\/teesign77.de\/teesorten.php\">Teesorte: Gr\u00fcntee<\/a><\/p>\n<p><a href=\"http:\/\/teesign77.de\/tee-plantagen.php\">Herkunft: China Feng Qin<\/a><\/p>\n<p>Zubereitung: Gie\u00dfen Sie 1-2 geh\u00e4ufte Teel\u00f6ffel mit ca.250 ml 80-85\u00b0C hei\u00dfem Wasser auf und lassen Sie den Tee 3-5 min. ziehen.<\/p>\n<p>&nbsp;<\/p>\n<\/div>\n<p>&nbsp;<\/p>\n","protected":false},"excerpt":{"rendered":"<p>Green Needles klassische Pfl\u00fcckung. Helle Blattknospen verbinden sich mit zarten Teebl\u00e4ttern zu einem unverwechselbaren Aroma. Teesorte: Gr\u00fcntee Herkunft: China Feng Qin Zubereitung: Gie\u00dfen Sie 1-2 geh\u00e4ufte Teel\u00f6ffel mit ca.250 ml 80-85\u00b0C hei\u00dfem Wasser auf und lassen Sie den Tee 3-5 min. ziehen. &nbsp; &nbsp;<\/p>\n","protected":false},"featured_media":6359,"comment_status":"open","ping_status":"closed","template":"","meta":[],"product_brand":[],"product_cat":[32,391],"product_tag":[59,58,56],"class_list":{"0":"post-2350","1":"product","2":"type-product","3":"status-publish","4":"has-post-thumbnail","6":"product_cat-gruen-tee","7":"product_cat-neuer-tee","8":"product_tag-green-tea","9":"product_tag-gruener-mao-feng","10":"product_tag-gruener-tee","11":"product_shipping_class-teezubehoer","13":"first","14":"instock","15":"taxable","16":"shipping-taxable","17":"purchasable","18":"product-type-variable","19":"has-default-attributes"},"_links":{"self":[{"href":"https:\/\/www.teesign77.de\/teeladen\/wp-json\/wp\/v2\/product\/2350","targetHints":{"allow":["GET"]}}],"collection":[{"href":"https:\/\/www.teesign77.de\/teeladen\/wp-json\/wp\/v2\/product"}],"about":[{"href":"https:\/\/www.teesign77.de\/teeladen\/wp-json\/wp\/v2\/types\/product"}],"replies":[{"embeddable":true,"href":"https:\/\/www.teesign77.de\/teeladen\/wp-json\/wp\/v2\/comments?post=2350"}],"wp:featuredmedia":[{"embeddable":true,"href":"https:\/\/www.teesign77.de\/teeladen\/wp-json\/wp\/v2\/media\/6359"}],"wp:attachment":[{"href":"https:\/\/www.teesign77.de\/teeladen\/wp-json\/wp\/v2\/media?parent=2350"}],"wp:term":[{"taxonomy":"product_brand","embeddable":true,"href":"https:\/\/www.teesign77.de\/teeladen\/wp-json\/wp\/v2\/product_brand?post=2350"},{"taxonomy":"product_cat","embeddable":true,"href":"https:\/\/www.teesign77.de\/teeladen\/wp-json\/wp\/v2\/product_cat?post=2350"},{"taxonomy":"product_tag","embeddable":true,"href":"https:\/\/www.teesign77.de\/teeladen\/wp-json\/wp\/v2\/product_tag?post=2350"}],"curies":[{"name":"wp","href":"https:\/\/api.w.org\/{rel}","templated":true}]}}