{"id":238,"date":"2018-09-05T16:10:35","date_gmt":"2018-09-05T14:10:35","guid":{"rendered":"http:\/\/teesign77.de\/teeladen\/?post_type=product&#038;p=238"},"modified":"2021-03-04T20:13:42","modified_gmt":"2021-03-04T19:13:42","slug":"schwarzer-tee-ctc","status":"publish","type":"product","link":"https:\/\/www.teesign77.de\/teeladen\/produkt\/schwarzer-tee-ctc\/","title":{"rendered":"Breakfast Tee CTC schwarzer Tee 100 g, 500 g, 1 kg, 2 kg"},"content":{"rendered":"<div style=\"color: #992200;\">\n<h1>China Breakfast Broken Black Tea CTC China Yunnan (mit Milch und Zucker super Lecker und Aroma!!!)<\/h1>\n<p>Die Tees sind kr\u00e4ftig, intensiv mit dunkler Tasse. Kugeliges Blatt mit ausgesprochen aromatischer Tasse und unvergleichlichem Aroma. Kraftvolle Eleganz f\u00fcr Liebhaber guten Tees. Der Geschmack kann so stark sein. Das ist einer der bekanntesten Tees in China, aber au\u00dferhalb ist er noch weitgehend unbekannt. Yunnan Dian Hong Teebl\u00e4tter wachsen in \u00fcber 1000 m H\u00f6he und in den kalten Temperaturen der Berge wachsen die Bl\u00e4tter langsamer und bekommen einen einzigartig intensiven Geschmack.<\/p>\n<p>Teesorte: schwarzer Tee<\/p>\n<p>Herkunft: China Region Yunnan<\/p>\n<p>Zubereitung: Gie\u00dfen Sie 1-2 geh\u00e4ufte Teel\u00f6ffel mit ca.250 ml 95\u00b0C hei\u00dfem Wasser auf und lassen Sie den Tee 3-5 min. ziehen. CTC wird \u00fcblicherweise ohne Milch und Zucker getrunken; au\u00dferhalb Chinas manchmal mit Milch und Zucker.<\/p>\n<p>Lagerung: Fest verschlossen, k\u00fchl, dunkel und troken lagern Mindestens haltbar bis 31.07.2022<\/p>\n<\/div>\n<p>&nbsp;<\/p>\n","protected":false},"excerpt":{"rendered":"<p>China Breakfast Broken Black Tea CTC China Yunnan (mit Milch und Zucker super Lecker und Aroma!!!) Die Tees sind kr\u00e4ftig, intensiv mit dunkler Tasse. Kugeliges Blatt mit ausgesprochen aromatischer Tasse und unvergleichlichem Aroma. Kraftvolle Eleganz f\u00fcr Liebhaber guten Tees. Der Geschmack kann so stark sein. Das ist einer der bekanntesten Tees in China, aber au\u00dferhalb [&hellip;]<\/p>\n","protected":false},"featured_media":682,"comment_status":"open","ping_status":"closed","template":"","meta":[],"product_brand":[],"product_cat":[33],"product_tag":[66,81,65],"class_list":{"0":"post-238","1":"product","2":"type-product","3":"status-publish","4":"has-post-thumbnail","6":"product_cat-schwarz-tee","7":"product_tag-black-tea","8":"product_tag-ctc-yunnan","9":"product_tag-schwarzer-tee","10":"product_shipping_class-teezubehoer","12":"first","13":"instock","14":"taxable","15":"shipping-taxable","16":"purchasable","17":"product-type-variable","18":"has-default-attributes"},"_links":{"self":[{"href":"https:\/\/www.teesign77.de\/teeladen\/wp-json\/wp\/v2\/product\/238","targetHints":{"allow":["GET"]}}],"collection":[{"href":"https:\/\/www.teesign77.de\/teeladen\/wp-json\/wp\/v2\/product"}],"about":[{"href":"https:\/\/www.teesign77.de\/teeladen\/wp-json\/wp\/v2\/types\/product"}],"replies":[{"embeddable":true,"href":"https:\/\/www.teesign77.de\/teeladen\/wp-json\/wp\/v2\/comments?post=238"}],"wp:featuredmedia":[{"embeddable":true,"href":"https:\/\/www.teesign77.de\/teeladen\/wp-json\/wp\/v2\/media\/682"}],"wp:attachment":[{"href":"https:\/\/www.teesign77.de\/teeladen\/wp-json\/wp\/v2\/media?parent=238"}],"wp:term":[{"taxonomy":"product_brand","embeddable":true,"href":"https:\/\/www.teesign77.de\/teeladen\/wp-json\/wp\/v2\/product_brand?post=238"},{"taxonomy":"product_cat","embeddable":true,"href":"https:\/\/www.teesign77.de\/teeladen\/wp-json\/wp\/v2\/product_cat?post=238"},{"taxonomy":"product_tag","embeddable":true,"href":"https:\/\/www.teesign77.de\/teeladen\/wp-json\/wp\/v2\/product_tag?post=238"}],"curies":[{"name":"wp","href":"https:\/\/api.w.org\/{rel}","templated":true}]}}