{"id":2457,"date":"2020-03-07T19:17:03","date_gmt":"2020-03-07T18:17:03","guid":{"rendered":"https:\/\/teesign77.de\/teeladen\/?post_type=product&#038;p=2457"},"modified":"2022-08-19T18:39:11","modified_gmt":"2022-08-19T16:39:11","slug":"grapes11","status":"publish","type":"product","link":"https:\/\/www.teesign77.de\/teeladen\/produkt\/grapes11\/","title":{"rendered":"Fr\u00fchling Forsythie japanische chinesische Tusche Malerei grapes chinese japanese sumie painting Heim Haus B\u00fcro Deko Wand Kunst"},"content":{"rendered":"<p>Forsythie Tusche Malerei<\/p>\n<p>Bildgr\u00f6\u00dfe: 45 x 34 cm<br \/>\nTechnik: Tuschemalerei<br \/>\nFarbe: Schwarz und Gelb<br \/>\nhandgemaltes Unikat<br \/>\nK\u00fcnstlerstempl und Unterschrift<br \/>\nHandgemaltes Original<br \/>\nUnikat dirkt vom K\u00fcnstler Tailai Zhang<\/p>\n<p>Malerei ist nicht verfilzt und ungerahmt<br \/>\nGem\u00e4lde ist signiert und gestempelt.<br \/>\nBilder k\u00f6nnen International versendet werden.<br \/>\nBitte kontaktieren Sie den Shop, wenn Sie irgendwelche Fragen haben!<\/p>\n<p>Forsythie sumie painting<\/p>\n<p>Picture size: 45 x 34 cm<br \/>\nTechnique: Ink painting<br \/>\nColor: black and yellow<br \/>\nHand-painted unique<br \/>\nArtist&#8217;s stamp and signature<br \/>\nHand painted original<br \/>\nUnikat direct from the artist\u00b4s Tailai Zhang<\/p>\n<p>Painting is not matted and unframed<br \/>\nPainting is signed and stamped.<br \/>\nImages can be shipped internationally.<br \/>\nPlease contact the shop if you have any questions!<\/p>\n","protected":false},"excerpt":{"rendered":"<p>Forsythie Tusche Malerei Bildgr\u00f6\u00dfe: 45 x 34 cm Technik: Tuschemalerei Farbe: Schwarz und Gelb handgemaltes Unikat K\u00fcnstlerstempl und Unterschrift Handgemaltes Original Unikat dirkt vom K\u00fcnstler Tailai Zhang Malerei ist nicht verfilzt und ungerahmt Gem\u00e4lde ist signiert und gestempelt. Bilder k\u00f6nnen International versendet werden. Bitte kontaktieren Sie den Shop, wenn Sie irgendwelche Fragen haben! Forsythie sumie [&hellip;]<\/p>\n","protected":false},"featured_media":6641,"comment_status":"open","ping_status":"closed","template":"","meta":[],"product_brand":[],"product_cat":[236,82],"product_tag":[540,323,84,539,547],"class_list":{"0":"post-2457","1":"product","2":"type-product","3":"status-publish","4":"has-post-thumbnail","6":"product_cat-blumen-kollecktion","7":"product_cat-malerei","8":"product_tag-forsythie","9":"product_tag-sumie-painting","10":"product_tag-tuschemalerei","11":"product_tag-539","12":"product_tag-547","14":"first","15":"instock","16":"purchasable","17":"product-type-simple"},"_links":{"self":[{"href":"https:\/\/www.teesign77.de\/teeladen\/wp-json\/wp\/v2\/product\/2457","targetHints":{"allow":["GET"]}}],"collection":[{"href":"https:\/\/www.teesign77.de\/teeladen\/wp-json\/wp\/v2\/product"}],"about":[{"href":"https:\/\/www.teesign77.de\/teeladen\/wp-json\/wp\/v2\/types\/product"}],"replies":[{"embeddable":true,"href":"https:\/\/www.teesign77.de\/teeladen\/wp-json\/wp\/v2\/comments?post=2457"}],"wp:featuredmedia":[{"embeddable":true,"href":"https:\/\/www.teesign77.de\/teeladen\/wp-json\/wp\/v2\/media\/6641"}],"wp:attachment":[{"href":"https:\/\/www.teesign77.de\/teeladen\/wp-json\/wp\/v2\/media?parent=2457"}],"wp:term":[{"taxonomy":"product_brand","embeddable":true,"href":"https:\/\/www.teesign77.de\/teeladen\/wp-json\/wp\/v2\/product_brand?post=2457"},{"taxonomy":"product_cat","embeddable":true,"href":"https:\/\/www.teesign77.de\/teeladen\/wp-json\/wp\/v2\/product_cat?post=2457"},{"taxonomy":"product_tag","embeddable":true,"href":"https:\/\/www.teesign77.de\/teeladen\/wp-json\/wp\/v2\/product_tag?post=2457"}],"curies":[{"name":"wp","href":"https:\/\/api.w.org\/{rel}","templated":true}]}}