{"id":2606,"date":"2020-05-03T15:28:06","date_gmt":"2020-05-03T13:28:06","guid":{"rendered":"https:\/\/teesign77.de\/teeladen\/?post_type=product&#038;p=2606"},"modified":"2022-01-10T21:58:21","modified_gmt":"2022-01-10T20:58:21","slug":"teedose-keramik-black-white","status":"publish","type":"product","link":"https:\/\/www.teesign77.de\/teeladen\/produkt\/teedose-keramik-black-white\/","title":{"rendered":"Tee Dose offene Keramik 1300 ml"},"content":{"rendered":"<ul>\n<li>Tee Dose\u00a0offene\u00a0<span class=\"tlid-translation translation\" lang=\"de\"><span class=\"\" title=\"\">Keramik<\/span><\/span><\/li>\n<li><span class=\"tlid-translation translation\" lang=\"de\"><span class=\"\" title=\"\">Keramik<\/span><\/span><\/li>\n<li><span class=\"tlid-translation translation\" lang=\"de\"><span class=\"\" title=\"\">Schwarz Wei\u00df<\/span><\/span><\/li>\n<li>\n<div id=\"goodtoknowheader1\" class=\"productsubheadline\" role=\"heading\">Pflegehinweis<\/div>\n<div id=\"careInst\" class=\"texts Wdth\">F\u00fcr Mikrowellenherd nicht geeignet.<br \/>\nSp\u00fclmaschinenfest.<\/div>\n<\/li>\n<li>Breite H\u00f6he,\u00a0<span class=\"tlid-translation translation\" lang=\"de\"><span class=\"\" title=\"\">Kapazit\u00e4t, Gewicht 16.7<\/span><\/span> cm x\u00a0 16 cm , 1300 ml, 7<span class=\"tlid-translation translation\" lang=\"de\"><span class=\"\" title=\"\">50 g<\/span><\/span><\/li>\n<\/ul>\n","protected":false},"excerpt":{"rendered":"<p>Tee Dose\u00a0offene\u00a0Keramik Keramik Schwarz Wei\u00df Pflegehinweis F\u00fcr Mikrowellenherd nicht geeignet. Sp\u00fclmaschinenfest. Breite H\u00f6he,\u00a0Kapazit\u00e4t, Gewicht 16.7 cm x\u00a0 16 cm , 1300 ml, 750 g<\/p>\n","protected":false},"featured_media":4298,"comment_status":"open","ping_status":"closed","template":"","meta":[],"product_brand":[],"product_cat":[318,105],"product_tag":[297,147,123,121,149,302],"class_list":{"0":"post-2606","1":"product","2":"type-product","3":"status-publish","4":"has-post-thumbnail","6":"product_cat-teedose","7":"product_cat-teezubehoer","8":"product_tag-dose","9":"product_tag-gruen","10":"product_tag-keramik","11":"product_tag-porzellan","12":"product_tag-tee","13":"product_tag-teedose","14":"product_shipping_class-teezubehoer","16":"first","17":"instock","18":"taxable","19":"shipping-taxable","20":"purchasable","21":"product-type-simple"},"_links":{"self":[{"href":"https:\/\/www.teesign77.de\/teeladen\/wp-json\/wp\/v2\/product\/2606","targetHints":{"allow":["GET"]}}],"collection":[{"href":"https:\/\/www.teesign77.de\/teeladen\/wp-json\/wp\/v2\/product"}],"about":[{"href":"https:\/\/www.teesign77.de\/teeladen\/wp-json\/wp\/v2\/types\/product"}],"replies":[{"embeddable":true,"href":"https:\/\/www.teesign77.de\/teeladen\/wp-json\/wp\/v2\/comments?post=2606"}],"wp:featuredmedia":[{"embeddable":true,"href":"https:\/\/www.teesign77.de\/teeladen\/wp-json\/wp\/v2\/media\/4298"}],"wp:attachment":[{"href":"https:\/\/www.teesign77.de\/teeladen\/wp-json\/wp\/v2\/media?parent=2606"}],"wp:term":[{"taxonomy":"product_brand","embeddable":true,"href":"https:\/\/www.teesign77.de\/teeladen\/wp-json\/wp\/v2\/product_brand?post=2606"},{"taxonomy":"product_cat","embeddable":true,"href":"https:\/\/www.teesign77.de\/teeladen\/wp-json\/wp\/v2\/product_cat?post=2606"},{"taxonomy":"product_tag","embeddable":true,"href":"https:\/\/www.teesign77.de\/teeladen\/wp-json\/wp\/v2\/product_tag?post=2606"}],"curies":[{"name":"wp","href":"https:\/\/api.w.org\/{rel}","templated":true}]}}