{"id":2640,"date":"2020-05-03T18:58:30","date_gmt":"2020-05-03T16:58:30","guid":{"rendered":"https:\/\/teesign77.de\/teeladen\/?post_type=product&#038;p=2640"},"modified":"2020-05-04T17:07:51","modified_gmt":"2020-05-04T15:07:51","slug":"vasse-j2","status":"publish","type":"product","link":"https:\/\/www.teesign77.de\/teeladen\/produkt\/vasse-j2\/","title":{"rendered":"Gr\u00fcne mini Vasse Jade Porzellan"},"content":{"rendered":"<ul>\n<li>Gr\u00fcne mini Vasse Jade Porzellan Dekoration<\/li>\n<li><span class=\"tlid-translation translation\" lang=\"de\"><span class=\"\" title=\"\">Porzellan <\/span><\/span><\/li>\n<li><span class=\"tlid-translation translation\" lang=\"de\"><span class=\"\" title=\"\">Dekoration<\/span><\/span><\/li>\n<li><span class=\"tlid-translation translation\" lang=\"de\"><span class=\"\" title=\"\">Gr\u00fcn<\/span><\/span><\/li>\n<li>Breite H\u00f6he Durchmesser ca. <span class=\"tlid-translation translation\" lang=\"de\"><span class=\"\" title=\"\">9<\/span><\/span> cm x\u00a0 6.7 cm x 11 cm<\/li>\n<\/ul>\n","protected":false},"excerpt":{"rendered":"<p>Gr\u00fcne mini Vasse Jade Porzellan Dekoration Porzellan Dekoration Gr\u00fcn Breite H\u00f6he Durchmesser ca. 9 cm x\u00a0 6.7 cm x 11 cm<\/p>\n","protected":false},"featured_media":2643,"comment_status":"open","ping_status":"closed","template":"","meta":[],"product_brand":[],"product_cat":[325],"product_tag":[182,326,331,123,329,328,121,330,327,196],"class_list":{"0":"post-2640","1":"product","2":"type-product","3":"status-publish","4":"has-post-thumbnail","6":"product_cat-geschenk","7":"product_tag-chinesisch","8":"product_tag-geschenk","9":"product_tag-gift","10":"product_tag-keramik","11":"product_tag-kungfu","12":"product_tag-panda","13":"product_tag-porzellan","14":"product_tag-schwarz","15":"product_tag-spielzeug","16":"product_tag-weiss","18":"first","19":"instock","20":"purchasable","21":"product-type-simple"},"_links":{"self":[{"href":"https:\/\/www.teesign77.de\/teeladen\/wp-json\/wp\/v2\/product\/2640","targetHints":{"allow":["GET"]}}],"collection":[{"href":"https:\/\/www.teesign77.de\/teeladen\/wp-json\/wp\/v2\/product"}],"about":[{"href":"https:\/\/www.teesign77.de\/teeladen\/wp-json\/wp\/v2\/types\/product"}],"replies":[{"embeddable":true,"href":"https:\/\/www.teesign77.de\/teeladen\/wp-json\/wp\/v2\/comments?post=2640"}],"wp:featuredmedia":[{"embeddable":true,"href":"https:\/\/www.teesign77.de\/teeladen\/wp-json\/wp\/v2\/media\/2643"}],"wp:attachment":[{"href":"https:\/\/www.teesign77.de\/teeladen\/wp-json\/wp\/v2\/media?parent=2640"}],"wp:term":[{"taxonomy":"product_brand","embeddable":true,"href":"https:\/\/www.teesign77.de\/teeladen\/wp-json\/wp\/v2\/product_brand?post=2640"},{"taxonomy":"product_cat","embeddable":true,"href":"https:\/\/www.teesign77.de\/teeladen\/wp-json\/wp\/v2\/product_cat?post=2640"},{"taxonomy":"product_tag","embeddable":true,"href":"https:\/\/www.teesign77.de\/teeladen\/wp-json\/wp\/v2\/product_tag?post=2640"}],"curies":[{"name":"wp","href":"https:\/\/api.w.org\/{rel}","templated":true}]}}