{"id":3088,"date":"2020-08-06T15:29:51","date_gmt":"2020-08-06T13:29:51","guid":{"rendered":"https:\/\/teesign77.de\/teeladen\/?post_type=product&#038;p=3088"},"modified":"2022-08-23T15:55:04","modified_gmt":"2022-08-23T13:55:04","slug":"daisy18","status":"publish","type":"product","link":"https:\/\/www.teesign77.de\/teeladen\/produkt\/daisy18\/","title":{"rendered":"Chrysantheme daisy japanische chinesische Tusche Malerei Heim Haus B\u00fcro Deko Wand Kunst"},"content":{"rendered":"<p>Chrysantheme daisy japanische chinesische Tusche Malerei chinese painting Heim Haus B\u00fcro Deko Wand Kunst<\/p>\n<p>Bildgr\u00f6\u00dfe: 23 x 34 cm<br \/>\nTechnik: Tuschemalerei<br \/>\nFarbe: Schwarz und Gelb<br \/>\nhandgemaltes Unikat<br \/>\nK\u00fcnstlerstempl und Unterschrift<br \/>\nHandgemaltes Original<br \/>\nUnikat dirkt vom K\u00fcnstler Tailai Zhang<\/p>\n<p>Malerei ist nicht verfilzt und ungerahmt<br \/>\nGem\u00e4lde ist signiert und gestempelt.<br \/>\nBilder k\u00f6nnen International versendet werden.<br \/>\nBitte kontaktieren Sie den Shop, wenn Sie irgendwelche Fragen haben!<\/p>\n<p>Daisies Chinese Japanese ink painting office home Haus decor wall art<\/p>\n<p>Picture size: 23 x 34 cm<br \/>\nTechnique: Ink painting<br \/>\nColor: black and yellow<br \/>\nHand-painted unique<br \/>\nArtist&#8217;s stamp and signature<br \/>\nHand painted original<br \/>\nUnikat direct from the artist Tailai Zhang<\/p>\n<p>Hand painted original<br \/>\nUnikat direct from the artist\u00b4s Tailai Zhang<\/p>\n<p>Painting is not matted and unframed<br \/>\nPainting is signed and stamped.<br \/>\nImages can be shipped internationally.<br \/>\nPlease contact the shop if you have any questions!<\/p>\n","protected":false},"excerpt":{"rendered":"<p>Chrysantheme daisy japanische chinesische Tusche Malerei chinese painting Heim Haus B\u00fcro Deko Wand Kunst Bildgr\u00f6\u00dfe: 23 x 34 cm Technik: Tuschemalerei Farbe: Schwarz und Gelb handgemaltes Unikat K\u00fcnstlerstempl und Unterschrift Handgemaltes Original Unikat dirkt vom K\u00fcnstler Tailai Zhang Malerei ist nicht verfilzt und ungerahmt Gem\u00e4lde ist signiert und gestempelt. Bilder k\u00f6nnen International versendet werden. Bitte [&hellip;]<\/p>\n","protected":false},"featured_media":3090,"comment_status":"open","ping_status":"closed","template":"","meta":[],"product_brand":[],"product_cat":[236,82],"product_tag":[272,202,175,159,200,270,273,199,268,275,92,269,163,84,271,274],"class_list":{"0":"post-3088","1":"product","2":"type-product","3":"status-publish","4":"has-post-thumbnail","6":"product_cat-blumen-kollecktion","7":"product_cat-malerei","8":"product_tag-art","9":"product_tag-chinesische","10":"product_tag-chrysantheme","11":"product_tag-daisies","12":"product_tag-daisy","13":"product_tag-decor","14":"product_tag-deko","15":"product_tag-gaensebluemchen","16":"product_tag-home","17":"product_tag-kunst","18":"product_tag-malerei","19":"product_tag-office","20":"product_tag-painting","21":"product_tag-tuschemalerei","22":"product_tag-wall","23":"product_tag-wand","25":"first","26":"instock","27":"purchasable","28":"product-type-simple"},"_links":{"self":[{"href":"https:\/\/www.teesign77.de\/teeladen\/wp-json\/wp\/v2\/product\/3088","targetHints":{"allow":["GET"]}}],"collection":[{"href":"https:\/\/www.teesign77.de\/teeladen\/wp-json\/wp\/v2\/product"}],"about":[{"href":"https:\/\/www.teesign77.de\/teeladen\/wp-json\/wp\/v2\/types\/product"}],"replies":[{"embeddable":true,"href":"https:\/\/www.teesign77.de\/teeladen\/wp-json\/wp\/v2\/comments?post=3088"}],"wp:featuredmedia":[{"embeddable":true,"href":"https:\/\/www.teesign77.de\/teeladen\/wp-json\/wp\/v2\/media\/3090"}],"wp:attachment":[{"href":"https:\/\/www.teesign77.de\/teeladen\/wp-json\/wp\/v2\/media?parent=3088"}],"wp:term":[{"taxonomy":"product_brand","embeddable":true,"href":"https:\/\/www.teesign77.de\/teeladen\/wp-json\/wp\/v2\/product_brand?post=3088"},{"taxonomy":"product_cat","embeddable":true,"href":"https:\/\/www.teesign77.de\/teeladen\/wp-json\/wp\/v2\/product_cat?post=3088"},{"taxonomy":"product_tag","embeddable":true,"href":"https:\/\/www.teesign77.de\/teeladen\/wp-json\/wp\/v2\/product_tag?post=3088"}],"curies":[{"name":"wp","href":"https:\/\/api.w.org\/{rel}","templated":true}]}}