{"id":3330,"date":"2020-11-07T17:54:50","date_gmt":"2020-11-07T16:54:50","guid":{"rendered":"https:\/\/teesign77.de\/teeladen\/?post_type=product&#038;p=3330"},"modified":"2023-02-10T18:47:20","modified_gmt":"2023-02-10T17:47:20","slug":"teetasse-330","status":"publish","type":"product","link":"https:\/\/www.teesign77.de\/teeladen\/produkt\/teetasse-330\/","title":{"rendered":"Keramik Handgemachte Teetasse 330 ml"},"content":{"rendered":"<ul>\n<li>Handgemachte Teetasse 330 ml<\/li>\n<li>Keramik<\/li>\n<li>Schwarz Wei\u00df<\/li>\n<li>\n<div id=\"goodtoknowheader1\" class=\"productsubheadline\" role=\"heading\">Pflegehinweis<\/div>\n<div id=\"careInst\" class=\"texts Wdth\">F\u00fcr Mikrowellenherd geeignet.<br \/>\nSp\u00fclmaschinenfest.<\/div>\n<\/li>\n<li>Breite H\u00f6he <span class=\"tlid-translation translation\" lang=\"de\"><span class=\"\" title=\"\">Kapazit\u00e4t 11,5 cm x 7,8<\/span><\/span> cm, 330 ml<\/li>\n<\/ul>\n","protected":false},"excerpt":{"rendered":"<p>Handgemachte Teetasse 330 ml Keramik Schwarz Wei\u00df Pflegehinweis F\u00fcr Mikrowellenherd geeignet. Sp\u00fclmaschinenfest. Breite H\u00f6he Kapazit\u00e4t 11,5 cm x 7,8 cm, 330 ml<\/p>\n","protected":false},"featured_media":3332,"comment_status":"open","ping_status":"closed","template":"","meta":[],"product_brand":[],"product_cat":[124,105],"product_tag":[113,393,114,112,123,246,330,150,196],"class_list":{"0":"post-3330","1":"product","2":"type-product","3":"status-publish","4":"has-post-thumbnail","6":"product_cat-tee-tasse-becher","7":"product_cat-teezubehoer","8":"product_tag-becher","9":"product_tag-breakfast","10":"product_tag-cup","11":"product_tag-glas-tasse","12":"product_tag-keramik","13":"product_tag-lila","14":"product_tag-schwarz","15":"product_tag-tasse","16":"product_tag-weiss","17":"product_shipping_class-teezubehoer","19":"first","20":"instock","21":"taxable","22":"shipping-taxable","23":"purchasable","24":"product-type-simple"},"_links":{"self":[{"href":"https:\/\/www.teesign77.de\/teeladen\/wp-json\/wp\/v2\/product\/3330","targetHints":{"allow":["GET"]}}],"collection":[{"href":"https:\/\/www.teesign77.de\/teeladen\/wp-json\/wp\/v2\/product"}],"about":[{"href":"https:\/\/www.teesign77.de\/teeladen\/wp-json\/wp\/v2\/types\/product"}],"replies":[{"embeddable":true,"href":"https:\/\/www.teesign77.de\/teeladen\/wp-json\/wp\/v2\/comments?post=3330"}],"wp:featuredmedia":[{"embeddable":true,"href":"https:\/\/www.teesign77.de\/teeladen\/wp-json\/wp\/v2\/media\/3332"}],"wp:attachment":[{"href":"https:\/\/www.teesign77.de\/teeladen\/wp-json\/wp\/v2\/media?parent=3330"}],"wp:term":[{"taxonomy":"product_brand","embeddable":true,"href":"https:\/\/www.teesign77.de\/teeladen\/wp-json\/wp\/v2\/product_brand?post=3330"},{"taxonomy":"product_cat","embeddable":true,"href":"https:\/\/www.teesign77.de\/teeladen\/wp-json\/wp\/v2\/product_cat?post=3330"},{"taxonomy":"product_tag","embeddable":true,"href":"https:\/\/www.teesign77.de\/teeladen\/wp-json\/wp\/v2\/product_tag?post=3330"}],"curies":[{"name":"wp","href":"https:\/\/api.w.org\/{rel}","templated":true}]}}