{"id":3828,"date":"2021-06-24T17:32:47","date_gmt":"2021-06-24T15:32:47","guid":{"rendered":"https:\/\/www.teesign77.de\/teeladen\/?post_type=product&#038;p=3828"},"modified":"2022-01-18T11:13:35","modified_gmt":"2022-01-18T10:13:35","slug":"kaktus-tuschemalerei-print-6","status":"publish","type":"product","link":"https:\/\/www.teesign77.de\/teeladen\/produkt\/kaktus-tuschemalerei-print-6\/","title":{"rendered":"Kaktus Blumen japanische chinesische Tusche Malerei chinese painting Heim Haus B\u00fcro Deko Wand Kunst Printed"},"content":{"rendered":"<p>Bildgr\u00f6\u00dfe: A5, A4&#8230;<br \/>\nTechnik: Tuschemalerei<br \/>\nFarbe: Schwarz, Rot<br \/>\n<span class=\"VIiyi\" lang=\"de\"><span class=\"JLqJ4b ChMk0b\" data-language-for-alternatives=\"de\" data-language-to-translate-into=\"zh-CN\" data-phrase-index=\"0\">Gedruckte Produkte<\/span><\/span><br \/>\nK\u00fcnstler Tailai Zhang<\/p>\n<p>Bilder sind nicht verfilzt und ungerahmt<br \/>\nBilder k\u00f6nnen International versendet werden.<br \/>\nBitte kontaktieren Sie den Shop, wenn Sie irgendwelche Fragen haben!<\/p>\n","protected":false},"excerpt":{"rendered":"<p>Image size: A5, A4 &#8230;<br \/>\nTechnique: ink painting<br \/>\nColor: black red<br \/>\nPrinted products<br \/>\nArtist Tailai Zhang<\/p>\n<p>Pictures are not matted and unframed<br \/>\nPictures can be sent internationally.<br \/>\nPlease contact the shop if you have any questions!<\/p>\n","protected":false},"featured_media":3734,"comment_status":"open","ping_status":"closed","template":"","meta":[],"product_brand":[],"product_cat":[236,82],"product_tag":[151,410,409,165,411,163,323,126,177,84,400,399,187,426],"class_list":{"0":"post-3828","1":"product","2":"type-product","3":"status-publish","4":"has-post-thumbnail","6":"product_cat-blumen-kollecktion","7":"product_cat-malerei","8":"product_tag-blumen","9":"product_tag-cactus","10":"product_tag-flower","11":"product_tag-ink","12":"product_tag-kaktus","13":"product_tag-painting","14":"product_tag-sumie-painting","15":"product_tag-teapot","16":"product_tag-tusche","17":"product_tag-tuschemalerei","18":"product_tag-wall-decoration","19":"product_tag-wanddekoration","20":"product_tag-zeichnung","21":"product_tag-426","23":"first","24":"instock","25":"taxable","26":"shipping-taxable","27":"purchasable","28":"product-type-variable"},"_links":{"self":[{"href":"https:\/\/www.teesign77.de\/teeladen\/wp-json\/wp\/v2\/product\/3828","targetHints":{"allow":["GET"]}}],"collection":[{"href":"https:\/\/www.teesign77.de\/teeladen\/wp-json\/wp\/v2\/product"}],"about":[{"href":"https:\/\/www.teesign77.de\/teeladen\/wp-json\/wp\/v2\/types\/product"}],"replies":[{"embeddable":true,"href":"https:\/\/www.teesign77.de\/teeladen\/wp-json\/wp\/v2\/comments?post=3828"}],"wp:featuredmedia":[{"embeddable":true,"href":"https:\/\/www.teesign77.de\/teeladen\/wp-json\/wp\/v2\/media\/3734"}],"wp:attachment":[{"href":"https:\/\/www.teesign77.de\/teeladen\/wp-json\/wp\/v2\/media?parent=3828"}],"wp:term":[{"taxonomy":"product_brand","embeddable":true,"href":"https:\/\/www.teesign77.de\/teeladen\/wp-json\/wp\/v2\/product_brand?post=3828"},{"taxonomy":"product_cat","embeddable":true,"href":"https:\/\/www.teesign77.de\/teeladen\/wp-json\/wp\/v2\/product_cat?post=3828"},{"taxonomy":"product_tag","embeddable":true,"href":"https:\/\/www.teesign77.de\/teeladen\/wp-json\/wp\/v2\/product_tag?post=3828"}],"curies":[{"name":"wp","href":"https:\/\/api.w.org\/{rel}","templated":true}]}}