{"id":3872,"date":"2021-06-24T18:19:16","date_gmt":"2021-06-24T16:19:16","guid":{"rendered":"https:\/\/www.teesign77.de\/teeladen\/?post_type=product&#038;p=3872"},"modified":"2022-01-19T13:16:35","modified_gmt":"2022-01-19T12:16:35","slug":"lotus-tuschemalerei-print-17","status":"publish","type":"product","link":"https:\/\/www.teesign77.de\/teeladen\/produkt\/lotus-tuschemalerei-print-17\/","title":{"rendered":"Blumen japanische chinesische Tusche Malerei chinese painting Heim Haus B\u00fcro Deko Wand Kunst Printed"},"content":{"rendered":"<p>Bildgr\u00f6\u00dfe: A5, A4&#8230;<br \/>\nTechnik: Tuschemalerei<br \/>\nFarbe: Rot und Gr\u00fcn<br \/>\n<span class=\"VIiyi\" lang=\"de\"><span class=\"JLqJ4b ChMk0b\" data-language-for-alternatives=\"de\" data-language-to-translate-into=\"zh-CN\" data-phrase-index=\"0\">Gedruckte Produkte<\/span><\/span><br \/>\nK\u00fcnstler Tailai Zhang<\/p>\n<p>Bilder sind nicht verfilzt und ungerahmt<br \/>\nBilder k\u00f6nnen International versendet werden.<br \/>\nBitte kontaktieren Sie den Shop, wenn Sie irgendwelche Fragen haben!<\/p>\n","protected":false},"excerpt":{"rendered":"<p>Image size: A5, A4 &#8230;<br \/>\nTechnique: ink painting<br \/>\nColor: green red<br \/>\nPrinted products<br \/>\nArtist Tailai Zhang<\/p>\n<p>Pictures are not matted and unframed<br \/>\nPictures can be sent internationally.<br \/>\nPlease contact the shop if you have any questions!<\/p>\n","protected":false},"featured_media":4614,"comment_status":"open","ping_status":"closed","template":"","meta":[],"product_brand":[],"product_cat":[82,432],"product_tag":[169,165,267,83,163,323,177,84,400,399,187,426],"class_list":{"0":"post-3872","1":"product","2":"type-product","3":"status-publish","4":"has-post-thumbnail","6":"product_cat-malerei","7":"product_cat-print-tuschemalerei","8":"product_tag-bird","9":"product_tag-ink","10":"product_tag-lotos","11":"product_tag-lotus","12":"product_tag-painting","13":"product_tag-sumie-painting","14":"product_tag-tusche","15":"product_tag-tuschemalerei","16":"product_tag-wall-decoration","17":"product_tag-wanddekoration","18":"product_tag-zeichnung","19":"product_tag-426","21":"first","22":"instock","23":"taxable","24":"shipping-taxable","25":"purchasable","26":"product-type-variable"},"_links":{"self":[{"href":"https:\/\/www.teesign77.de\/teeladen\/wp-json\/wp\/v2\/product\/3872","targetHints":{"allow":["GET"]}}],"collection":[{"href":"https:\/\/www.teesign77.de\/teeladen\/wp-json\/wp\/v2\/product"}],"about":[{"href":"https:\/\/www.teesign77.de\/teeladen\/wp-json\/wp\/v2\/types\/product"}],"replies":[{"embeddable":true,"href":"https:\/\/www.teesign77.de\/teeladen\/wp-json\/wp\/v2\/comments?post=3872"}],"wp:featuredmedia":[{"embeddable":true,"href":"https:\/\/www.teesign77.de\/teeladen\/wp-json\/wp\/v2\/media\/4614"}],"wp:attachment":[{"href":"https:\/\/www.teesign77.de\/teeladen\/wp-json\/wp\/v2\/media?parent=3872"}],"wp:term":[{"taxonomy":"product_brand","embeddable":true,"href":"https:\/\/www.teesign77.de\/teeladen\/wp-json\/wp\/v2\/product_brand?post=3872"},{"taxonomy":"product_cat","embeddable":true,"href":"https:\/\/www.teesign77.de\/teeladen\/wp-json\/wp\/v2\/product_cat?post=3872"},{"taxonomy":"product_tag","embeddable":true,"href":"https:\/\/www.teesign77.de\/teeladen\/wp-json\/wp\/v2\/product_tag?post=3872"}],"curies":[{"name":"wp","href":"https:\/\/api.w.org\/{rel}","templated":true}]}}