{"id":3907,"date":"2021-06-24T18:38:20","date_gmt":"2021-06-24T16:38:20","guid":{"rendered":"https:\/\/www.teesign77.de\/teeladen\/?post_type=product&#038;p=3907"},"modified":"2022-01-18T16:10:21","modified_gmt":"2022-01-18T15:10:21","slug":"glyzinien-sumie-print-24","status":"publish","type":"product","link":"https:\/\/www.teesign77.de\/teeladen\/produkt\/glyzinien-sumie-print-24\/","title":{"rendered":"Glyzinien Blumen japanische chinesische Tusche Malerei chinese painting Heim Haus B\u00fcro Deko Wand Kunst Printed"},"content":{"rendered":"<p>Bildgr\u00f6\u00dfe: A5, A4&#8230;<br \/>\nTechnik: Tuschemalerei<br \/>\nFarbe: Schwarz, Blau<br \/>\n<span class=\"VIiyi\" lang=\"de\"><span class=\"JLqJ4b ChMk0b\" data-language-for-alternatives=\"de\" data-language-to-translate-into=\"zh-CN\" data-phrase-index=\"0\">Gedruckte Produkte<\/span><\/span><br \/>\nK\u00fcnstler Tailai Zhang<\/p>\n<p>Bilder sind nicht verfilzt und ungerahmt<br \/>\nBilder k\u00f6nnen International versendet werden.<br \/>\nBitte kontaktieren Sie den Shop, wenn Sie irgendwelche Fragen haben!<\/p>\n","protected":false},"excerpt":{"rendered":"<p>Image size: A5, A4 &#8230;<br \/>\nTechnique: ink painting<br \/>\nColor: black blue<br \/>\nPrinted products<br \/>\nArtist Tailai Zhang<\/p>\n<p>Pictures are not matted and unframed<br \/>\nPictures can be sent internationally.<br \/>\nPlease contact the shop if you have any questions!<\/p>\n","protected":false},"featured_media":3912,"comment_status":"open","ping_status":"closed","template":"","meta":[],"product_brand":[],"product_cat":[82,432],"product_tag":[171,227,165,163,323,177,84,400,399,245,187,426,433],"class_list":{"0":"post-3907","1":"product","2":"type-product","3":"status-publish","4":"has-post-thumbnail","6":"product_cat-malerei","7":"product_cat-print-tuschemalerei","8":"product_tag-blauer-regen","9":"product_tag-glyzinien","10":"product_tag-ink","11":"product_tag-painting","12":"product_tag-sumie-painting","13":"product_tag-tusche","14":"product_tag-tuschemalerei","15":"product_tag-wall-decoration","16":"product_tag-wanddekoration","17":"product_tag-wisteria","18":"product_tag-zeichnung","19":"product_tag-426","20":"product_tag-433","22":"first","23":"instock","24":"taxable","25":"shipping-taxable","26":"purchasable","27":"product-type-variable"},"_links":{"self":[{"href":"https:\/\/www.teesign77.de\/teeladen\/wp-json\/wp\/v2\/product\/3907","targetHints":{"allow":["GET"]}}],"collection":[{"href":"https:\/\/www.teesign77.de\/teeladen\/wp-json\/wp\/v2\/product"}],"about":[{"href":"https:\/\/www.teesign77.de\/teeladen\/wp-json\/wp\/v2\/types\/product"}],"replies":[{"embeddable":true,"href":"https:\/\/www.teesign77.de\/teeladen\/wp-json\/wp\/v2\/comments?post=3907"}],"wp:featuredmedia":[{"embeddable":true,"href":"https:\/\/www.teesign77.de\/teeladen\/wp-json\/wp\/v2\/media\/3912"}],"wp:attachment":[{"href":"https:\/\/www.teesign77.de\/teeladen\/wp-json\/wp\/v2\/media?parent=3907"}],"wp:term":[{"taxonomy":"product_brand","embeddable":true,"href":"https:\/\/www.teesign77.de\/teeladen\/wp-json\/wp\/v2\/product_brand?post=3907"},{"taxonomy":"product_cat","embeddable":true,"href":"https:\/\/www.teesign77.de\/teeladen\/wp-json\/wp\/v2\/product_cat?post=3907"},{"taxonomy":"product_tag","embeddable":true,"href":"https:\/\/www.teesign77.de\/teeladen\/wp-json\/wp\/v2\/product_tag?post=3907"}],"curies":[{"name":"wp","href":"https:\/\/api.w.org\/{rel}","templated":true}]}}