{"id":4278,"date":"2022-01-10T18:03:17","date_gmt":"2022-01-10T17:03:17","guid":{"rendered":"https:\/\/www.teesign77.de\/teeladen\/?post_type=product&#038;p=4278"},"modified":"2022-01-10T18:19:45","modified_gmt":"2022-01-10T17:19:45","slug":"teedose-400ml","status":"publish","type":"product","link":"https:\/\/www.teesign77.de\/teeladen\/produkt\/teedose-400ml\/","title":{"rendered":"Tee Dose offene Porzellan 400 ml Gr\u00fcn"},"content":{"rendered":"<ul>\n<li>Tee Dose<\/li>\n<li>Porzellan<\/li>\n<li><span class=\"tlid-translation translation\" lang=\"de\"><span class=\"\" title=\"\">Gr\u00fcn<\/span><\/span><\/li>\n<li>\n<div id=\"goodtoknowheader1\" class=\"productsubheadline\" role=\"heading\">Pflegehinweis<\/div>\n<div id=\"careInst\" class=\"texts Wdth\">F\u00fcr Mikrowellenherd nicht geeignet.<br \/>\nSp\u00fclmaschinenfest.<\/div>\n<\/li>\n<li>Breite H\u00f6he,\u00a0<span class=\"tlid-translation translation\" lang=\"de\"><span class=\"\" title=\"\">Kapazit\u00e4t, Gewicht 10,60<\/span><\/span> cm x\u00a0 9,60 cm , 400 ml, 275<span class=\"tlid-translation translation\" lang=\"de\"><span class=\"\" title=\"\">\u00a0g<\/span><\/span><\/li>\n<\/ul>\n","protected":false},"excerpt":{"rendered":"<p>Tee Dose Porzellan Gr\u00fcn Pflegehinweis F\u00fcr Mikrowellenherd nicht geeignet. Sp\u00fclmaschinenfest. Breite H\u00f6he,\u00a0Kapazit\u00e4t, Gewicht 10,60 cm x\u00a0 9,60 cm , 400 ml, 275\u00a0g<\/p>\n","protected":false},"featured_media":4283,"comment_status":"open","ping_status":"closed","template":"","meta":[],"product_brand":[],"product_cat":[318,105],"product_tag":[297,147,123,121,149,302],"class_list":{"0":"post-4278","1":"product","2":"type-product","3":"status-publish","4":"has-post-thumbnail","6":"product_cat-teedose","7":"product_cat-teezubehoer","8":"product_tag-dose","9":"product_tag-gruen","10":"product_tag-keramik","11":"product_tag-porzellan","12":"product_tag-tee","13":"product_tag-teedose","14":"product_shipping_class-teezubehoer","16":"first","17":"instock","18":"taxable","19":"shipping-taxable","20":"purchasable","21":"product-type-simple"},"_links":{"self":[{"href":"https:\/\/www.teesign77.de\/teeladen\/wp-json\/wp\/v2\/product\/4278","targetHints":{"allow":["GET"]}}],"collection":[{"href":"https:\/\/www.teesign77.de\/teeladen\/wp-json\/wp\/v2\/product"}],"about":[{"href":"https:\/\/www.teesign77.de\/teeladen\/wp-json\/wp\/v2\/types\/product"}],"replies":[{"embeddable":true,"href":"https:\/\/www.teesign77.de\/teeladen\/wp-json\/wp\/v2\/comments?post=4278"}],"wp:featuredmedia":[{"embeddable":true,"href":"https:\/\/www.teesign77.de\/teeladen\/wp-json\/wp\/v2\/media\/4283"}],"wp:attachment":[{"href":"https:\/\/www.teesign77.de\/teeladen\/wp-json\/wp\/v2\/media?parent=4278"}],"wp:term":[{"taxonomy":"product_brand","embeddable":true,"href":"https:\/\/www.teesign77.de\/teeladen\/wp-json\/wp\/v2\/product_brand?post=4278"},{"taxonomy":"product_cat","embeddable":true,"href":"https:\/\/www.teesign77.de\/teeladen\/wp-json\/wp\/v2\/product_cat?post=4278"},{"taxonomy":"product_tag","embeddable":true,"href":"https:\/\/www.teesign77.de\/teeladen\/wp-json\/wp\/v2\/product_tag?post=4278"}],"curies":[{"name":"wp","href":"https:\/\/api.w.org\/{rel}","templated":true}]}}