{"id":4430,"date":"2022-01-12T18:27:47","date_gmt":"2022-01-12T17:27:47","guid":{"rendered":"https:\/\/www.teesign77.de\/teeladen\/?post_type=product&#038;p=4430"},"modified":"2022-01-12T18:43:33","modified_gmt":"2022-01-12T17:43:33","slug":"felsen-teekanne","status":"publish","type":"product","link":"https:\/\/www.teesign77.de\/teeladen\/produkt\/felsen-teekanne\/","title":{"rendered":"Felsen-Teekanne 1200 ml"},"content":{"rendered":"<ul>\n<li><span class=\"VIiyi\" lang=\"de\"><span class=\"JLqJ4b ChMk0b\" data-language-for-alternatives=\"de\" data-language-to-translate-into=\"zh-CN\" data-phrase-index=\"0\" data-number-of-phrases=\"1\">Felsen-Teekanne<\/span><\/span><\/li>\n<li><span class=\"VIiyi\" lang=\"de\"><span class=\"JLqJ4b ChMk0b\" data-language-for-alternatives=\"de\" data-language-to-translate-into=\"zh-CN\" data-phrase-index=\"0\" data-number-of-phrases=\"1\">Felsen, Ton<\/span><\/span><\/li>\n<li>Metallgriff<\/li>\n<li>Farbe Braun<\/li>\n<li>Hand sp\u00fclen<br \/>\nF\u00fcr Mikrowellenherd nicht geeignet.<\/li>\n<li>Breite H\u00f6he: 16 x 19 cm<\/li>\n<li><span id=\"result_box\" class=\"short_text\" lang=\"de\"><span class=\"\">Kapazit\u00e4t: 1200 ml<\/span><\/span><\/li>\n<li><span id=\"result_box\" class=\"short_text\" lang=\"de\"><span class=\"\">Herkunftsort: China Taiwan\u00a0<\/span><\/span>\n<div id=\"goodtoknowheader1\" class=\"productsubheadline\" role=\"heading\" aria-level=\"3\"><\/div>\n<\/li>\n<\/ul>\n","protected":false},"excerpt":{"rendered":"<p>Felsen-Teekanne Felsen, Ton Metallgriff Farbe Braun Hand sp\u00fclen F\u00fcr Mikrowellenherd nicht geeignet. Breite H\u00f6he: 16 x 19 cm Kapazit\u00e4t: 1200 ml Herkunftsort: China Taiwan\u00a0<\/p>\n","protected":false},"featured_media":4432,"comment_status":"open","ping_status":"closed","template":"","meta":[],"product_brand":[],"product_cat":[125,105],"product_tag":[474,467,126,119,148,468],"class_list":{"0":"post-4430","1":"product","2":"type-product","3":"status-publish","4":"has-post-thumbnail","6":"product_cat-teekanne","7":"product_cat-teezubehoer","8":"product_tag-felsen","9":"product_tag-kanne","10":"product_tag-teapot","11":"product_tag-teekanne","12":"product_tag-teezubehoer","13":"product_tag-ton","14":"product_shipping_class-teezubehoer","16":"first","17":"instock","18":"taxable","19":"shipping-taxable","20":"purchasable","21":"product-type-simple"},"_links":{"self":[{"href":"https:\/\/www.teesign77.de\/teeladen\/wp-json\/wp\/v2\/product\/4430","targetHints":{"allow":["GET"]}}],"collection":[{"href":"https:\/\/www.teesign77.de\/teeladen\/wp-json\/wp\/v2\/product"}],"about":[{"href":"https:\/\/www.teesign77.de\/teeladen\/wp-json\/wp\/v2\/types\/product"}],"replies":[{"embeddable":true,"href":"https:\/\/www.teesign77.de\/teeladen\/wp-json\/wp\/v2\/comments?post=4430"}],"wp:featuredmedia":[{"embeddable":true,"href":"https:\/\/www.teesign77.de\/teeladen\/wp-json\/wp\/v2\/media\/4432"}],"wp:attachment":[{"href":"https:\/\/www.teesign77.de\/teeladen\/wp-json\/wp\/v2\/media?parent=4430"}],"wp:term":[{"taxonomy":"product_brand","embeddable":true,"href":"https:\/\/www.teesign77.de\/teeladen\/wp-json\/wp\/v2\/product_brand?post=4430"},{"taxonomy":"product_cat","embeddable":true,"href":"https:\/\/www.teesign77.de\/teeladen\/wp-json\/wp\/v2\/product_cat?post=4430"},{"taxonomy":"product_tag","embeddable":true,"href":"https:\/\/www.teesign77.de\/teeladen\/wp-json\/wp\/v2\/product_tag?post=4430"}],"curies":[{"name":"wp","href":"https:\/\/api.w.org\/{rel}","templated":true}]}}