{"id":4435,"date":"2022-01-12T19:20:29","date_gmt":"2022-01-12T18:20:29","guid":{"rendered":"https:\/\/www.teesign77.de\/teeladen\/?post_type=product&#038;p=4435"},"modified":"2022-01-12T21:27:27","modified_gmt":"2022-01-12T20:27:27","slug":"teekanne-1400ml","status":"publish","type":"product","link":"https:\/\/www.teesign77.de\/teeladen\/produkt\/teekanne-1400ml\/","title":{"rendered":"Gro\u00dfe Vintage Teekanne aus Eisenglasur 1400 ml"},"content":{"rendered":"<ul>\n<li>Gro\u00dfe Vintage Teekanne aus Eisenglasur<\/li>\n<li><span class=\"tlid-translation translation\" lang=\"de\"><span class=\"\" title=\"\">Intern Metall <\/span><\/span>Teesieb<\/li>\n<li>Ton<\/li>\n<li>Hanfseil-Bindungsgriff, Metallgriff<\/li>\n<li>Farbe Braun<\/li>\n<li>F\u00fcr Mikrowellenherd nicht geeignet<\/li>\n<li>Handw\u00e4sche<\/li>\n<li>Teekanne Breite H\u00f6he\u00a0 18 cm, 24 cm, 1400 ml<\/li>\n<li><span id=\"result_box\" class=\"short_text\" lang=\"de\"><span class=\"\">Herkunftsort: China<\/span><\/span><\/li>\n<\/ul>\n","protected":false},"excerpt":{"rendered":"<p>Gro\u00dfe Vintage Teekanne aus Eisenglasur Intern Metall Teesieb Ton Hanfseil-Bindungsgriff, Metallgriff Farbe Braun F\u00fcr Mikrowellenherd nicht geeignet Handw\u00e4sche Teekanne Breite H\u00f6he\u00a0 18 cm, 24 cm, 1400 ml Herkunftsort: China<\/p>\n","protected":false},"featured_media":4436,"comment_status":"open","ping_status":"closed","template":"","meta":[],"product_brand":[],"product_cat":[125,105],"product_tag":[473,467,126,119,148,468],"class_list":{"0":"post-4435","1":"product","2":"type-product","3":"status-publish","4":"has-post-thumbnail","6":"product_cat-teekanne","7":"product_cat-teezubehoer","8":"product_tag-gusseisen","9":"product_tag-kanne","10":"product_tag-teapot","11":"product_tag-teekanne","12":"product_tag-teezubehoer","13":"product_tag-ton","14":"product_shipping_class-teezubehoer","16":"first","17":"instock","18":"taxable","19":"shipping-taxable","20":"purchasable","21":"product-type-simple"},"_links":{"self":[{"href":"https:\/\/www.teesign77.de\/teeladen\/wp-json\/wp\/v2\/product\/4435","targetHints":{"allow":["GET"]}}],"collection":[{"href":"https:\/\/www.teesign77.de\/teeladen\/wp-json\/wp\/v2\/product"}],"about":[{"href":"https:\/\/www.teesign77.de\/teeladen\/wp-json\/wp\/v2\/types\/product"}],"replies":[{"embeddable":true,"href":"https:\/\/www.teesign77.de\/teeladen\/wp-json\/wp\/v2\/comments?post=4435"}],"wp:featuredmedia":[{"embeddable":true,"href":"https:\/\/www.teesign77.de\/teeladen\/wp-json\/wp\/v2\/media\/4436"}],"wp:attachment":[{"href":"https:\/\/www.teesign77.de\/teeladen\/wp-json\/wp\/v2\/media?parent=4435"}],"wp:term":[{"taxonomy":"product_brand","embeddable":true,"href":"https:\/\/www.teesign77.de\/teeladen\/wp-json\/wp\/v2\/product_brand?post=4435"},{"taxonomy":"product_cat","embeddable":true,"href":"https:\/\/www.teesign77.de\/teeladen\/wp-json\/wp\/v2\/product_cat?post=4435"},{"taxonomy":"product_tag","embeddable":true,"href":"https:\/\/www.teesign77.de\/teeladen\/wp-json\/wp\/v2\/product_tag?post=4435"}],"curies":[{"name":"wp","href":"https:\/\/api.w.org\/{rel}","templated":true}]}}