{"id":4624,"date":"2022-01-13T17:16:03","date_gmt":"2022-01-13T16:16:03","guid":{"rendered":"https:\/\/www.teesign77.de\/teeladen\/?post_type=product&#038;p=4624"},"modified":"2022-01-18T16:07:30","modified_gmt":"2022-01-18T15:07:30","slug":"granatapfel-japanische-chinesische-tusche-malerei-chinese-painting-heim-haus-buero-deko-wand-kunst-printed-kopie","status":"publish","type":"product","link":"https:\/\/www.teesign77.de\/teeladen\/produkt\/granatapfel-japanische-chinesische-tusche-malerei-chinese-painting-heim-haus-buero-deko-wand-kunst-printed-kopie\/","title":{"rendered":"Granatapfel japanische chinesische Tusche Malerei chinese painting Heim Haus B\u00fcro Deko Wand Kunst Printed"},"content":{"rendered":"<p>Bildgr\u00f6\u00dfe: A5, A4&#8230;<br \/>\nTechnik: Tuschemalerei<br \/>\nFarbe: Gr\u00fcn Rot<br \/>\n<span class=\"VIiyi\" lang=\"de\"><span class=\"JLqJ4b ChMk0b\" data-language-for-alternatives=\"de\" data-language-to-translate-into=\"zh-CN\" data-phrase-index=\"0\">Gedruckte Produkte<\/span><\/span><br \/>\nK\u00fcnstler Tailai Zhang<\/p>\n<p>Bilder sind nicht verfilzt und ungerahmt<br \/>\nBilder k\u00f6nnen International versendet werden.<br \/>\nBitte kontaktieren Sie den Shop, wenn Sie irgendwelche Fragen haben!<\/p>\n","protected":false},"excerpt":{"rendered":"<p>Image size: A5, A4 &#8230;<br \/>\nTechnique: ink painting<br \/>\nColor: green red<br \/>\nPrinted products<br \/>\nArtist Tailai Zhang<\/p>\n<p>Pictures are not matted and unframed<br \/>\nPictures can be sent internationally.<br \/>\nPlease contact the shop if you have any questions!<\/p>\n","protected":false},"featured_media":4633,"comment_status":"open","ping_status":"closed","template":"","meta":[],"product_brand":[],"product_cat":[82,432],"product_tag":[443,165,163,444,323,177,84,400,399,187,426,442],"class_list":{"0":"post-4624","1":"product","2":"type-product","3":"status-publish","4":"has-post-thumbnail","6":"product_cat-malerei","7":"product_cat-print-tuschemalerei","8":"product_tag-granatapfel","9":"product_tag-ink","10":"product_tag-painting","11":"product_tag-pomegranate","12":"product_tag-sumie-painting","13":"product_tag-tusche","14":"product_tag-tuschemalerei","15":"product_tag-wall-decoration","16":"product_tag-wanddekoration","17":"product_tag-zeichnung","18":"product_tag-426","19":"product_tag-442","21":"first","22":"instock","23":"taxable","24":"shipping-taxable","25":"purchasable","26":"product-type-variable"},"_links":{"self":[{"href":"https:\/\/www.teesign77.de\/teeladen\/wp-json\/wp\/v2\/product\/4624","targetHints":{"allow":["GET"]}}],"collection":[{"href":"https:\/\/www.teesign77.de\/teeladen\/wp-json\/wp\/v2\/product"}],"about":[{"href":"https:\/\/www.teesign77.de\/teeladen\/wp-json\/wp\/v2\/types\/product"}],"replies":[{"embeddable":true,"href":"https:\/\/www.teesign77.de\/teeladen\/wp-json\/wp\/v2\/comments?post=4624"}],"wp:featuredmedia":[{"embeddable":true,"href":"https:\/\/www.teesign77.de\/teeladen\/wp-json\/wp\/v2\/media\/4633"}],"wp:attachment":[{"href":"https:\/\/www.teesign77.de\/teeladen\/wp-json\/wp\/v2\/media?parent=4624"}],"wp:term":[{"taxonomy":"product_brand","embeddable":true,"href":"https:\/\/www.teesign77.de\/teeladen\/wp-json\/wp\/v2\/product_brand?post=4624"},{"taxonomy":"product_cat","embeddable":true,"href":"https:\/\/www.teesign77.de\/teeladen\/wp-json\/wp\/v2\/product_cat?post=4624"},{"taxonomy":"product_tag","embeddable":true,"href":"https:\/\/www.teesign77.de\/teeladen\/wp-json\/wp\/v2\/product_tag?post=4624"}],"curies":[{"name":"wp","href":"https:\/\/api.w.org\/{rel}","templated":true}]}}