{"id":570,"date":"2018-08-12T15:34:26","date_gmt":"2018-08-12T13:34:26","guid":{"rendered":"http:\/\/teesign77.de\/teeladen\/?post_type=product&#038;p=570"},"modified":"2024-11-30T18:03:15","modified_gmt":"2024-11-30T17:03:15","slug":"tee-set-2","status":"publish","type":"product","link":"https:\/\/www.teesign77.de\/teeladen\/produkt\/tee-set-2\/","title":{"rendered":"Tee-Set Snowflake glaze 1 Teekanne 2 Tassen"},"content":{"rendered":"<div id=\"cbftssection\" class=\"productInformation prodInfoSub keyFeaturesMargin\">\n<div id=\"custBenefit\" class=\"texts keyFeaturesmargin\">\n<ul>\n<li>Keramik,\u00a0Snowflake glaze<\/li>\n<li>Farbe: Schwarz, Weiss, Brau, Rot<\/li>\n<li>Eine Teekanne, zwei Tassen (3-tlg)<\/li>\n<li>\n<div id=\"goodtoknowheader1\" class=\"productsubheadline\" role=\"heading\">Pflegehinweis<\/div>\n<div id=\"careInst\" class=\"texts Wdth\">Der Beh\u00e4lter ist sp\u00fclmaschinenfest.<\/div>\n<p>F\u00fcr Mikrowellenherd geeignet.<\/p>\n<div id=\"careInst\" class=\"texts Wdth\"><\/div>\n<p>Hand sp\u00fclen.<\/li>\n<li>Breite, H\u00f6he, <span id=\"result_box\" class=\"short_text\" lang=\"de\">Kapazit\u00e4t:<\/span><\/li>\n<li>Teekanne 18.5 x 11.5 cm 650 ml<\/li>\n<li>Tasse 7.5 x 7 cm 150 ml<\/li>\n<li><span id=\"result_box\" class=\"short_text\" lang=\"de\"><span class=\"\">Herkunftsort: Japan<\/span><\/span><\/li>\n<\/ul>\n<\/div>\n<\/div>\n","protected":false},"excerpt":{"rendered":"<p>Keramik,\u00a0Snowflake glaze Farbe: Schwarz, Weiss, Brau, Rot Eine Teekanne, zwei Tassen (3-tlg) Pflegehinweis Der Beh\u00e4lter ist sp\u00fclmaschinenfest. F\u00fcr Mikrowellenherd geeignet. Hand sp\u00fclen. Breite, H\u00f6he, Kapazit\u00e4t: Teekanne 18.5 x 11.5 cm 650 ml Tasse 7.5 x 7 cm 150 ml Herkunftsort: Japan<\/p>\n","protected":false},"featured_media":573,"comment_status":"open","ping_status":"closed","template":"","meta":[],"product_brand":[],"product_cat":[143,125,105],"product_tag":[145,121,146,115,116,120,119,144],"class_list":{"0":"post-570","1":"product","2":"type-product","3":"status-publish","4":"has-post-thumbnail","6":"product_cat-tee-set","7":"product_cat-teekanne","8":"product_cat-teezubehoer","9":"product_tag-kaennchen","10":"product_tag-porzellan","11":"product_tag-snow","12":"product_tag-tee-becher","13":"product_tag-tee-tasse","14":"product_tag-tee-set","15":"product_tag-teekanne","16":"product_tag-teesieb","17":"product_shipping_class-teezubehoer","19":"first","20":"instock","21":"taxable","22":"shipping-taxable","23":"purchasable","24":"product-type-simple"},"_links":{"self":[{"href":"https:\/\/www.teesign77.de\/teeladen\/wp-json\/wp\/v2\/product\/570","targetHints":{"allow":["GET"]}}],"collection":[{"href":"https:\/\/www.teesign77.de\/teeladen\/wp-json\/wp\/v2\/product"}],"about":[{"href":"https:\/\/www.teesign77.de\/teeladen\/wp-json\/wp\/v2\/types\/product"}],"replies":[{"embeddable":true,"href":"https:\/\/www.teesign77.de\/teeladen\/wp-json\/wp\/v2\/comments?post=570"}],"wp:featuredmedia":[{"embeddable":true,"href":"https:\/\/www.teesign77.de\/teeladen\/wp-json\/wp\/v2\/media\/573"}],"wp:attachment":[{"href":"https:\/\/www.teesign77.de\/teeladen\/wp-json\/wp\/v2\/media?parent=570"}],"wp:term":[{"taxonomy":"product_brand","embeddable":true,"href":"https:\/\/www.teesign77.de\/teeladen\/wp-json\/wp\/v2\/product_brand?post=570"},{"taxonomy":"product_cat","embeddable":true,"href":"https:\/\/www.teesign77.de\/teeladen\/wp-json\/wp\/v2\/product_cat?post=570"},{"taxonomy":"product_tag","embeddable":true,"href":"https:\/\/www.teesign77.de\/teeladen\/wp-json\/wp\/v2\/product_tag?post=570"}],"curies":[{"name":"wp","href":"https:\/\/api.w.org\/{rel}","templated":true}]}}