{"id":6185,"date":"2022-02-15T17:10:44","date_gmt":"2022-02-15T16:10:44","guid":{"rendered":"https:\/\/www.teesign77.de\/teeladen\/?post_type=product&#038;p=6185"},"modified":"2022-02-15T20:48:30","modified_gmt":"2022-02-15T19:48:30","slug":"jasmine-perle-gruentee","status":"publish","type":"product","link":"https:\/\/www.teesign77.de\/teeladen\/produkt\/jasmine-perle-gruentee\/","title":{"rendered":"Jasmin Perlen Gr\u00fcner Jasmine Tee 50-100 g"},"content":{"rendered":"<div style=\"color: #992200;\">\n<h1>Jasmin Perlen<\/h1>\n<p>Olivgr\u00fcn, mittel, klein und kugelig eng gedreht, tippig hellgelb, klar Jasmin, mild, s\u00fc\u00dflich, blumig<\/p>\n<p>&nbsp;<\/p>\n<p>Teeart: Gr\u00fcner Tee, Jasmine Tee<\/p>\n<p><a href=\"..\/..\/..\/..\/tee-plantagen.php\">Herkunft: China Region Guangxi<\/a><\/p>\n<p>Zutaten: gr\u00fcner tee*, Jasminbl\u00fcten*, Aroma von Jasminbl\u00fcten<\/p>\n<p>Zubereitung: Gie\u00dfen Sie 3 g mit ca.250 ml 100\u00b0C hei\u00dfem Wasser auf und<br \/>\nlassen Sie den Tee 3-5 min. ziehen.<\/p>\n<p>Jasmintee ist ein durch Vermischung mit Jasminbl\u00fcten\u00a0aromatisierter Tee.<\/p>\n<p>Die Urspr\u00fcnge des Jasmintees liegen in der chinesischen Dynastie (960\u20131279). Die Vermengung mit Bl\u00fcten wurde zun\u00e4chst eingesetzt, um weniger hochwertige Teesorten aufzuwerten. Heute gilt Jasmintee als besonders feine Teemischung, die allerdings in zahlreichen Qualit\u00e4tsstufen angeboten wird. G\u00fctefaktoren sind neben der Auswahl der Bl\u00fcten die Anzahl der Vermischungen, der sogenannten \u201eHochzeiten\u201c jeweils frischer Bl\u00fcten mit dem Gr\u00fcntee.<\/p>\n<p>Als Basis f\u00fcr die Herstellung wird ein Gr\u00fcntee oder halbfermentierter Tee verwendet. In diesen wird, je nach Herstellungsverfahren, durch Vermischung mit den Bl\u00fcten oder Bedampfen \u00fcber einem Bl\u00fctenbad das Aroma der Jasminbl\u00fcten eingebracht. Bei hochwertigen Tees werden die Bl\u00fcten anschlie\u00dfend per Hand wieder aussortiert.<\/p>\n<\/div>\n","protected":false},"excerpt":{"rendered":"<p>Jasmin Perlen Olivgr\u00fcn, mittel, klein und kugelig eng gedreht, tippig hellgelb, klar Jasmin, mild, s\u00fc\u00dflich, blumig &nbsp; Teeart: Gr\u00fcner Tee, Jasmine Tee Herkunft: China Region Guangxi Zutaten: gr\u00fcner tee*, Jasminbl\u00fcten*, Aroma von Jasminbl\u00fcten Zubereitung: Gie\u00dfen Sie 3 g mit ca.250 ml 100\u00b0C hei\u00dfem Wasser auf und lassen Sie den Tee 3-5 min. ziehen. Jasmintee ist [&hellip;]<\/p>\n","protected":false},"featured_media":6265,"comment_status":"open","ping_status":"closed","template":"","meta":[],"product_brand":[],"product_cat":[36,32,391],"product_tag":[56,491,57,492],"class_list":{"0":"post-6185","1":"product","2":"type-product","3":"status-publish","4":"has-post-thumbnail","6":"product_cat-jasmine-tee","7":"product_cat-gruen-tee","8":"product_cat-neuer-tee","9":"product_tag-gruener-tee","10":"product_tag-jasmin-perlen","11":"product_tag-jasmine-tee","12":"product_tag-jasmintee","13":"product_shipping_class-teezubehoer","15":"first","16":"instock","17":"taxable","18":"shipping-taxable","19":"purchasable","20":"product-type-variable","21":"has-default-attributes"},"_links":{"self":[{"href":"https:\/\/www.teesign77.de\/teeladen\/wp-json\/wp\/v2\/product\/6185","targetHints":{"allow":["GET"]}}],"collection":[{"href":"https:\/\/www.teesign77.de\/teeladen\/wp-json\/wp\/v2\/product"}],"about":[{"href":"https:\/\/www.teesign77.de\/teeladen\/wp-json\/wp\/v2\/types\/product"}],"replies":[{"embeddable":true,"href":"https:\/\/www.teesign77.de\/teeladen\/wp-json\/wp\/v2\/comments?post=6185"}],"wp:featuredmedia":[{"embeddable":true,"href":"https:\/\/www.teesign77.de\/teeladen\/wp-json\/wp\/v2\/media\/6265"}],"wp:attachment":[{"href":"https:\/\/www.teesign77.de\/teeladen\/wp-json\/wp\/v2\/media?parent=6185"}],"wp:term":[{"taxonomy":"product_brand","embeddable":true,"href":"https:\/\/www.teesign77.de\/teeladen\/wp-json\/wp\/v2\/product_brand?post=6185"},{"taxonomy":"product_cat","embeddable":true,"href":"https:\/\/www.teesign77.de\/teeladen\/wp-json\/wp\/v2\/product_cat?post=6185"},{"taxonomy":"product_tag","embeddable":true,"href":"https:\/\/www.teesign77.de\/teeladen\/wp-json\/wp\/v2\/product_tag?post=6185"}],"curies":[{"name":"wp","href":"https:\/\/api.w.org\/{rel}","templated":true}]}}